{"id":2542,"date":"2021-01-18T13:11:51","date_gmt":"2021-01-18T12:11:51","guid":{"rendered":"https:\/\/www.atelierhm.cz\/?page_id=2542"},"modified":"2021-01-23T12:15:54","modified_gmt":"2021-01-23T11:15:54","slug":"objimka-esa","status":"publish","type":"page","link":"https:\/\/www.atelierhm.cz\/en\/vyroba\/objimka-esa\/","title":{"rendered":"Neck sleeve"},"content":{"rendered":"<div data-elementor-type=\"wp-page\" data-elementor-id=\"2542\" class=\"elementor elementor-2542\" data-elementor-post-type=\"page\">\n\t\t\t\t\t\t<section class=\"elementor-section elementor-top-section elementor-element elementor-element-b50a60c elementor-section-boxed elementor-section-height-default elementor-section-height-default\" data-id=\"b50a60c\" data-element_type=\"section\" data-e-type=\"section\">\n\t\t\t\t\t\t<div class=\"elementor-container elementor-column-gap-default\">\n\t\t\t\t\t<div class=\"elementor-column elementor-col-100 elementor-top-column elementor-element elementor-element-23d4e45\" data-id=\"23d4e45\" data-element_type=\"column\" data-e-type=\"column\">\n\t\t\t<div class=\"elementor-widget-wrap elementor-element-populated\">\n\t\t\t\t\t\t<div class=\"elementor-element elementor-element-e30f9a8 elementor-widget elementor-widget-breadcrumbs\" data-id=\"e30f9a8\" data-element_type=\"widget\" data-e-type=\"widget\" data-widget_type=\"breadcrumbs.default\">\n\t\t\t\t<div class=\"elementor-widget-container\">\n\t\t\t\t\t<p id=\"breadcrumbs\"><span><span><a href=\"https:\/\/www.atelierhm.cz\/en\/\">Atelier H&amp;M<\/a><\/span><\/span><\/p>\t\t\t\t<\/div>\n\t\t\t\t<\/div>\n\t\t\t\t<div class=\"elementor-element elementor-element-3f799f5 elementor-widget elementor-widget-heading\" data-id=\"3f799f5\" data-element_type=\"widget\" data-e-type=\"widget\" data-widget_type=\"heading.default\">\n\t\t\t\t<div class=\"elementor-widget-container\">\n\t\t\t\t\t<h1 class=\"elementor-heading-title elementor-size-default\">Neck sleeve<\/h1>\t\t\t\t<\/div>\n\t\t\t\t<\/div>\n\t\t\t\t\t<\/div>\n\t\t<\/div>\n\t\t\t\t\t<\/div>\n\t\t<\/section>\n\t\t\t\t<section class=\"elementor-section elementor-top-section elementor-element elementor-element-faddefd elementor-section-boxed elementor-section-height-default elementor-section-height-default\" data-id=\"faddefd\" data-element_type=\"section\" data-e-type=\"section\">\n\t\t\t\t\t\t<div class=\"elementor-container elementor-column-gap-default\">\n\t\t\t\t\t<div class=\"elementor-column elementor-col-100 elementor-top-column elementor-element elementor-element-eeb7191\" data-id=\"eeb7191\" data-element_type=\"column\" data-e-type=\"column\">\n\t\t\t<div class=\"elementor-widget-wrap elementor-element-populated\">\n\t\t\t\t\t\t<div class=\"elementor-element elementor-element-9d88df1 elementor-widget elementor-widget-text-editor\" data-id=\"9d88df1\" data-element_type=\"widget\" data-e-type=\"widget\" data-widget_type=\"text-editor.default\">\n\t\t\t\t<div class=\"elementor-widget-container\">\n\t\t\t\t\t\t\t\t\t<p>An integral and absolutely essential part of the saxophone is the sleeve and the tenon. Through this connection, vibrations are transmitted from the mouth through the neck to the saxophone. With virtually every old instrument, this part is deformed in some way or simply leaking. In this case, it is the same as if the octave key does not seal. The instrument seems to play, but much worse. It should be mentioned that in many saxophones, especially the American Conn, Holton,\u2026, but also the French SML, the tenon are conical from the inside, which from a practical point of view makes it impossible to expand the pin and fit it with the sleeve. Another case is that the wall of the tenon is so thick that it cannot be spread evenly, for example with AMATI saxophones. In these cases, nothing remains but to produce both new components. In cooperation with the company ReKov.cz, I can offer the assembly of both parts accurate to 0.001 mm thanks to CNC machining. In the final form, just lightly tighten the screw and the instrument is ready to play.<\/p>\t\t\t\t\t\t\t\t<\/div>\n\t\t\t\t<\/div>\n\t\t\t\t<div class=\"elementor-element elementor-element-7a0fe91 elementor-widget elementor-widget-gallery\" data-id=\"7a0fe91\" data-element_type=\"widget\" data-e-type=\"widget\" data-settings=\"{&quot;gallery_layout&quot;:&quot;grid&quot;,&quot;columns&quot;:4,&quot;columns_tablet&quot;:2,&quot;columns_mobile&quot;:1,&quot;gap&quot;:{&quot;unit&quot;:&quot;px&quot;,&quot;size&quot;:10,&quot;sizes&quot;:[]},&quot;gap_tablet&quot;:{&quot;unit&quot;:&quot;px&quot;,&quot;size&quot;:10,&quot;sizes&quot;:[]},&quot;gap_mobile&quot;:{&quot;unit&quot;:&quot;px&quot;,&quot;size&quot;:10,&quot;sizes&quot;:[]},&quot;link_to&quot;:&quot;file&quot;,&quot;aspect_ratio&quot;:&quot;3:2&quot;,&quot;overlay_background&quot;:&quot;yes&quot;,&quot;content_hover_animation&quot;:&quot;fade-in&quot;}\" data-widget_type=\"gallery.default\">\n\t\t\t\t<div class=\"elementor-widget-container\">\n\t\t\t\t\t\t\t<div class=\"elementor-gallery__container\">\n\t\t\t\t\t\t\t<a class=\"e-gallery-item elementor-gallery-item elementor-animated-content\" href=\"https:\/\/www.atelierhm.cz\/wp-content\/uploads\/2021\/01\/IMG_0848.jpg\" data-elementor-open-lightbox=\"yes\" data-elementor-lightbox-slideshow=\"7a0fe91\" data-elementor-lightbox-title=\"IMG_0848\" data-e-action-hash=\"#elementor-action%3Aaction%3Dlightbox%26settings%3DeyJpZCI6MjU3MSwidXJsIjoiaHR0cHM6XC9cL3d3dy5hdGVsaWVyaG0uY3pcL3dwLWNvbnRlbnRcL3VwbG9hZHNcLzIwMjFcLzAxXC9JTUdfMDg0OC5qcGciLCJzbGlkZXNob3ciOiI3YTBmZTkxIn0%3D\">\n\t\t\t\t\t<div class=\"e-gallery-image elementor-gallery-item__image\" data-thumbnail=\"https:\/\/www.atelierhm.cz\/wp-content\/uploads\/2021\/01\/IMG_0848-225x300.jpg\" data-width=\"225\" data-height=\"300\" aria-label=\"\" role=\"img\" ><\/div>\n\t\t\t\t\t\t\t\t\t\t\t<div class=\"elementor-gallery-item__overlay\"><\/div>\n\t\t\t\t\t\t\t\t\t\t\t\t\t\t<\/a>\n\t\t\t\t\t\t\t<a class=\"e-gallery-item elementor-gallery-item elementor-animated-content\" href=\"https:\/\/www.atelierhm.cz\/wp-content\/uploads\/2021\/01\/IMG_1820.jpg\" data-elementor-open-lightbox=\"yes\" data-elementor-lightbox-slideshow=\"7a0fe91\" data-elementor-lightbox-title=\"IMG_1820\" data-e-action-hash=\"#elementor-action%3Aaction%3Dlightbox%26settings%3DeyJpZCI6MjU3MCwidXJsIjoiaHR0cHM6XC9cL3d3dy5hdGVsaWVyaG0uY3pcL3dwLWNvbnRlbnRcL3VwbG9hZHNcLzIwMjFcLzAxXC9JTUdfMTgyMC5qcGciLCJzbGlkZXNob3ciOiI3YTBmZTkxIn0%3D\">\n\t\t\t\t\t<div class=\"e-gallery-image elementor-gallery-item__image\" data-thumbnail=\"https:\/\/www.atelierhm.cz\/wp-content\/uploads\/2021\/01\/IMG_1820-225x300.jpg\" data-width=\"225\" data-height=\"300\" aria-label=\"\" role=\"img\" ><\/div>\n\t\t\t\t\t\t\t\t\t\t\t<div class=\"elementor-gallery-item__overlay\"><\/div>\n\t\t\t\t\t\t\t\t\t\t\t\t\t\t<\/a>\n\t\t\t\t\t\t\t<a class=\"e-gallery-item elementor-gallery-item elementor-animated-content\" href=\"https:\/\/www.atelierhm.cz\/wp-content\/uploads\/2021\/01\/IMG_0854.jpg\" data-elementor-open-lightbox=\"yes\" data-elementor-lightbox-slideshow=\"7a0fe91\" data-elementor-lightbox-title=\"IMG_0854\" data-e-action-hash=\"#elementor-action%3Aaction%3Dlightbox%26settings%3DeyJpZCI6MjU3MiwidXJsIjoiaHR0cHM6XC9cL3d3dy5hdGVsaWVyaG0uY3pcL3dwLWNvbnRlbnRcL3VwbG9hZHNcLzIwMjFcLzAxXC9JTUdfMDg1NC5qcGciLCJzbGlkZXNob3ciOiI3YTBmZTkxIn0%3D\">\n\t\t\t\t\t<div class=\"e-gallery-image elementor-gallery-item__image\" data-thumbnail=\"https:\/\/www.atelierhm.cz\/wp-content\/uploads\/2021\/01\/IMG_0854-300x225.jpg\" data-width=\"300\" data-height=\"225\" aria-label=\"\" role=\"img\" ><\/div>\n\t\t\t\t\t\t\t\t\t\t\t<div class=\"elementor-gallery-item__overlay\"><\/div>\n\t\t\t\t\t\t\t\t\t\t\t\t\t\t<\/a>\n\t\t\t\t\t\t\t<a class=\"e-gallery-item elementor-gallery-item elementor-animated-content\" href=\"https:\/\/www.atelierhm.cz\/wp-content\/uploads\/2021\/01\/9EF320CF-689C-497B-B25A-D748972935CF.jpg\" data-elementor-open-lightbox=\"yes\" data-elementor-lightbox-slideshow=\"7a0fe91\" data-elementor-lightbox-title=\"9EF320CF-689C-497B-B25A-D748972935CF\" data-e-action-hash=\"#elementor-action%3Aaction%3Dlightbox%26settings%3DeyJpZCI6MjU3NywidXJsIjoiaHR0cHM6XC9cL3d3dy5hdGVsaWVyaG0uY3pcL3dwLWNvbnRlbnRcL3VwbG9hZHNcLzIwMjFcLzAxXC85RUYzMjBDRi02ODlDLTQ5N0ItQjI1QS1ENzQ4OTcyOTM1Q0YuanBnIiwic2xpZGVzaG93IjoiN2EwZmU5MSJ9\">\n\t\t\t\t\t<div class=\"e-gallery-image elementor-gallery-item__image\" data-thumbnail=\"https:\/\/www.atelierhm.cz\/wp-content\/uploads\/2021\/01\/9EF320CF-689C-497B-B25A-D748972935CF-300x169.jpg\" data-width=\"300\" data-height=\"169\" aria-label=\"\" role=\"img\" ><\/div>\n\t\t\t\t\t\t\t\t\t\t\t<div class=\"elementor-gallery-item__overlay\"><\/div>\n\t\t\t\t\t\t\t\t\t\t\t\t\t\t<\/a>\n\t\t\t\t\t\t\t<a class=\"e-gallery-item elementor-gallery-item elementor-animated-content\" href=\"https:\/\/www.atelierhm.cz\/wp-content\/uploads\/2021\/01\/IMG_1483-scaled.jpg\" data-elementor-open-lightbox=\"yes\" data-elementor-lightbox-slideshow=\"7a0fe91\" data-elementor-lightbox-title=\"IMG_1483\" data-e-action-hash=\"#elementor-action%3Aaction%3Dlightbox%26settings%3DeyJpZCI6MjU3NSwidXJsIjoiaHR0cHM6XC9cL3d3dy5hdGVsaWVyaG0uY3pcL3dwLWNvbnRlbnRcL3VwbG9hZHNcLzIwMjFcLzAxXC9JTUdfMTQ4My1zY2FsZWQuanBnIiwic2xpZGVzaG93IjoiN2EwZmU5MSJ9\">\n\t\t\t\t\t<div class=\"e-gallery-image elementor-gallery-item__image\" data-thumbnail=\"https:\/\/www.atelierhm.cz\/wp-content\/uploads\/2021\/01\/IMG_1483-300x225.jpg\" data-width=\"300\" data-height=\"225\" aria-label=\"\" role=\"img\" ><\/div>\n\t\t\t\t\t\t\t\t\t\t\t<div class=\"elementor-gallery-item__overlay\"><\/div>\n\t\t\t\t\t\t\t\t\t\t\t\t\t\t<\/a>\n\t\t\t\t\t\t\t<a class=\"e-gallery-item elementor-gallery-item elementor-animated-content\" href=\"https:\/\/www.atelierhm.cz\/wp-content\/uploads\/2021\/01\/IMG_0939.jpg\" data-elementor-open-lightbox=\"yes\" data-elementor-lightbox-slideshow=\"7a0fe91\" data-elementor-lightbox-title=\"IMG_0939\" data-e-action-hash=\"#elementor-action%3Aaction%3Dlightbox%26settings%3DeyJpZCI6MjU3NCwidXJsIjoiaHR0cHM6XC9cL3d3dy5hdGVsaWVyaG0uY3pcL3dwLWNvbnRlbnRcL3VwbG9hZHNcLzIwMjFcLzAxXC9JTUdfMDkzOS5qcGciLCJzbGlkZXNob3ciOiI3YTBmZTkxIn0%3D\">\n\t\t\t\t\t<div class=\"e-gallery-image elementor-gallery-item__image\" data-thumbnail=\"https:\/\/www.atelierhm.cz\/wp-content\/uploads\/2021\/01\/IMG_0939-300x225.jpg\" data-width=\"300\" data-height=\"225\" aria-label=\"\" role=\"img\" ><\/div>\n\t\t\t\t\t\t\t\t\t\t\t<div class=\"elementor-gallery-item__overlay\"><\/div>\n\t\t\t\t\t\t\t\t\t\t\t\t\t\t<\/a>\n\t\t\t\t\t\t\t<a class=\"e-gallery-item elementor-gallery-item elementor-animated-content\" href=\"https:\/\/www.atelierhm.cz\/wp-content\/uploads\/2021\/01\/IMG_0937.jpg\" data-elementor-open-lightbox=\"yes\" data-elementor-lightbox-slideshow=\"7a0fe91\" data-elementor-lightbox-title=\"IMG_0937\" data-e-action-hash=\"#elementor-action%3Aaction%3Dlightbox%26settings%3DeyJpZCI6MjU3MywidXJsIjoiaHR0cHM6XC9cL3d3dy5hdGVsaWVyaG0uY3pcL3dwLWNvbnRlbnRcL3VwbG9hZHNcLzIwMjFcLzAxXC9JTUdfMDkzNy5qcGciLCJzbGlkZXNob3ciOiI3YTBmZTkxIn0%3D\">\n\t\t\t\t\t<div class=\"e-gallery-image elementor-gallery-item__image\" data-thumbnail=\"https:\/\/www.atelierhm.cz\/wp-content\/uploads\/2021\/01\/IMG_0937-300x225.jpg\" data-width=\"300\" data-height=\"225\" aria-label=\"\" role=\"img\" ><\/div>\n\t\t\t\t\t\t\t\t\t\t\t<div class=\"elementor-gallery-item__overlay\"><\/div>\n\t\t\t\t\t\t\t\t\t\t\t\t\t\t<\/a>\n\t\t\t\t\t\t\t<a class=\"e-gallery-item elementor-gallery-item elementor-animated-content\" href=\"https:\/\/www.atelierhm.cz\/wp-content\/uploads\/2021\/01\/IMG_1484-scaled.jpg\" data-elementor-open-lightbox=\"yes\" data-elementor-lightbox-slideshow=\"7a0fe91\" data-elementor-lightbox-title=\"IMG_1484\" data-e-action-hash=\"#elementor-action%3Aaction%3Dlightbox%26settings%3DeyJpZCI6MjU3NiwidXJsIjoiaHR0cHM6XC9cL3d3dy5hdGVsaWVyaG0uY3pcL3dwLWNvbnRlbnRcL3VwbG9hZHNcLzIwMjFcLzAxXC9JTUdfMTQ4NC1zY2FsZWQuanBnIiwic2xpZGVzaG93IjoiN2EwZmU5MSJ9\">\n\t\t\t\t\t<div class=\"e-gallery-image elementor-gallery-item__image\" data-thumbnail=\"https:\/\/www.atelierhm.cz\/wp-content\/uploads\/2021\/01\/IMG_1484-225x300.jpg\" data-width=\"225\" data-height=\"300\" aria-label=\"\" role=\"img\" ><\/div>\n\t\t\t\t\t\t\t\t\t\t\t<div class=\"elementor-gallery-item__overlay\"><\/div>\n\t\t\t\t\t\t\t\t\t\t\t\t\t\t<\/a>\n\t\t\t\t\t<\/div>\n\t\t\t\t\t<\/div>\n\t\t\t\t<\/div>\n\t\t\t\t\t<\/div>\n\t\t<\/div>\n\t\t\t\t\t<\/div>\n\t\t<\/section>\n\t\t\t\t<\/div>","protected":false},"excerpt":{"rendered":"<p>Obj\u00edmka esa Ned\u00edlnou a zcela z\u00e1sadn\u00ed sou\u010d\u00e1st\u00ed saxofonu je obj\u00edmka a \u010dep esa. Skrze toto spojen\u00ed se p\u0159en\u00e1\u0161\u00ed vibrace z hubice p\u0159es eso do saxofonu. Prakticky u v\u0161ech star\u00fdch n\u00e1stroj\u016f je tato sou\u010d\u00e1st n\u011bjak\u00fdm zp\u016fsobem deformov\u00e1na nebo jednodu\u0161e net\u011bsn\u00ed. V takov\u00e9m p\u0159\u00edpad\u011b je to jako, kdy\u017e net\u011bsn\u00ed okt\u00e1vov\u00e1 klapka. N\u00e1stroj sice zd\u00e1nliv\u011b hraje, ale podstatn\u011b [&hellip;]<\/p>\n","protected":false},"author":1,"featured_media":0,"parent":589,"menu_order":0,"comment_status":"closed","ping_status":"closed","template":"","meta":{"footnotes":""},"class_list":["post-2542","page","type-page","status-publish","hentry"],"_links":{"self":[{"href":"https:\/\/www.atelierhm.cz\/en\/wp-json\/wp\/v2\/pages\/2542","targetHints":{"allow":["GET"]}}],"collection":[{"href":"https:\/\/www.atelierhm.cz\/en\/wp-json\/wp\/v2\/pages"}],"about":[{"href":"https:\/\/www.atelierhm.cz\/en\/wp-json\/wp\/v2\/types\/page"}],"author":[{"embeddable":true,"href":"https:\/\/www.atelierhm.cz\/en\/wp-json\/wp\/v2\/users\/1"}],"replies":[{"embeddable":true,"href":"https:\/\/www.atelierhm.cz\/en\/wp-json\/wp\/v2\/comments?post=2542"}],"version-history":[{"count":19,"href":"https:\/\/www.atelierhm.cz\/en\/wp-json\/wp\/v2\/pages\/2542\/revisions"}],"predecessor-version":[{"id":2617,"href":"https:\/\/www.atelierhm.cz\/en\/wp-json\/wp\/v2\/pages\/2542\/revisions\/2617"}],"up":[{"embeddable":true,"href":"https:\/\/www.atelierhm.cz\/en\/wp-json\/wp\/v2\/pages\/589"}],"wp:attachment":[{"href":"https:\/\/www.atelierhm.cz\/en\/wp-json\/wp\/v2\/media?parent=2542"}],"curies":[{"name":"wp","href":"https:\/\/api.w.org\/{rel}","templated":true}]}}