{"id":3633,"date":"2025-03-03T13:33:37","date_gmt":"2025-03-03T12:33:37","guid":{"rendered":"https:\/\/www.atelierhm.cz\/produkt\/henri-selmer-hubicka-sax-alto-jazz-flow-7\/"},"modified":"2026-04-09T15:37:22","modified_gmt":"2026-04-09T13:37:22","slug":"henri-selmer-hubicka-sax-alto-jazz-flow-7","status":"publish","type":"product","link":"https:\/\/www.atelierhm.cz\/cz\/produkt\/henri-selmer-hubicka-sax-alto-jazz-flow-7\/","title":{"rendered":"Henri Selmer Hubi\u010dka Sax Alto Jazz Flow 7"},"content":{"rendered":"","protected":false},"excerpt":{"rendered":"<p>V jazzu se pou\u017e\u00edv\u00e1 term\u00edn FLOW jako plynulost a spont\u00e1nnost v improvizaci, kdy hudebn\u00edci p\u0159i vytv\u00e1\u0159en\u00ed hudby v re\u00e1ln\u00e9m \u010dase plynule a soudr\u017en\u011b interaguj\u00ed. Inspirac\u00ed je tak\u00e9 jeden z prvn\u00edch model\u016f Selmer z 50. let 20. stolet\u00ed, Airflow, p\u0159edch\u016fdce Soloistu, tato velmi flexibiln\u00ed hubice nab\u00edzela hudebn\u00edk\u016fm \u0161irokou \u0161k\u00e1lu akustick\u00fdch textur.<br \/>\nD\u00edky sv\u00fdm akustick\u00fdm zku\u0161enostem a spolupr\u00e1ci s presti\u017en\u00edmi hudebn\u00edky vytvo\u0159il Henri SELMER Paris hubici s univerz\u00e1ln\u00edm akustick\u00fdm designem, kter\u00fd je p\u0159izp\u016fsoben zejm\u00e9na jazzu a sou\u010dasn\u00e9 hudb\u011b (funk, pop, elektro, world music). Tato hubice se vyzna\u010duje v\u00fdjime\u010dnou hustotou, hloubkou zrnitosti a vysokou aktivitou harmonick\u00fdch frekvenc\u00ed.<\/p>\n","protected":false},"featured_media":3358,"comment_status":"open","ping_status":"closed","template":"","meta":[],"product_brand":[],"product_cat":[26,24],"product_tag":[],"class_list":{"0":"post-3633","1":"product","2":"type-product","3":"status-publish","4":"has-post-thumbnail","6":"product_cat-henri-selmer","7":"product_cat-hubice","9":"first","10":"instock","11":"shipping-taxable","12":"purchasable","13":"product-type-simple"},"_links":{"self":[{"href":"https:\/\/www.atelierhm.cz\/cz\/wp-json\/wp\/v2\/product\/3633","targetHints":{"allow":["GET"]}}],"collection":[{"href":"https:\/\/www.atelierhm.cz\/cz\/wp-json\/wp\/v2\/product"}],"about":[{"href":"https:\/\/www.atelierhm.cz\/cz\/wp-json\/wp\/v2\/types\/product"}],"replies":[{"embeddable":true,"href":"https:\/\/www.atelierhm.cz\/cz\/wp-json\/wp\/v2\/comments?post=3633"}],"wp:featuredmedia":[{"embeddable":true,"href":"https:\/\/www.atelierhm.cz\/cz\/wp-json\/wp\/v2\/media\/3358"}],"wp:attachment":[{"href":"https:\/\/www.atelierhm.cz\/cz\/wp-json\/wp\/v2\/media?parent=3633"}],"wp:term":[{"taxonomy":"product_brand","embeddable":true,"href":"https:\/\/www.atelierhm.cz\/cz\/wp-json\/wp\/v2\/product_brand?post=3633"},{"taxonomy":"product_cat","embeddable":true,"href":"https:\/\/www.atelierhm.cz\/cz\/wp-json\/wp\/v2\/product_cat?post=3633"},{"taxonomy":"product_tag","embeddable":true,"href":"https:\/\/www.atelierhm.cz\/cz\/wp-json\/wp\/v2\/product_tag?post=3633"}],"curies":[{"name":"wp","href":"https:\/\/api.w.org\/{rel}","templated":true}]}}