{"id":3631,"date":"2025-03-03T13:33:36","date_gmt":"2025-03-03T12:33:36","guid":{"rendered":"https:\/\/www.atelierhm.cz\/produkt\/henri-selmer-tenor-saxofon-signature-dgg\/"},"modified":"2026-04-09T15:37:22","modified_gmt":"2026-04-09T13:37:22","slug":"henri-selmer-tenor-saxofon-signature-dgg","status":"publish","type":"product","link":"https:\/\/www.atelierhm.cz\/cz\/produkt\/henri-selmer-tenor-saxofon-signature-dgg\/","title":{"rendered":"Henri Selmer Tenor Saxofon SIGNATURE DGG"},"content":{"rendered":"","protected":false},"excerpt":{"rendered":"<p>Henri Selmer Signature alt saxofon, temn\u00fd zlatolak, s exkluzivn\u00edm grav\u00edrov\u00e1n\u00edm N\u00e1zev Signature podtrhuje identitu Henriho Selmera jako vyn\u00e1lezce a v\u00fdrobce n\u00e1stroj\u016f, kter\u00e1 se utv\u00e1\u0159ela v pr\u016fb\u011bhu historie spole\u010dnosti. Alt saxofon Signature zt\u011bles\u0148uje obnoven\u00ed modelu Super Action 80 Series II, kter\u00fd poznamenal historii saxofonu od jeho uveden\u00ed na trh v roce 1986. Zachov\u00e1v\u00e1 si zvukov\u00e9 vlastnosti Series II, nab\u00edz\u00ed v\u0161ak vylep\u0161enou intonaci, zejm\u00e9na ve vy\u0161\u0161\u00edm rejst\u0159\u00edku, a up\u0159ednost\u0148uje emise ve spodn\u00edm rejst\u0159\u00edku. Jeho ergonomie, rovn\u011b\u017e inspirovan\u00e1 Series II a reaguj\u00edc\u00ed na pot\u0159eby v\u0161ech hudebn\u00edk\u016f, t\u011b\u017e\u00ed z nejnov\u011bj\u0161\u00edch inovac\u00ed, pou\u017eit\u00fdch pro model Supreme: nov\u00fd t\u0159\u00edbodov\u00fd syst\u00e9m up\u00edn\u00e1n\u00ed esa pro lep\u0161\u00ed homogenitu zvuku, pakfongov\u00fd utahovac\u00ed krou\u017eek pro v\u011bt\u0161\u00ed hustotu v t\u00e9to citliv\u00e9 z\u00f3n\u011b, okt\u00e1vov\u00fd mechanismus s teflonov\u00fdmi prvky pro v\u011bt\u0161\u00ed mechanickou plynulost. Zdoben\u00fd origin\u00e1ln\u00ed rytinou ve stylu Art Deco, kter\u00e1 vzd\u00e1v\u00e1 hold star\u00fdm technik\u00e1m p\u0159ed\u00e1van\u00fdm generacemi \u0159emesln\u00edk\u016f v tov\u00e1rn\u011b SELMER v Mantes-la-Ville od roku 1919. Alt saxofon Signature je tradi\u010dn\u00edm saxofonem a z\u00e1rove\u0148 maj\u00e1kem modernosti.<\/p>\n","protected":false},"featured_media":3328,"comment_status":"open","ping_status":"closed","template":"","meta":[],"product_brand":[],"product_cat":[33,32],"product_tag":[],"class_list":{"0":"post-3631","1":"product","2":"type-product","3":"status-publish","4":"has-post-thumbnail","6":"product_cat-henri-selmer-saxofony","7":"product_cat-saxofony","9":"first","10":"instock","11":"shipping-taxable","12":"purchasable","13":"product-type-simple"},"_links":{"self":[{"href":"https:\/\/www.atelierhm.cz\/cz\/wp-json\/wp\/v2\/product\/3631","targetHints":{"allow":["GET"]}}],"collection":[{"href":"https:\/\/www.atelierhm.cz\/cz\/wp-json\/wp\/v2\/product"}],"about":[{"href":"https:\/\/www.atelierhm.cz\/cz\/wp-json\/wp\/v2\/types\/product"}],"replies":[{"embeddable":true,"href":"https:\/\/www.atelierhm.cz\/cz\/wp-json\/wp\/v2\/comments?post=3631"}],"wp:featuredmedia":[{"embeddable":true,"href":"https:\/\/www.atelierhm.cz\/cz\/wp-json\/wp\/v2\/media\/3328"}],"wp:attachment":[{"href":"https:\/\/www.atelierhm.cz\/cz\/wp-json\/wp\/v2\/media?parent=3631"}],"wp:term":[{"taxonomy":"product_brand","embeddable":true,"href":"https:\/\/www.atelierhm.cz\/cz\/wp-json\/wp\/v2\/product_brand?post=3631"},{"taxonomy":"product_cat","embeddable":true,"href":"https:\/\/www.atelierhm.cz\/cz\/wp-json\/wp\/v2\/product_cat?post=3631"},{"taxonomy":"product_tag","embeddable":true,"href":"https:\/\/www.atelierhm.cz\/cz\/wp-json\/wp\/v2\/product_tag?post=3631"}],"curies":[{"name":"wp","href":"https:\/\/api.w.org\/{rel}","templated":true}]}}