{"id":3628,"date":"2025-03-03T13:33:35","date_gmt":"2025-03-03T12:33:35","guid":{"rendered":"https:\/\/www.atelierhm.cz\/produkt\/alt-saxofon-buffet-crampon-prodige\/"},"modified":"2026-04-09T15:37:21","modified_gmt":"2026-04-09T13:37:21","slug":"alt-saxofon-buffet-crampon-prodige","status":"publish","type":"product","link":"https:\/\/www.atelierhm.cz\/cz\/produkt\/alt-saxofon-buffet-crampon-prodige\/","title":{"rendered":"Alt Saxofon Buffet Crampon PRODIGE"},"content":{"rendered":"","protected":false},"excerpt":{"rendered":"<p>Tento rok 2023 vyvinula firma Buffet Crampon nov\u00fd model studentsk\u00e9ho saxofonu. Tento n\u00e1stroj vznikl spojen\u00edm tradi\u010dn\u00edho savoir faire (know how) a po\u010d\u00edta\u010dov\u00fdm 3D modelov\u00e1n\u00edm. Tento n\u00e1stroj dopl\u0148uje rodinu Prodige n\u00e1stroj\u016f, kter\u00e9 jsou zam\u011b\u0159eny na studenty.<\/p>\n<p>Pozornost p\u0159i v\u00fdvoji byla zam\u011b\u0159ena hlavn\u011b na:<br \/>\n &#8211; men\u0161\u00ed v\u00e1hu n\u00e1stroje, aby se ulevilo u mlad\u00fdch student\u016f krku a z\u00e1p\u011bst\u00ed prav\u00e9 ruky<br \/>\n &#8211; mechanika je koncipov\u00e1na pro d\u011btskou ruku<br \/>\n &#8211; snadn\u011bj\u0161\u00ed tvo\u0159en\u00ed zvuku, hlavn\u011b ve spodn\u00edm rejst\u0159\u00edku<br \/>\n &#8211; robustn\u00ed konstrukce s ohledem na \u010dasto m\u00e9n\u011b \u0161etrn\u00e9 zach\u00e1zen\u00ed u d\u011bt\u00ed<\/p>\n<p>N\u00e1stroj je dod\u00e1v\u00e1n s pouzdrem, hubic\u00ed a p\u0159\u00edslu\u0161enstv\u00edm<br \/>\nKe standardn\u00ed z\u00e1ruce 24 m\u011bs\u00edc\u016f je sou\u010d\u00e1st\u00ed servis n\u00e1stroje po tuto dobu.<\/p>\n","protected":false},"featured_media":3301,"comment_status":"open","ping_status":"closed","template":"","meta":[],"product_brand":[],"product_cat":[35,32],"product_tag":[],"class_list":{"0":"post-3628","1":"product","2":"type-product","3":"status-publish","4":"has-post-thumbnail","6":"product_cat-buffet-crampon-saxofony","7":"product_cat-saxofony","9":"first","10":"onbackorder","11":"shipping-taxable","12":"purchasable","13":"product-type-simple"},"_links":{"self":[{"href":"https:\/\/www.atelierhm.cz\/cz\/wp-json\/wp\/v2\/product\/3628","targetHints":{"allow":["GET"]}}],"collection":[{"href":"https:\/\/www.atelierhm.cz\/cz\/wp-json\/wp\/v2\/product"}],"about":[{"href":"https:\/\/www.atelierhm.cz\/cz\/wp-json\/wp\/v2\/types\/product"}],"replies":[{"embeddable":true,"href":"https:\/\/www.atelierhm.cz\/cz\/wp-json\/wp\/v2\/comments?post=3628"}],"wp:featuredmedia":[{"embeddable":true,"href":"https:\/\/www.atelierhm.cz\/cz\/wp-json\/wp\/v2\/media\/3301"}],"wp:attachment":[{"href":"https:\/\/www.atelierhm.cz\/cz\/wp-json\/wp\/v2\/media?parent=3628"}],"wp:term":[{"taxonomy":"product_brand","embeddable":true,"href":"https:\/\/www.atelierhm.cz\/cz\/wp-json\/wp\/v2\/product_brand?post=3628"},{"taxonomy":"product_cat","embeddable":true,"href":"https:\/\/www.atelierhm.cz\/cz\/wp-json\/wp\/v2\/product_cat?post=3628"},{"taxonomy":"product_tag","embeddable":true,"href":"https:\/\/www.atelierhm.cz\/cz\/wp-json\/wp\/v2\/product_tag?post=3628"}],"curies":[{"name":"wp","href":"https:\/\/api.w.org\/{rel}","templated":true}]}}