{"id":3615,"date":"2025-03-03T13:33:25","date_gmt":"2025-03-03T12:33:25","guid":{"rendered":"https:\/\/www.atelierhm.cz\/produkt\/alt-saxofon-yamaha-yas-280\/"},"modified":"2026-04-09T15:37:12","modified_gmt":"2026-04-09T13:37:12","slug":"alt-saxofon-yamaha-yas-280","status":"publish","type":"product","link":"https:\/\/www.atelierhm.cz\/cz\/produkt\/alt-saxofon-yamaha-yas-280\/","title":{"rendered":"Alt Saxofon YAMAHA YAS 280"},"content":{"rendered":"","protected":false},"excerpt":{"rendered":"<p>Yamaha saxofony \u0159ady YAS\/YTS 280 poskytuj\u00ed za\u010d\u00e1te\u010dn\u00edk\u016fm spolehliv\u00fd n\u00e1stroj, na kter\u00fd mohou za\u010d\u00edt hr\u00e1t. Vyzna\u010duj\u00ed se jasn\u00fdm charakteristick\u00fdm zvukem s velmi uspokojivou intonac\u00ed a s v\u00fdborn\u00fdm d\u00edlensk\u00fdm zpracov\u00e1n\u00edm.<br \/>\nEso: je navr\u017eeno tak, aby nekladlo zbyte\u010dn\u00fd odpor<br \/>\nT\u011blo: t\u011blo je pou\u017eito z modelu 62<br \/>\nMechanika: nav\u017eena s ohledem na ergonomii mlad\u0161\u00edch hr\u00e1\u010d\u016f<br \/>\nSloupky: sloupky jsou letov\u00e1ny na mal\u00fdch pl\u00e1tc\u00edch, aby zbyte\u010dn\u011b netlumily rezonanci n\u00e1stroje a v druh\u00e9 \u0159ad\u011b se sn\u00ed\u017eila hmotnost.<br \/>\nOzvu\u010dn\u00edk: sletovan\u00fd ze dvou p\u016flek<br \/>\nJ chr\u00e1ni\u010d: je usp\u016fsoben tak, aby chr\u00e1nil C, C#, B a Bb klapky<br \/>\nSpodn\u00ed B\/C# spojen\u00ed: vylep\u0161eno tak, aby spolehliv\u011b dr\u017eelo klapky zav\u0159en\u00e9 pro konzistetn\u00ed ozev spodn\u00edch t\u00f3n\u016f<\/p>\n<p>Pro\u010d koupit n\u00e1stroj u n\u00e1s ?<br \/>\nOd n\u00e1s dostanete n\u00e1stroj vybalen\u00fd, se\u0159\u00edzen\u00fd s garanc\u00ed funk\u010dnosti po dobu 2 let plus ve\u0161ker\u00fd mechanick\u00fd servis po tuto dobu zdarma.<br \/>\nV p\u0159\u00edpad\u011b pot\u0159eby m\u00e1me velk\u00e9 mno\u017estv\u00ed n\u00e1hradn\u00edch d\u00edl\u016f k dispozici a drobn\u00e9 z\u00e1ru\u010dn\u00ed opravy realizujeme bu\u010f na po\u010dk\u00e1n\u00ed nebo v kr\u00e1tk\u00fdch term\u00ednech.<\/p>\n","protected":false},"featured_media":3385,"comment_status":"open","ping_status":"closed","template":"","meta":[],"product_brand":[],"product_cat":[50],"product_tag":[],"class_list":{"0":"post-3615","1":"product","2":"type-product","3":"status-publish","4":"has-post-thumbnail","6":"product_cat-yamaha_saxophone","8":"first","9":"instock","10":"shipping-taxable","11":"purchasable","12":"product-type-simple"},"_links":{"self":[{"href":"https:\/\/www.atelierhm.cz\/cz\/wp-json\/wp\/v2\/product\/3615","targetHints":{"allow":["GET"]}}],"collection":[{"href":"https:\/\/www.atelierhm.cz\/cz\/wp-json\/wp\/v2\/product"}],"about":[{"href":"https:\/\/www.atelierhm.cz\/cz\/wp-json\/wp\/v2\/types\/product"}],"replies":[{"embeddable":true,"href":"https:\/\/www.atelierhm.cz\/cz\/wp-json\/wp\/v2\/comments?post=3615"}],"wp:featuredmedia":[{"embeddable":true,"href":"https:\/\/www.atelierhm.cz\/cz\/wp-json\/wp\/v2\/media\/3385"}],"wp:attachment":[{"href":"https:\/\/www.atelierhm.cz\/cz\/wp-json\/wp\/v2\/media?parent=3615"}],"wp:term":[{"taxonomy":"product_brand","embeddable":true,"href":"https:\/\/www.atelierhm.cz\/cz\/wp-json\/wp\/v2\/product_brand?post=3615"},{"taxonomy":"product_cat","embeddable":true,"href":"https:\/\/www.atelierhm.cz\/cz\/wp-json\/wp\/v2\/product_cat?post=3615"},{"taxonomy":"product_tag","embeddable":true,"href":"https:\/\/www.atelierhm.cz\/cz\/wp-json\/wp\/v2\/product_tag?post=3615"}],"curies":[{"name":"wp","href":"https:\/\/api.w.org\/{rel}","templated":true}]}}