{"id":3239,"date":"2023-03-31T09:22:01","date_gmt":"2023-03-31T07:22:01","guid":{"rendered":"https:\/\/www.atelierhm.cz\/produkt\/buffet-crampon-a-klarinet-e11-s-17-6-442\/"},"modified":"2026-04-09T15:37:21","modified_gmt":"2026-04-09T13:37:21","slug":"buffet-crampon-a-klarinet-e11-s-17-6-442","status":"publish","type":"product","link":"https:\/\/www.atelierhm.cz\/cz\/produkt\/buffet-crampon-a-klarinet-e11-s-17-6-442\/","title":{"rendered":"Buffet Crampon A Klarinet E11 S 17\/6 442"},"content":{"rendered":"","protected":false},"excerpt":{"rendered":"<p>BC Bb d\u0159ev\u011bn\u00fd klarinet E11, 442Hz, 18ti klapkov\u00fd, post\u0159\u00edb\u0159en\u00e1 mechanika, ryb\u00ednov\u00e9 pol\u0161t\u00e1\u0159ky,  pouzdro + p\u0159\u00edslu\u0161enstv\u00ed.<br \/>\nSnadno hrateln\u00fd a kvalitn\u011b vyroben\u00fd n\u00e1stroj, postaven\u00fd na z\u00e1klad\u011b nov\u00fdch technologi\u00ed a dlouholet\u00fdch zku\u0161enost\u00ed. Vyrobeno firmou Buffet Crampon v n\u011bmeck\u00fdch d\u00edln\u00e1ch v Markneukirchenu.<\/p>\n<p>Ke standardn\u00ed z\u00e1ruce 24 m\u011bs\u00edc\u016f je sou\u010d\u00e1st\u00ed servis n\u00e1stroje po tuto dobu.<\/p>\n","protected":false},"featured_media":2162,"comment_status":"open","ping_status":"closed","template":"","meta":[],"product_brand":[],"product_cat":[34,29,31],"product_tag":[],"class_list":{"0":"post-3239","1":"product","2":"type-product","3":"status-publish","4":"has-post-thumbnail","6":"product_cat-buffet-crampon","7":"product_cat-klarinety","8":"product_cat-oblibene","10":"first","11":"outofstock","12":"shipping-taxable","13":"purchasable","14":"product-type-simple"},"_links":{"self":[{"href":"https:\/\/www.atelierhm.cz\/cz\/wp-json\/wp\/v2\/product\/3239","targetHints":{"allow":["GET"]}}],"collection":[{"href":"https:\/\/www.atelierhm.cz\/cz\/wp-json\/wp\/v2\/product"}],"about":[{"href":"https:\/\/www.atelierhm.cz\/cz\/wp-json\/wp\/v2\/types\/product"}],"replies":[{"embeddable":true,"href":"https:\/\/www.atelierhm.cz\/cz\/wp-json\/wp\/v2\/comments?post=3239"}],"wp:featuredmedia":[{"embeddable":true,"href":"https:\/\/www.atelierhm.cz\/cz\/wp-json\/wp\/v2\/media\/2162"}],"wp:attachment":[{"href":"https:\/\/www.atelierhm.cz\/cz\/wp-json\/wp\/v2\/media?parent=3239"}],"wp:term":[{"taxonomy":"product_brand","embeddable":true,"href":"https:\/\/www.atelierhm.cz\/cz\/wp-json\/wp\/v2\/product_brand?post=3239"},{"taxonomy":"product_cat","embeddable":true,"href":"https:\/\/www.atelierhm.cz\/cz\/wp-json\/wp\/v2\/product_cat?post=3239"},{"taxonomy":"product_tag","embeddable":true,"href":"https:\/\/www.atelierhm.cz\/cz\/wp-json\/wp\/v2\/product_tag?post=3239"}],"curies":[{"name":"wp","href":"https:\/\/api.w.org\/{rel}","templated":true}]}}