{"id":2957,"date":"2022-01-26T09:34:26","date_gmt":"2022-01-26T08:34:26","guid":{"rendered":"https:\/\/www.atelierhm.cz\/produkt\/buffet-crampon-bb-klarinet-prodige-17-6-s\/"},"modified":"2026-04-09T15:37:20","modified_gmt":"2026-04-09T13:37:20","slug":"buffet-crampon-bb-klarinet-prodige-17-6-s","status":"publish","type":"product","link":"https:\/\/www.atelierhm.cz\/cz\/produkt\/buffet-crampon-bb-klarinet-prodige-17-6-s\/","title":{"rendered":"Buffet Crampon Bb Klarinet PRODIGE 17\/6 S"},"content":{"rendered":"","protected":false},"excerpt":{"rendered":"<p>BC Bb klarinet Prodige, 18ti klapkov\u00fd, ko-polymerov\u00fd ABS, post\u0159\u00edb\u0159en\u00e1 mechanika, ko\u017een\u00e9 pol\u0161t\u00e1\u0159ky,  pouzdro. Nespornou v\u00fdhodou tohoto n\u00e1stroje je necylindrick\u00e9 vrt\u00e1n\u00ed stejn\u011b jako u d\u0159ev\u011bn\u00fdch n\u00e1stroj\u016f. Tip: jednoduch\u00fd upgrade ve zvuku lze doc\u00edlit nasazen\u00edm soudku z d\u0159ev\u011bn\u00e9ho n\u00e1stroje Buffet Crampon nebo na\u0161\u00edm soudkem Atelier H&#038;M.<br \/>\nKe standardn\u00ed z\u00e1ruce 24 m\u011bs\u00edc\u016f je sou\u010d\u00e1st\u00ed servis n\u00e1stroje po tuto dobu.<\/p>\n","protected":false},"featured_media":2165,"comment_status":"open","ping_status":"closed","template":"","meta":[],"product_brand":[],"product_cat":[34,29],"product_tag":[],"class_list":{"0":"post-2957","1":"product","2":"type-product","3":"status-publish","4":"has-post-thumbnail","6":"product_cat-buffet-crampon","7":"product_cat-klarinety","9":"first","10":"onbackorder","11":"shipping-taxable","12":"purchasable","13":"product-type-simple"},"_links":{"self":[{"href":"https:\/\/www.atelierhm.cz\/cz\/wp-json\/wp\/v2\/product\/2957","targetHints":{"allow":["GET"]}}],"collection":[{"href":"https:\/\/www.atelierhm.cz\/cz\/wp-json\/wp\/v2\/product"}],"about":[{"href":"https:\/\/www.atelierhm.cz\/cz\/wp-json\/wp\/v2\/types\/product"}],"replies":[{"embeddable":true,"href":"https:\/\/www.atelierhm.cz\/cz\/wp-json\/wp\/v2\/comments?post=2957"}],"wp:featuredmedia":[{"embeddable":true,"href":"https:\/\/www.atelierhm.cz\/cz\/wp-json\/wp\/v2\/media\/2165"}],"wp:attachment":[{"href":"https:\/\/www.atelierhm.cz\/cz\/wp-json\/wp\/v2\/media?parent=2957"}],"wp:term":[{"taxonomy":"product_brand","embeddable":true,"href":"https:\/\/www.atelierhm.cz\/cz\/wp-json\/wp\/v2\/product_brand?post=2957"},{"taxonomy":"product_cat","embeddable":true,"href":"https:\/\/www.atelierhm.cz\/cz\/wp-json\/wp\/v2\/product_cat?post=2957"},{"taxonomy":"product_tag","embeddable":true,"href":"https:\/\/www.atelierhm.cz\/cz\/wp-json\/wp\/v2\/product_tag?post=2957"}],"curies":[{"name":"wp","href":"https:\/\/api.w.org\/{rel}","templated":true}]}}