{"id":2801,"date":"2021-04-03T14:23:38","date_gmt":"2021-04-03T12:23:38","guid":{"rendered":"https:\/\/www.atelierhm.cz\/obchod\/alt-saxofon-yamaha-g-1-eso\/"},"modified":"2026-04-09T15:37:20","modified_gmt":"2026-04-09T13:37:20","slug":"alt-saxofon-yamaha-g-1-eso","status":"publish","type":"product","link":"https:\/\/www.atelierhm.cz\/cz\/produkt\/alt-saxofon-yamaha-g-1-eso\/","title":{"rendered":"Alt saxofon YAMAHA G-1 eso"},"content":{"rendered":"","protected":false},"excerpt":{"rendered":"<p>Toto eso je standardem pro alt saxofony Yamaha YAS-82Z.<br \/>\nTento model je ozna\u010dov\u00e1n jako Jazz Yamaha saxofon. Zvuk je v\u00fdznamn\u011b m\u011bkk\u010d\u00ed a produkuje velmi snadno subt\u00f3ny. Zn\u00ed skv\u011ble p\u0159edev\u0161\u00edm ve st\u0159edn\u00edm a spodn\u00edm rejst\u0159\u00edku.<\/p>\n","protected":false},"featured_media":2795,"comment_status":"open","ping_status":"closed","template":"","meta":[],"product_brand":[],"product_cat":[48],"product_tag":[],"class_list":{"0":"post-2801","1":"product","2":"type-product","3":"status-publish","4":"has-post-thumbnail","6":"product_cat-yamaha","8":"first","9":"instock","10":"shipping-taxable","11":"purchasable","12":"product-type-simple"},"_links":{"self":[{"href":"https:\/\/www.atelierhm.cz\/cz\/wp-json\/wp\/v2\/product\/2801","targetHints":{"allow":["GET"]}}],"collection":[{"href":"https:\/\/www.atelierhm.cz\/cz\/wp-json\/wp\/v2\/product"}],"about":[{"href":"https:\/\/www.atelierhm.cz\/cz\/wp-json\/wp\/v2\/types\/product"}],"replies":[{"embeddable":true,"href":"https:\/\/www.atelierhm.cz\/cz\/wp-json\/wp\/v2\/comments?post=2801"}],"wp:featuredmedia":[{"embeddable":true,"href":"https:\/\/www.atelierhm.cz\/cz\/wp-json\/wp\/v2\/media\/2795"}],"wp:attachment":[{"href":"https:\/\/www.atelierhm.cz\/cz\/wp-json\/wp\/v2\/media?parent=2801"}],"wp:term":[{"taxonomy":"product_brand","embeddable":true,"href":"https:\/\/www.atelierhm.cz\/cz\/wp-json\/wp\/v2\/product_brand?post=2801"},{"taxonomy":"product_cat","embeddable":true,"href":"https:\/\/www.atelierhm.cz\/cz\/wp-json\/wp\/v2\/product_cat?post=2801"},{"taxonomy":"product_tag","embeddable":true,"href":"https:\/\/www.atelierhm.cz\/cz\/wp-json\/wp\/v2\/product_tag?post=2801"}],"curies":[{"name":"wp","href":"https:\/\/api.w.org\/{rel}","templated":true}]}}