{"id":2791,"date":"2021-04-02T23:42:57","date_gmt":"2021-04-02T21:42:57","guid":{"rendered":"https:\/\/www.atelierhm.cz\/obchod\/hubice-selmer-claude-delangle-alto\/"},"modified":"2026-04-09T15:37:20","modified_gmt":"2026-04-09T13:37:20","slug":"hubice-selmer-claude-delangle-alto","status":"publish","type":"product","link":"https:\/\/www.atelierhm.cz\/cz\/produkt\/hubice-selmer-claude-delangle-alto\/","title":{"rendered":"Hubice Selmer Claude Delangle Alto"},"content":{"rendered":"","protected":false},"excerpt":{"rendered":"<p>Nov\u00e1 hubice pro alt saxofon Claude DELANGLE je vyrobena ze dvou materi\u00e1l\u016f. Mosazn\u00fd, pozlacen\u00fd krou\u017eek, je na konci hubice vyroben\u00e9 z ebonitu. Tento krou\u017eek prop\u016fj\u010duje zvuku &#8222;hutn\u011bj\u0161\u00ed&#8220; t\u00f3n a dod\u00e1v\u00e1 pln\u011bj\u0161\u00ed projekci.<\/p>\n<p>Tato hubicebyla navr\u017een\u00e1 ve spolupr\u00e1ci s Claudem Delanglem a dokonale odr\u00e1\u017e\u00ed jeho osobit\u00fd styl hry. Princip kovov\u00e9ho krou\u017eku na konci hubice, charakteristick\u00fd pro prvn\u00ed hubice Adolpha Saxe, sv\u011bd\u010d\u00ed o privilegovan\u00e9m vztahu mezi tradic\u00ed a pokroky v rodin\u011b Concept.<\/p>\n<p>K dispozici pouze v jednom otev\u0159en\u00ed.<\/p>\n<p>Kruhov\u00e1 komora<br \/>\nOtev\u0159en\u00ed : 1,65 mm<br \/>\nD\u00e9lka dotyku pl\u00e1tku : 24 mm<\/p>\n","protected":false},"featured_media":2793,"comment_status":"open","ping_status":"closed","template":"","meta":[],"product_brand":[],"product_cat":[24],"product_tag":[],"class_list":{"0":"post-2791","1":"product","2":"type-product","3":"status-publish","4":"has-post-thumbnail","6":"product_cat-hubice","8":"first","9":"instock","10":"shipping-taxable","11":"purchasable","12":"product-type-simple"},"_links":{"self":[{"href":"https:\/\/www.atelierhm.cz\/cz\/wp-json\/wp\/v2\/product\/2791","targetHints":{"allow":["GET"]}}],"collection":[{"href":"https:\/\/www.atelierhm.cz\/cz\/wp-json\/wp\/v2\/product"}],"about":[{"href":"https:\/\/www.atelierhm.cz\/cz\/wp-json\/wp\/v2\/types\/product"}],"replies":[{"embeddable":true,"href":"https:\/\/www.atelierhm.cz\/cz\/wp-json\/wp\/v2\/comments?post=2791"}],"wp:featuredmedia":[{"embeddable":true,"href":"https:\/\/www.atelierhm.cz\/cz\/wp-json\/wp\/v2\/media\/2793"}],"wp:attachment":[{"href":"https:\/\/www.atelierhm.cz\/cz\/wp-json\/wp\/v2\/media?parent=2791"}],"wp:term":[{"taxonomy":"product_brand","embeddable":true,"href":"https:\/\/www.atelierhm.cz\/cz\/wp-json\/wp\/v2\/product_brand?post=2791"},{"taxonomy":"product_cat","embeddable":true,"href":"https:\/\/www.atelierhm.cz\/cz\/wp-json\/wp\/v2\/product_cat?post=2791"},{"taxonomy":"product_tag","embeddable":true,"href":"https:\/\/www.atelierhm.cz\/cz\/wp-json\/wp\/v2\/product_tag?post=2791"}],"curies":[{"name":"wp","href":"https:\/\/api.w.org\/{rel}","templated":true}]}}