{"id":2198,"date":"2021-01-01T14:15:03","date_gmt":"2021-01-01T13:15:03","guid":{"rendered":"https:\/\/www.atelierhm.cz\/?post_type=product&#038;p=2198"},"modified":"2026-04-09T15:37:18","modified_gmt":"2026-04-09T13:37:18","slug":"baryton-saxofon-jbs1000","status":"publish","type":"product","link":"https:\/\/www.atelierhm.cz\/cz\/produkt\/baryton-saxofon-jbs1000\/","title":{"rendered":"Baryton saxofon JBS1000"},"content":{"rendered":"","protected":false},"excerpt":{"rendered":"<p>Lad\u011bn\u00ed: Eb<br \/>\nEso: \u017elut\u00e1 mosaz, zlatolak<br \/>\nT\u011blo: \u017elut\u00e1 mosaz, zlatolak<br \/>\nMechanika: \u017elut\u00e1 mosaz, zlatolak<br \/>\nF# 3 klapka<br \/>\nSpodn\u00ed A klapka<br \/>\nC#-Bb spojen\u00ed<br \/>\nSe\u0159izovac\u00ed, plastov\u00e1 op\u011brka palce<br \/>\nSe\u0159izovac\u00ed chr\u00e1ni\u010de<br \/>\nBlue steel p\u00e9rka<br \/>\nPolohovateln\u00e9 hmatn\u00edky klapek (D3, Eb3, F3)<br \/>\nPISONI pol\u0161t\u00e1\u0159ky s plastov\u00fdmi rezon\u00e1tory<br \/>\nOdn\u00edmateln\u00fd bodec<br \/>\nHubi\u010dka se strojkem a klobou\u010dkem<br \/>\nJUPITER case Deluxe with casters JPKC73W<br \/>\nP\u0159\u00edslu\u0161enstv\u00ed<\/p>\n","protected":false},"featured_media":2208,"comment_status":"open","ping_status":"closed","template":"","meta":[],"product_brand":[],"product_cat":[42,32],"product_tag":[],"class_list":{"0":"post-2198","1":"product","2":"type-product","3":"status-publish","4":"has-post-thumbnail","6":"product_cat-jupiter_saxophone","7":"product_cat-saxofony","9":"first","10":"outofstock","11":"shipping-taxable","12":"purchasable","13":"product-type-simple"},"_links":{"self":[{"href":"https:\/\/www.atelierhm.cz\/cz\/wp-json\/wp\/v2\/product\/2198","targetHints":{"allow":["GET"]}}],"collection":[{"href":"https:\/\/www.atelierhm.cz\/cz\/wp-json\/wp\/v2\/product"}],"about":[{"href":"https:\/\/www.atelierhm.cz\/cz\/wp-json\/wp\/v2\/types\/product"}],"replies":[{"embeddable":true,"href":"https:\/\/www.atelierhm.cz\/cz\/wp-json\/wp\/v2\/comments?post=2198"}],"wp:featuredmedia":[{"embeddable":true,"href":"https:\/\/www.atelierhm.cz\/cz\/wp-json\/wp\/v2\/media\/2208"}],"wp:attachment":[{"href":"https:\/\/www.atelierhm.cz\/cz\/wp-json\/wp\/v2\/media?parent=2198"}],"wp:term":[{"taxonomy":"product_brand","embeddable":true,"href":"https:\/\/www.atelierhm.cz\/cz\/wp-json\/wp\/v2\/product_brand?post=2198"},{"taxonomy":"product_cat","embeddable":true,"href":"https:\/\/www.atelierhm.cz\/cz\/wp-json\/wp\/v2\/product_cat?post=2198"},{"taxonomy":"product_tag","embeddable":true,"href":"https:\/\/www.atelierhm.cz\/cz\/wp-json\/wp\/v2\/product_tag?post=2198"}],"curies":[{"name":"wp","href":"https:\/\/api.w.org\/{rel}","templated":true}]}}