{"id":2197,"date":"2021-01-01T14:15:02","date_gmt":"2021-01-01T13:15:02","guid":{"rendered":"https:\/\/www.atelierhm.cz\/?post_type=product&#038;p=2197"},"modified":"2026-04-09T15:37:18","modified_gmt":"2026-04-09T13:37:18","slug":"tenor-saxofon-jupiter-jts700q","status":"publish","type":"product","link":"https:\/\/www.atelierhm.cz\/cz\/produkt\/tenor-saxofon-jupiter-jts700q\/","title":{"rendered":"Tenor saxofon Jupiter JTS700Q"},"content":{"rendered":"","protected":false},"excerpt":{"rendered":"<p>Lad\u011bn\u00ed: Bb<br \/>\nEso: zlatola, \u017elut\u00e1 mosaz, zar\u00e1\u017eka na okt\u00e1vov\u00e9 klapce<br \/>\nT\u011blo: zlatolak, \u017elut\u00e1 mosaz<br \/>\nMechanika: zlatolak, \u017elut\u00e1 mosaz<br \/>\nVysok\u00e1 F# klapka<br \/>\nSpojen\u00ed C#-Bb<br \/>\nSe\u0159izovac\u00ed, plastov\u00e1 op\u011brka palce<br \/>\nSe\u0159izovac\u00ed dorazy chr\u00e1ni\u010d\u016f<br \/>\nBlue steel p\u00e9rka<br \/>\nDemontovateln\u00fd ozvu\u010dn\u00edk<br \/>\nSe\u0159izovac\u00ed hmatn\u00edky bo\u010dn\u00edch klapek (D3,Eb3,F3)<br \/>\nSe\u0159izovac\u00ed \u0161roub na G klapce<br \/>\nPISONI pads with plastic resonator<br \/>\nSe\u0159izovac\u00ed \u0161rouby mechaniky lev\u00e9 a prav\u00e9 ruky (D, E, F, A, B)<br \/>\nHubi\u010dka se strojkem a klobou\u010dkem<br \/>\nJUPITER case light JPKC67Q<br \/>\nP\u0159\u00edslu\u0161enstv\u00ed<\/p>\n","protected":false},"featured_media":2211,"comment_status":"open","ping_status":"closed","template":"","meta":[],"product_brand":[],"product_cat":[42,32],"product_tag":[],"class_list":{"0":"post-2197","1":"product","2":"type-product","3":"status-publish","4":"has-post-thumbnail","6":"product_cat-jupiter_saxophone","7":"product_cat-saxofony","9":"first","10":"outofstock","11":"shipping-taxable","12":"purchasable","13":"product-type-simple"},"_links":{"self":[{"href":"https:\/\/www.atelierhm.cz\/cz\/wp-json\/wp\/v2\/product\/2197","targetHints":{"allow":["GET"]}}],"collection":[{"href":"https:\/\/www.atelierhm.cz\/cz\/wp-json\/wp\/v2\/product"}],"about":[{"href":"https:\/\/www.atelierhm.cz\/cz\/wp-json\/wp\/v2\/types\/product"}],"replies":[{"embeddable":true,"href":"https:\/\/www.atelierhm.cz\/cz\/wp-json\/wp\/v2\/comments?post=2197"}],"wp:featuredmedia":[{"embeddable":true,"href":"https:\/\/www.atelierhm.cz\/cz\/wp-json\/wp\/v2\/media\/2211"}],"wp:attachment":[{"href":"https:\/\/www.atelierhm.cz\/cz\/wp-json\/wp\/v2\/media?parent=2197"}],"wp:term":[{"taxonomy":"product_brand","embeddable":true,"href":"https:\/\/www.atelierhm.cz\/cz\/wp-json\/wp\/v2\/product_brand?post=2197"},{"taxonomy":"product_cat","embeddable":true,"href":"https:\/\/www.atelierhm.cz\/cz\/wp-json\/wp\/v2\/product_cat?post=2197"},{"taxonomy":"product_tag","embeddable":true,"href":"https:\/\/www.atelierhm.cz\/cz\/wp-json\/wp\/v2\/product_tag?post=2197"}],"curies":[{"name":"wp","href":"https:\/\/api.w.org\/{rel}","templated":true}]}}