{"id":2194,"date":"2021-01-01T14:15:02","date_gmt":"2021-01-01T13:15:02","guid":{"rendered":"https:\/\/www.atelierhm.cz\/?post_type=product&#038;p=2194"},"modified":"2026-04-09T15:37:20","modified_gmt":"2026-04-09T13:37:20","slug":"pricna-fletna-jupiter-jfl700ec","status":"publish","type":"product","link":"https:\/\/www.atelierhm.cz\/cz\/produkt\/pricna-fletna-jupiter-jfl700ec\/","title":{"rendered":"P\u0159\u00ed\u010dn\u00e1 fl\u00e9tna Jupiter JFL700EC"},"content":{"rendered":"","protected":false},"excerpt":{"rendered":"<p>Lad\u011bn\u00ed: C<br \/>\nHlavice: post\u0159\u00edb\u0159en\u00e1 alpaka<br \/>\nKom\u00ednek: Sterling silver 925<br \/>\nT\u011blo: post\u0159\u00edb\u0159en\u00e1 alpaka<br \/>\nMechanika: post\u0159\u00edb\u0159en\u00e1 alpaka<br \/>\nRozd\u011blen\u00fd E mechanism<br \/>\nC-footjoint<br \/>\nZav\u0159en\u00e9 klapky<br \/>\nJUPITER case JPKC11CA and lined bag JPKB11Q<br \/>\nP\u0159\u00edslu\u0161enstv\u00ed<\/p>\n","protected":false},"featured_media":2209,"comment_status":"open","ping_status":"closed","template":"","meta":[],"product_brand":[],"product_cat":[44,45],"product_tag":[],"class_list":{"0":"post-2194","1":"product","2":"type-product","3":"status-publish","4":"has-post-thumbnail","6":"product_cat-fletny","7":"product_cat-jupiter","9":"first","10":"outofstock","11":"shipping-taxable","12":"purchasable","13":"product-type-simple"},"_links":{"self":[{"href":"https:\/\/www.atelierhm.cz\/cz\/wp-json\/wp\/v2\/product\/2194","targetHints":{"allow":["GET"]}}],"collection":[{"href":"https:\/\/www.atelierhm.cz\/cz\/wp-json\/wp\/v2\/product"}],"about":[{"href":"https:\/\/www.atelierhm.cz\/cz\/wp-json\/wp\/v2\/types\/product"}],"replies":[{"embeddable":true,"href":"https:\/\/www.atelierhm.cz\/cz\/wp-json\/wp\/v2\/comments?post=2194"}],"wp:featuredmedia":[{"embeddable":true,"href":"https:\/\/www.atelierhm.cz\/cz\/wp-json\/wp\/v2\/media\/2209"}],"wp:attachment":[{"href":"https:\/\/www.atelierhm.cz\/cz\/wp-json\/wp\/v2\/media?parent=2194"}],"wp:term":[{"taxonomy":"product_brand","embeddable":true,"href":"https:\/\/www.atelierhm.cz\/cz\/wp-json\/wp\/v2\/product_brand?post=2194"},{"taxonomy":"product_cat","embeddable":true,"href":"https:\/\/www.atelierhm.cz\/cz\/wp-json\/wp\/v2\/product_cat?post=2194"},{"taxonomy":"product_tag","embeddable":true,"href":"https:\/\/www.atelierhm.cz\/cz\/wp-json\/wp\/v2\/product_tag?post=2194"}],"curies":[{"name":"wp","href":"https:\/\/api.w.org\/{rel}","templated":true}]}}