{"id":2148,"date":"2020-12-29T20:36:22","date_gmt":"2020-12-29T19:36:22","guid":{"rendered":"https:\/\/new.atelierhm.cz\/obchod\/buffet-crampon-bb-klarinet-gala-18-6-442\/"},"modified":"2026-04-09T15:37:20","modified_gmt":"2026-04-09T13:37:20","slug":"buffet-crampon-bb-klarinet-gala-18-6-442","status":"publish","type":"product","link":"https:\/\/www.atelierhm.cz\/cz\/produkt\/buffet-crampon-bb-klarinet-gala-18-6-442\/","title":{"rendered":"Buffet Crampon Bb Klarinet GALA 18\/6 442"},"content":{"rendered":"","protected":false},"excerpt":{"rendered":"<p>BC Bb klarinet GALA, 440\/442Hz, 18ti klapkov\u00fd, post\u0159\u00edb\u0159en\u00e1 mechanika, korkov\u00e9 + ko\u017een\u00e9 pol\u0161t\u00e1\u0159ky,  kuf\u0159\u00edk. Po p\u0159edstaven\u00ed klarinet\u016f L\u00e9gend a Tradition v roce 2017, vznikl z\u00e1m\u011br podpo\u0159it v\u00fdvoj t\u011bchto klarinet\u016f postaven\u00e9 na &#8222;nov\u00e9m&#8220; vrt\u00e1n\u00ed. Inovac\u00ed modelu z roku 1960 BC 20 vznik\u00e1 L\u011bgend, Tradition a nyn\u00ed v cenov\u011b dostupn\u011bj\u0161\u00ed variant\u011b vznik\u00e1 tento model GALA. Made in France<\/p>\n","protected":false},"featured_media":2150,"comment_status":"open","ping_status":"closed","template":"","meta":[],"product_brand":[],"product_cat":[34,29],"product_tag":[],"class_list":{"0":"post-2148","1":"product","2":"type-product","3":"status-publish","4":"has-post-thumbnail","6":"product_cat-buffet-crampon","7":"product_cat-klarinety","9":"first","10":"outofstock","11":"shipping-taxable","12":"purchasable","13":"product-type-simple"},"_links":{"self":[{"href":"https:\/\/www.atelierhm.cz\/cz\/wp-json\/wp\/v2\/product\/2148","targetHints":{"allow":["GET"]}}],"collection":[{"href":"https:\/\/www.atelierhm.cz\/cz\/wp-json\/wp\/v2\/product"}],"about":[{"href":"https:\/\/www.atelierhm.cz\/cz\/wp-json\/wp\/v2\/types\/product"}],"replies":[{"embeddable":true,"href":"https:\/\/www.atelierhm.cz\/cz\/wp-json\/wp\/v2\/comments?post=2148"}],"wp:featuredmedia":[{"embeddable":true,"href":"https:\/\/www.atelierhm.cz\/cz\/wp-json\/wp\/v2\/media\/2150"}],"wp:attachment":[{"href":"https:\/\/www.atelierhm.cz\/cz\/wp-json\/wp\/v2\/media?parent=2148"}],"wp:term":[{"taxonomy":"product_brand","embeddable":true,"href":"https:\/\/www.atelierhm.cz\/cz\/wp-json\/wp\/v2\/product_brand?post=2148"},{"taxonomy":"product_cat","embeddable":true,"href":"https:\/\/www.atelierhm.cz\/cz\/wp-json\/wp\/v2\/product_cat?post=2148"},{"taxonomy":"product_tag","embeddable":true,"href":"https:\/\/www.atelierhm.cz\/cz\/wp-json\/wp\/v2\/product_tag?post=2148"}],"curies":[{"name":"wp","href":"https:\/\/api.w.org\/{rel}","templated":true}]}}