{"id":2124,"date":"2020-12-23T14:49:22","date_gmt":"2020-12-23T13:49:22","guid":{"rendered":"https:\/\/new.atelierhm.cz\/obchod\/buffet-crampon-bb-klarinet-legende-19-6-440-442\/"},"modified":"2026-04-09T15:37:20","modified_gmt":"2026-04-09T13:37:20","slug":"buffet-crampon-bb-klarinet-legende-19-6-440-442","status":"publish","type":"product","link":"https:\/\/www.atelierhm.cz\/cz\/produkt\/buffet-crampon-bb-klarinet-legende-19-6-440-442\/","title":{"rendered":"Buffet Crampon Bb Klarinet L\u00c9GENDE 19\/6 440\/442"},"content":{"rendered":"","protected":false},"excerpt":{"rendered":"<p>BC Bb klarinet L\u00e9gende, 440\/442Hz, 19ti klapkov\u00fd, post\u0159\u00edb\u0159en\u00e1 mechanika, korkov\u00e9 + Gore-texov\u00e9 pol\u0161t\u00e1\u0159ky,  stylov\u00e9 pouzdro s ta\u0161kou<\/p>\n","protected":false},"featured_media":2151,"comment_status":"open","ping_status":"closed","template":"","meta":[],"product_brand":[],"product_cat":[34,29],"product_tag":[],"class_list":{"0":"post-2124","1":"product","2":"type-product","3":"status-publish","4":"has-post-thumbnail","6":"product_cat-buffet-crampon","7":"product_cat-klarinety","9":"first","10":"instock","11":"shipping-taxable","12":"purchasable","13":"product-type-simple"},"_links":{"self":[{"href":"https:\/\/www.atelierhm.cz\/cz\/wp-json\/wp\/v2\/product\/2124","targetHints":{"allow":["GET"]}}],"collection":[{"href":"https:\/\/www.atelierhm.cz\/cz\/wp-json\/wp\/v2\/product"}],"about":[{"href":"https:\/\/www.atelierhm.cz\/cz\/wp-json\/wp\/v2\/types\/product"}],"replies":[{"embeddable":true,"href":"https:\/\/www.atelierhm.cz\/cz\/wp-json\/wp\/v2\/comments?post=2124"}],"wp:featuredmedia":[{"embeddable":true,"href":"https:\/\/www.atelierhm.cz\/cz\/wp-json\/wp\/v2\/media\/2151"}],"wp:attachment":[{"href":"https:\/\/www.atelierhm.cz\/cz\/wp-json\/wp\/v2\/media?parent=2124"}],"wp:term":[{"taxonomy":"product_brand","embeddable":true,"href":"https:\/\/www.atelierhm.cz\/cz\/wp-json\/wp\/v2\/product_brand?post=2124"},{"taxonomy":"product_cat","embeddable":true,"href":"https:\/\/www.atelierhm.cz\/cz\/wp-json\/wp\/v2\/product_cat?post=2124"},{"taxonomy":"product_tag","embeddable":true,"href":"https:\/\/www.atelierhm.cz\/cz\/wp-json\/wp\/v2\/product_tag?post=2124"}],"curies":[{"name":"wp","href":"https:\/\/api.w.org\/{rel}","templated":true}]}}