{"id":1231,"date":"2020-11-24T14:34:57","date_gmt":"2020-11-24T13:34:57","guid":{"rendered":"https:\/\/new.atelierhm.cz\/product\/import-placeholder-for-2215\/"},"modified":"2026-04-09T15:37:18","modified_gmt":"2026-04-09T13:37:18","slug":"buffet-crampon-saxofon-tenor-400-series-gb-antique","status":"publish","type":"product","link":"https:\/\/www.atelierhm.cz\/cz\/produkt\/buffet-crampon-saxofon-tenor-400-series-gb-antique\/","title":{"rendered":"Buffet Crampon Saxofon Tenor 400 Series GB Antique"},"content":{"rendered":"","protected":false},"excerpt":{"rendered":"<p>Pokro\u010dil\u00fd Bb Tenor saxofon, celo mosazn\u00fd, ko\u017een\u00e9 pol\u0161t\u00e1\u0159ky s kovov\u00fdmi rezon\u00e1tory, pouzdro, povrchov\u00e1 \u00faprava matn\u00fd &#8211; brou\u0161en\u00fd (kracovan\u00fd)<\/p>\n","protected":false},"featured_media":1103,"comment_status":"open","ping_status":"closed","template":"","meta":[],"product_brand":[],"product_cat":[35,32],"product_tag":[],"class_list":{"0":"post-1231","1":"product","2":"type-product","3":"status-publish","4":"has-post-thumbnail","6":"product_cat-buffet-crampon-saxofony","7":"product_cat-saxofony","9":"first","10":"outofstock","11":"shipping-taxable","12":"purchasable","13":"product-type-simple"},"_links":{"self":[{"href":"https:\/\/www.atelierhm.cz\/cz\/wp-json\/wp\/v2\/product\/1231","targetHints":{"allow":["GET"]}}],"collection":[{"href":"https:\/\/www.atelierhm.cz\/cz\/wp-json\/wp\/v2\/product"}],"about":[{"href":"https:\/\/www.atelierhm.cz\/cz\/wp-json\/wp\/v2\/types\/product"}],"replies":[{"embeddable":true,"href":"https:\/\/www.atelierhm.cz\/cz\/wp-json\/wp\/v2\/comments?post=1231"}],"wp:featuredmedia":[{"embeddable":true,"href":"https:\/\/www.atelierhm.cz\/cz\/wp-json\/wp\/v2\/media\/1103"}],"wp:attachment":[{"href":"https:\/\/www.atelierhm.cz\/cz\/wp-json\/wp\/v2\/media?parent=1231"}],"wp:term":[{"taxonomy":"product_brand","embeddable":true,"href":"https:\/\/www.atelierhm.cz\/cz\/wp-json\/wp\/v2\/product_brand?post=1231"},{"taxonomy":"product_cat","embeddable":true,"href":"https:\/\/www.atelierhm.cz\/cz\/wp-json\/wp\/v2\/product_cat?post=1231"},{"taxonomy":"product_tag","embeddable":true,"href":"https:\/\/www.atelierhm.cz\/cz\/wp-json\/wp\/v2\/product_tag?post=1231"}],"curies":[{"name":"wp","href":"https:\/\/api.w.org\/{rel}","templated":true}]}}