{"id":1219,"date":"2020-11-24T14:34:51","date_gmt":"2020-11-24T13:34:51","guid":{"rendered":"https:\/\/new.atelierhm.cz\/product\/import-placeholder-for-1908\/"},"modified":"2026-04-09T15:37:11","modified_gmt":"2026-04-09T13:37:11","slug":"henri-selmer-alt-saxofon-seles-axos","status":"publish","type":"product","link":"https:\/\/www.atelierhm.cz\/cz\/produkt\/henri-selmer-alt-saxofon-seles-axos\/","title":{"rendered":"Henri Selmer Alt Saxofon Seles AXOS"},"content":{"rendered":"","protected":false},"excerpt":{"rendered":"<p>Nejmlad\u0161\u00ed model saxofonu z d\u00edlny Henri Selmer Paris. Se zna\u010dkou Seles se Henri Selmer dost\u00e1v\u00e1 cenov\u011b do \u0159ady poloprofesion\u00e1ln\u00edch n\u00e1stroj\u016f. N\u00e1stroj vych\u00e1z\u00ed ergonomi\u00ed z modelu S80 Serie II a nov\u011b usp\u016fsoben\u00fdm t\u011blem co se intonace t\u00fd\u010de. Jedn\u00e1 se tedy o nejlevn\u011bj\u0161\u00ed \u0159adu saxofon\u016f Henri Selmer u kter\u00e9 je zachov\u00e1n tradi\u010dn\u00ed zvuk a d\u00edlensk\u00e9 zpracov\u00e1n\u00ed je 100% made in France. N\u00e1stroj je dod\u00e1n s pouzdrem Seles v\u010detn\u011b p\u0159\u00edslu\u0161enstv\u00ed a hubic\u00ed S80 C*.<\/p>\n<p>Ke standardn\u00ed z\u00e1ruce 24 m\u011bs\u00edc\u016f je sou\u010d\u00e1st\u00ed servis n\u00e1stroje po tuto dobu.<\/p>\n","protected":false},"featured_media":1083,"comment_status":"open","ping_status":"closed","template":"","meta":[],"product_brand":[],"product_cat":[33,32],"product_tag":[],"class_list":{"0":"post-1219","1":"product","2":"type-product","3":"status-publish","4":"has-post-thumbnail","6":"product_cat-henri-selmer-saxofony","7":"product_cat-saxofony","9":"first","10":"instock","11":"sold-individually","12":"shipping-taxable","13":"purchasable","14":"product-type-simple"},"_links":{"self":[{"href":"https:\/\/www.atelierhm.cz\/cz\/wp-json\/wp\/v2\/product\/1219","targetHints":{"allow":["GET"]}}],"collection":[{"href":"https:\/\/www.atelierhm.cz\/cz\/wp-json\/wp\/v2\/product"}],"about":[{"href":"https:\/\/www.atelierhm.cz\/cz\/wp-json\/wp\/v2\/types\/product"}],"replies":[{"embeddable":true,"href":"https:\/\/www.atelierhm.cz\/cz\/wp-json\/wp\/v2\/comments?post=1219"}],"wp:featuredmedia":[{"embeddable":true,"href":"https:\/\/www.atelierhm.cz\/cz\/wp-json\/wp\/v2\/media\/1083"}],"wp:attachment":[{"href":"https:\/\/www.atelierhm.cz\/cz\/wp-json\/wp\/v2\/media?parent=1219"}],"wp:term":[{"taxonomy":"product_brand","embeddable":true,"href":"https:\/\/www.atelierhm.cz\/cz\/wp-json\/wp\/v2\/product_brand?post=1219"},{"taxonomy":"product_cat","embeddable":true,"href":"https:\/\/www.atelierhm.cz\/cz\/wp-json\/wp\/v2\/product_cat?post=1219"},{"taxonomy":"product_tag","embeddable":true,"href":"https:\/\/www.atelierhm.cz\/cz\/wp-json\/wp\/v2\/product_tag?post=1219"}],"curies":[{"name":"wp","href":"https:\/\/api.w.org\/{rel}","templated":true}]}}