{"id":1216,"date":"2020-11-24T14:34:51","date_gmt":"2020-11-24T13:34:51","guid":{"rendered":"https:\/\/new.atelierhm.cz\/product\/import-placeholder-for-1818\/"},"modified":"2026-04-09T15:37:18","modified_gmt":"2026-04-09T13:37:18","slug":"klarinetova-hubicka-buffet-crampon-cervena-urban-play","status":"publish","type":"product","link":"https:\/\/www.atelierhm.cz\/cz\/produkt\/klarinetova-hubicka-buffet-crampon-cervena-urban-play\/","title":{"rendered":"Klarinetov\u00e1 hubi\u010dka Buffet Crampon &#8211; \u010derven\u00e1 Urban Play"},"content":{"rendered":"","protected":false},"excerpt":{"rendered":"<p>Klarinetov\u00e1 hubi\u010dka Bb\/A barevn\u00e1<\/p>\n","protected":false},"featured_media":1079,"comment_status":"open","ping_status":"closed","template":"","meta":[],"product_brand":[],"product_cat":[24,25],"product_tag":[],"class_list":{"0":"post-1216","1":"product","2":"type-product","3":"status-publish","4":"has-post-thumbnail","6":"product_cat-hubice","7":"product_cat-prislusenstvi","9":"first","10":"instock","11":"sold-individually","12":"shipping-taxable","13":"purchasable","14":"product-type-simple"},"_links":{"self":[{"href":"https:\/\/www.atelierhm.cz\/cz\/wp-json\/wp\/v2\/product\/1216","targetHints":{"allow":["GET"]}}],"collection":[{"href":"https:\/\/www.atelierhm.cz\/cz\/wp-json\/wp\/v2\/product"}],"about":[{"href":"https:\/\/www.atelierhm.cz\/cz\/wp-json\/wp\/v2\/types\/product"}],"replies":[{"embeddable":true,"href":"https:\/\/www.atelierhm.cz\/cz\/wp-json\/wp\/v2\/comments?post=1216"}],"wp:featuredmedia":[{"embeddable":true,"href":"https:\/\/www.atelierhm.cz\/cz\/wp-json\/wp\/v2\/media\/1079"}],"wp:attachment":[{"href":"https:\/\/www.atelierhm.cz\/cz\/wp-json\/wp\/v2\/media?parent=1216"}],"wp:term":[{"taxonomy":"product_brand","embeddable":true,"href":"https:\/\/www.atelierhm.cz\/cz\/wp-json\/wp\/v2\/product_brand?post=1216"},{"taxonomy":"product_cat","embeddable":true,"href":"https:\/\/www.atelierhm.cz\/cz\/wp-json\/wp\/v2\/product_cat?post=1216"},{"taxonomy":"product_tag","embeddable":true,"href":"https:\/\/www.atelierhm.cz\/cz\/wp-json\/wp\/v2\/product_tag?post=1216"}],"curies":[{"name":"wp","href":"https:\/\/api.w.org\/{rel}","templated":true}]}}