{"id":1196,"date":"2020-11-24T14:34:44","date_gmt":"2020-11-24T13:34:44","guid":{"rendered":"https:\/\/new.atelierhm.cz\/product\/import-placeholder-for-1798\/"},"modified":"2026-04-09T15:37:16","modified_gmt":"2026-04-09T13:37:16","slug":"henri-selmer-tenor-saxofon-s80-ii","status":"publish","type":"product","link":"https:\/\/www.atelierhm.cz\/cz\/produkt\/henri-selmer-tenor-saxofon-s80-ii\/","title":{"rendered":"Henri Selmer Tenor Saxofon S80 II"},"content":{"rendered":"","protected":false},"excerpt":{"rendered":"<p>Tenor saxofon Henri Selmer Paris Super Action 80 Serie II, zlatolak, light case, hubice S80 C*. N\u00e1stroj kter\u00fd se vyr\u00e1b\u00ed ji\u017e po desetilet\u00ed a t\u011b\u0161\u00ed se st\u00e1l\u00e9 oblib\u011b. Vyrovnan\u00e1 intonace a siln\u00fd t\u00f3n zaji\u0161\u0165uj\u011b vy\u0161\u0161\u00ed eso ne\u017e-li je tomu u ostatn\u00edch Selmer model\u016f. N\u00e1stroj lze dodat bez pouzdra.<\/p>\n","protected":false},"featured_media":1035,"comment_status":"open","ping_status":"closed","template":"","meta":[],"product_brand":[],"product_cat":[33,32],"product_tag":[],"class_list":{"0":"post-1196","1":"product","2":"type-product","3":"status-publish","4":"has-post-thumbnail","6":"product_cat-henri-selmer-saxofony","7":"product_cat-saxofony","9":"first","10":"outofstock","11":"shipping-taxable","12":"purchasable","13":"product-type-simple"},"_links":{"self":[{"href":"https:\/\/www.atelierhm.cz\/cz\/wp-json\/wp\/v2\/product\/1196","targetHints":{"allow":["GET"]}}],"collection":[{"href":"https:\/\/www.atelierhm.cz\/cz\/wp-json\/wp\/v2\/product"}],"about":[{"href":"https:\/\/www.atelierhm.cz\/cz\/wp-json\/wp\/v2\/types\/product"}],"replies":[{"embeddable":true,"href":"https:\/\/www.atelierhm.cz\/cz\/wp-json\/wp\/v2\/comments?post=1196"}],"wp:featuredmedia":[{"embeddable":true,"href":"https:\/\/www.atelierhm.cz\/cz\/wp-json\/wp\/v2\/media\/1035"}],"wp:attachment":[{"href":"https:\/\/www.atelierhm.cz\/cz\/wp-json\/wp\/v2\/media?parent=1196"}],"wp:term":[{"taxonomy":"product_brand","embeddable":true,"href":"https:\/\/www.atelierhm.cz\/cz\/wp-json\/wp\/v2\/product_brand?post=1196"},{"taxonomy":"product_cat","embeddable":true,"href":"https:\/\/www.atelierhm.cz\/cz\/wp-json\/wp\/v2\/product_cat?post=1196"},{"taxonomy":"product_tag","embeddable":true,"href":"https:\/\/www.atelierhm.cz\/cz\/wp-json\/wp\/v2\/product_tag?post=1196"}],"curies":[{"name":"wp","href":"https:\/\/api.w.org\/{rel}","templated":true}]}}