{"id":1190,"date":"2020-11-24T14:34:44","date_gmt":"2020-11-24T13:34:44","guid":{"rendered":"https:\/\/new.atelierhm.cz\/product\/import-placeholder-for-1792\/"},"modified":"2026-04-09T15:38:44","modified_gmt":"2026-04-09T13:38:44","slug":"henri-selmer-soprano-sax-serie-iii-zl","status":"publish","type":"product","link":"https:\/\/www.atelierhm.cz\/cz\/produkt\/henri-selmer-soprano-sax-serie-iii-zl\/","title":{"rendered":"Henri Selmer Soprano Sax SERIE III ZL"},"content":{"rendered":"","protected":false},"excerpt":{"rendered":"<p>Sopr\u00e1n saxofon Henri SELMER Paris SERIE III, grav\u00edrovan\u00fd, light case. N\u00e1stroj lze dodat i bez pouzdra a p\u0159\u00edslu\u0161enstv\u00ed.<\/p>\n","protected":false},"featured_media":1030,"comment_status":"open","ping_status":"closed","template":"","meta":[],"product_brand":[],"product_cat":[33,32],"product_tag":[],"class_list":{"0":"post-1190","1":"product","2":"type-product","3":"status-publish","4":"has-post-thumbnail","6":"product_cat-henri-selmer-saxofony","7":"product_cat-saxofony","9":"first","10":"instock","11":"shipping-taxable","12":"purchasable","13":"product-type-simple"},"_links":{"self":[{"href":"https:\/\/www.atelierhm.cz\/cz\/wp-json\/wp\/v2\/product\/1190","targetHints":{"allow":["GET"]}}],"collection":[{"href":"https:\/\/www.atelierhm.cz\/cz\/wp-json\/wp\/v2\/product"}],"about":[{"href":"https:\/\/www.atelierhm.cz\/cz\/wp-json\/wp\/v2\/types\/product"}],"replies":[{"embeddable":true,"href":"https:\/\/www.atelierhm.cz\/cz\/wp-json\/wp\/v2\/comments?post=1190"}],"wp:featuredmedia":[{"embeddable":true,"href":"https:\/\/www.atelierhm.cz\/cz\/wp-json\/wp\/v2\/media\/1030"}],"wp:attachment":[{"href":"https:\/\/www.atelierhm.cz\/cz\/wp-json\/wp\/v2\/media?parent=1190"}],"wp:term":[{"taxonomy":"product_brand","embeddable":true,"href":"https:\/\/www.atelierhm.cz\/cz\/wp-json\/wp\/v2\/product_brand?post=1190"},{"taxonomy":"product_cat","embeddable":true,"href":"https:\/\/www.atelierhm.cz\/cz\/wp-json\/wp\/v2\/product_cat?post=1190"},{"taxonomy":"product_tag","embeddable":true,"href":"https:\/\/www.atelierhm.cz\/cz\/wp-json\/wp\/v2\/product_tag?post=1190"}],"curies":[{"name":"wp","href":"https:\/\/api.w.org\/{rel}","templated":true}]}}