{"id":1169,"date":"2020-11-24T14:34:42","date_gmt":"2020-11-24T13:34:42","guid":{"rendered":"https:\/\/new.atelierhm.cz\/product\/import-placeholder-for-1771\/"},"modified":"2026-04-09T15:37:14","modified_gmt":"2026-04-09T13:37:14","slug":"buffet-crampon-saxofon-alto-100-series","status":"publish","type":"product","link":"https:\/\/www.atelierhm.cz\/cz\/produkt\/buffet-crampon-saxofon-alto-100-series\/","title":{"rendered":"Buffet Crampon Saxofon Alto 100 Series"},"content":{"rendered":"","protected":false},"excerpt":{"rendered":"<p>Studentsk\u00fd Eb Alt saxofon, celo mosazn\u00fd, ko\u017een\u00e9 pol\u0161t\u00e1\u0159ky s kovov\u00fdmi rezon\u00e1tory, pouzdro<\/p>\n<p>D\u016fle\u017eitost kvalitn\u00edho n\u00e1stroje pro za\u010d\u00ednaj\u00edc\u00ed hr\u00e1\u010de by nem\u011bla b\u00fdt podcen\u011bna. Tento n\u00e1stroj p\u0159in\u00e1\u0161\u00ed skv\u011bl\u00fd ozev v cel\u00e9m rozsahu n\u00e1stroje, velice akur\u00e1tn\u00ed intonaci a velmi stabiln\u00ed t\u00f3n. Tento n\u00e1stroj si pr\u00e1vem zaslou\u017e\u00ed pozornost mezi studentsk\u00fdmi n\u00e1stroji.<\/p>\n<p>Ke standardn\u00ed z\u00e1ruce 24 m\u011bs\u00edc\u016f je sou\u010d\u00e1st\u00ed servis n\u00e1stroje po tuto dobu.<\/p>\n","protected":false},"featured_media":982,"comment_status":"open","ping_status":"closed","template":"","meta":[],"product_brand":[],"product_cat":[35,32],"product_tag":[],"class_list":{"0":"post-1169","1":"product","2":"type-product","3":"status-publish","4":"has-post-thumbnail","6":"product_cat-buffet-crampon-saxofony","7":"product_cat-saxofony","9":"first","10":"instock","11":"featured","12":"shipping-taxable","13":"purchasable","14":"product-type-simple"},"_links":{"self":[{"href":"https:\/\/www.atelierhm.cz\/cz\/wp-json\/wp\/v2\/product\/1169","targetHints":{"allow":["GET"]}}],"collection":[{"href":"https:\/\/www.atelierhm.cz\/cz\/wp-json\/wp\/v2\/product"}],"about":[{"href":"https:\/\/www.atelierhm.cz\/cz\/wp-json\/wp\/v2\/types\/product"}],"replies":[{"embeddable":true,"href":"https:\/\/www.atelierhm.cz\/cz\/wp-json\/wp\/v2\/comments?post=1169"}],"wp:featuredmedia":[{"embeddable":true,"href":"https:\/\/www.atelierhm.cz\/cz\/wp-json\/wp\/v2\/media\/982"}],"wp:attachment":[{"href":"https:\/\/www.atelierhm.cz\/cz\/wp-json\/wp\/v2\/media?parent=1169"}],"wp:term":[{"taxonomy":"product_brand","embeddable":true,"href":"https:\/\/www.atelierhm.cz\/cz\/wp-json\/wp\/v2\/product_brand?post=1169"},{"taxonomy":"product_cat","embeddable":true,"href":"https:\/\/www.atelierhm.cz\/cz\/wp-json\/wp\/v2\/product_cat?post=1169"},{"taxonomy":"product_tag","embeddable":true,"href":"https:\/\/www.atelierhm.cz\/cz\/wp-json\/wp\/v2\/product_tag?post=1169"}],"curies":[{"name":"wp","href":"https:\/\/api.w.org\/{rel}","templated":true}]}}