{"id":1154,"date":"2020-11-24T14:34:37","date_gmt":"2020-11-24T13:34:37","guid":{"rendered":"https:\/\/new.atelierhm.cz\/product\/import-placeholder-for-1756\/"},"modified":"2026-04-09T15:37:14","modified_gmt":"2026-04-09T13:37:14","slug":"buffet-crampon-a-klarinet-festival-18-6-440-442","status":"publish","type":"product","link":"https:\/\/www.atelierhm.cz\/cz\/produkt\/buffet-crampon-a-klarinet-festival-18-6-440-442\/","title":{"rendered":"Buffet Crampon A Klarinet FESTIVAL 18\/6 440\/442"},"content":{"rendered":"","protected":false},"excerpt":{"rendered":"<p>BC A klarinet Festival, 440\/442Hz, 18ti klapkov\u00fd, post\u0159\u00edb\u0159en\u00e1 mechanika, korkov\u00e9 + Gore-texov\u00e9 pol\u0161t\u00e1\u0159ky,  pouzdro<\/p>\n","protected":false},"featured_media":931,"comment_status":"open","ping_status":"closed","template":"","meta":[],"product_brand":[],"product_cat":[34,29],"product_tag":[],"class_list":{"0":"post-1154","1":"product","2":"type-product","3":"status-publish","4":"has-post-thumbnail","6":"product_cat-buffet-crampon","7":"product_cat-klarinety","9":"first","10":"onbackorder","11":"shipping-taxable","12":"purchasable","13":"product-type-simple"},"_links":{"self":[{"href":"https:\/\/www.atelierhm.cz\/cz\/wp-json\/wp\/v2\/product\/1154","targetHints":{"allow":["GET"]}}],"collection":[{"href":"https:\/\/www.atelierhm.cz\/cz\/wp-json\/wp\/v2\/product"}],"about":[{"href":"https:\/\/www.atelierhm.cz\/cz\/wp-json\/wp\/v2\/types\/product"}],"replies":[{"embeddable":true,"href":"https:\/\/www.atelierhm.cz\/cz\/wp-json\/wp\/v2\/comments?post=1154"}],"wp:featuredmedia":[{"embeddable":true,"href":"https:\/\/www.atelierhm.cz\/cz\/wp-json\/wp\/v2\/media\/931"}],"wp:attachment":[{"href":"https:\/\/www.atelierhm.cz\/cz\/wp-json\/wp\/v2\/media?parent=1154"}],"wp:term":[{"taxonomy":"product_brand","embeddable":true,"href":"https:\/\/www.atelierhm.cz\/cz\/wp-json\/wp\/v2\/product_brand?post=1154"},{"taxonomy":"product_cat","embeddable":true,"href":"https:\/\/www.atelierhm.cz\/cz\/wp-json\/wp\/v2\/product_cat?post=1154"},{"taxonomy":"product_tag","embeddable":true,"href":"https:\/\/www.atelierhm.cz\/cz\/wp-json\/wp\/v2\/product_tag?post=1154"}],"curies":[{"name":"wp","href":"https:\/\/api.w.org\/{rel}","templated":true}]}}