{"id":1130,"date":"2020-11-24T14:34:30","date_gmt":"2020-11-24T13:34:30","guid":{"rendered":"https:\/\/new.atelierhm.cz\/product\/import-placeholder-for-1732\/"},"modified":"2026-04-09T15:37:12","modified_gmt":"2026-04-09T13:37:12","slug":"henri-selmer-tenor-saxofon-reference-36-dgg","status":"publish","type":"product","link":"https:\/\/www.atelierhm.cz\/cz\/produkt\/henri-selmer-tenor-saxofon-reference-36-dgg\/","title":{"rendered":"Henri Selmer Tenor Saxofon REFERENCE 36 DGG"},"content":{"rendered":"","protected":false},"excerpt":{"rendered":"<p>Tenor saxofon Henri Selmer Paris Reference 36 zlatolak, Reference flight pouzdro. Odkazuje na rok 1936 do doby, kdy se za\u010dal vyr\u00e1b\u011bt model Balanced Action. Nam\u00edsto strojov\u00e9ho zpracov\u00e1n\u00ed se ru\u010dn\u011b vyr\u00e1b\u00ed ozvu\u010dn\u00edk, eso dost\u00e1v\u00e1 jin\u00fd tvar a \u0161ir\u0161\u00ed vrt\u00e1n\u00ed na konci esa. Mechanika je identick\u00e1 s modelem Serie III. N\u00e1stroj lze dodat i bez poudra a p\u0159\u00edslu\u0161enstv\u00ed.<\/p>\n","protected":false},"featured_media":944,"comment_status":"open","ping_status":"closed","template":"","meta":[],"product_brand":[],"product_cat":[33,32],"product_tag":[],"class_list":{"0":"post-1130","1":"product","2":"type-product","3":"status-publish","4":"has-post-thumbnail","6":"product_cat-henri-selmer-saxofony","7":"product_cat-saxofony","9":"first","10":"outofstock","11":"shipping-taxable","12":"purchasable","13":"product-type-simple"},"_links":{"self":[{"href":"https:\/\/www.atelierhm.cz\/cz\/wp-json\/wp\/v2\/product\/1130","targetHints":{"allow":["GET"]}}],"collection":[{"href":"https:\/\/www.atelierhm.cz\/cz\/wp-json\/wp\/v2\/product"}],"about":[{"href":"https:\/\/www.atelierhm.cz\/cz\/wp-json\/wp\/v2\/types\/product"}],"replies":[{"embeddable":true,"href":"https:\/\/www.atelierhm.cz\/cz\/wp-json\/wp\/v2\/comments?post=1130"}],"wp:featuredmedia":[{"embeddable":true,"href":"https:\/\/www.atelierhm.cz\/cz\/wp-json\/wp\/v2\/media\/944"}],"wp:attachment":[{"href":"https:\/\/www.atelierhm.cz\/cz\/wp-json\/wp\/v2\/media?parent=1130"}],"wp:term":[{"taxonomy":"product_brand","embeddable":true,"href":"https:\/\/www.atelierhm.cz\/cz\/wp-json\/wp\/v2\/product_brand?post=1130"},{"taxonomy":"product_cat","embeddable":true,"href":"https:\/\/www.atelierhm.cz\/cz\/wp-json\/wp\/v2\/product_cat?post=1130"},{"taxonomy":"product_tag","embeddable":true,"href":"https:\/\/www.atelierhm.cz\/cz\/wp-json\/wp\/v2\/product_tag?post=1130"}],"curies":[{"name":"wp","href":"https:\/\/api.w.org\/{rel}","templated":true}]}}