{"id":1109,"date":"2020-11-24T14:34:28","date_gmt":"2020-11-24T13:34:28","guid":{"rendered":"https:\/\/new.atelierhm.cz\/product\/import-placeholder-for-1711\/"},"modified":"2026-04-09T15:37:18","modified_gmt":"2026-04-09T13:37:18","slug":"henri-selmer-20-basset-horn-clar","status":"publish","type":"product","link":"https:\/\/www.atelierhm.cz\/cz\/produkt\/henri-selmer-20-basset-horn-clar\/","title":{"rendered":"Henri SELMER 20 BASSET HORN CLAR"},"content":{"rendered":"","protected":false},"excerpt":{"rendered":"<p>Basetov\u00fd roh Henri Selmer Paris, model 20F, dod\u00e1n s pouzdrem a p\u0159\u00edslu\u0161enstv\u00edm<\/p>\n","protected":false},"featured_media":919,"comment_status":"open","ping_status":"closed","template":"","meta":[],"product_brand":[],"product_cat":[30,29],"product_tag":[],"class_list":{"0":"post-1109","1":"product","2":"type-product","3":"status-publish","4":"has-post-thumbnail","6":"product_cat-henri-selmer-klarinety","7":"product_cat-klarinety","9":"first","10":"onbackorder","11":"shipping-taxable","12":"purchasable","13":"product-type-simple"},"_links":{"self":[{"href":"https:\/\/www.atelierhm.cz\/cz\/wp-json\/wp\/v2\/product\/1109","targetHints":{"allow":["GET"]}}],"collection":[{"href":"https:\/\/www.atelierhm.cz\/cz\/wp-json\/wp\/v2\/product"}],"about":[{"href":"https:\/\/www.atelierhm.cz\/cz\/wp-json\/wp\/v2\/types\/product"}],"replies":[{"embeddable":true,"href":"https:\/\/www.atelierhm.cz\/cz\/wp-json\/wp\/v2\/comments?post=1109"}],"wp:featuredmedia":[{"embeddable":true,"href":"https:\/\/www.atelierhm.cz\/cz\/wp-json\/wp\/v2\/media\/919"}],"wp:attachment":[{"href":"https:\/\/www.atelierhm.cz\/cz\/wp-json\/wp\/v2\/media?parent=1109"}],"wp:term":[{"taxonomy":"product_brand","embeddable":true,"href":"https:\/\/www.atelierhm.cz\/cz\/wp-json\/wp\/v2\/product_brand?post=1109"},{"taxonomy":"product_cat","embeddable":true,"href":"https:\/\/www.atelierhm.cz\/cz\/wp-json\/wp\/v2\/product_cat?post=1109"},{"taxonomy":"product_tag","embeddable":true,"href":"https:\/\/www.atelierhm.cz\/cz\/wp-json\/wp\/v2\/product_tag?post=1109"}],"curies":[{"name":"wp","href":"https:\/\/api.w.org\/{rel}","templated":true}]}}