{"id":806,"date":"2020-11-23T15:32:35","date_gmt":"2020-11-23T14:32:35","guid":{"rendered":"https:\/\/new.atelierhm.cz\/?page_id=806"},"modified":"2021-01-01T12:34:59","modified_gmt":"2021-01-01T11:34:59","slug":"prodlouzeni-bas-klarinetu","status":"publish","type":"page","link":"https:\/\/www.atelierhm.cz\/cz\/vyroba\/prodlouzeni-bas-klarinetu\/","title":{"rendered":"Prodlou\u017een\u00ed bas klarinetu"},"content":{"rendered":"\t\t<div data-elementor-type=\"wp-page\" data-elementor-id=\"806\" class=\"elementor elementor-806\" data-elementor-post-type=\"page\">\n\t\t\t\t\t\t<section class=\"elementor-section elementor-top-section elementor-element elementor-element-b50a60c elementor-section-boxed elementor-section-height-default elementor-section-height-default\" data-id=\"b50a60c\" data-element_type=\"section\" data-e-type=\"section\">\n\t\t\t\t\t\t<div class=\"elementor-container elementor-column-gap-default\">\n\t\t\t\t\t<div class=\"elementor-column elementor-col-100 elementor-top-column elementor-element elementor-element-23d4e45\" data-id=\"23d4e45\" data-element_type=\"column\" data-e-type=\"column\">\n\t\t\t<div class=\"elementor-widget-wrap elementor-element-populated\">\n\t\t\t\t\t\t<div class=\"elementor-element elementor-element-e30f9a8 elementor-widget elementor-widget-breadcrumbs\" data-id=\"e30f9a8\" data-element_type=\"widget\" data-e-type=\"widget\" data-widget_type=\"breadcrumbs.default\">\n\t\t\t\t<div class=\"elementor-widget-container\">\n\t\t\t\t\t<p id=\"breadcrumbs\"><span><span><a href=\"https:\/\/www.atelierhm.cz\/cz\/\">Atelier H&amp;M<\/a><\/span><\/span><\/p>\t\t\t\t<\/div>\n\t\t\t\t<\/div>\n\t\t\t\t<div class=\"elementor-element elementor-element-3f799f5 elementor-widget elementor-widget-heading\" data-id=\"3f799f5\" data-element_type=\"widget\" data-e-type=\"widget\" data-widget_type=\"heading.default\">\n\t\t\t\t<div class=\"elementor-widget-container\">\n\t\t\t\t\t<h1 class=\"elementor-heading-title elementor-size-default\">Prodlou\u017een\u00ed bas klarinetu<\/h1>\t\t\t\t<\/div>\n\t\t\t\t<\/div>\n\t\t\t\t<div class=\"elementor-element elementor-element-35fb920 elementor-widget elementor-widget-text-editor\" data-id=\"35fb920\" data-element_type=\"widget\" data-e-type=\"widget\" data-widget_type=\"text-editor.default\">\n\t\t\t\t<div class=\"elementor-widget-container\">\n\t\t\t\t\t\t\t\t\t<p>Jedn\u00e1 se o korekci v lad\u011bn\u00ed pro Selmer low Eb bas klarinet. Spodn\u00ed Eb a E je u t\u011bchto n\u00e1stroj\u016f n\u00edzko ji\u017e p\u0159i norm\u00e1ln\u00ed intenzit\u011b hran\u00ed mf (cca -20cent\u016f), tento probl\u00e9m se zv\u011bt\u0161uje p\u0159i pot\u0159eb\u011b hr\u00e1t v\u00edce nahlas, p\u0159i forte. T\u00edmto neinvazivn\u00edm \u0159e\u0161en\u00edm je prodlou\u017een\u00ed n\u00e1stroje a relokace posledn\u00edho t\u00f3nov\u00e9ho otvoru.<\/p>\n<p>(Samoz\u0159ejm\u011b je mo\u017en\u00e9 tento d\u00edl vyrobit del\u0161\u00ed a p\u0159idat dal\u0161\u00ed t\u00f3ny D, C# a C.)<\/p>\t\t\t\t\t\t\t\t<\/div>\n\t\t\t\t<\/div>\n\t\t\t\t<div class=\"elementor-element elementor-element-22fff2b elementor-widget elementor-widget-gallery\" data-id=\"22fff2b\" data-element_type=\"widget\" data-e-type=\"widget\" data-settings=\"{&quot;gallery_layout&quot;:&quot;justified&quot;,&quot;ideal_row_height_mobile&quot;:{&quot;unit&quot;:&quot;px&quot;,&quot;size&quot;:160,&quot;sizes&quot;:[]},&quot;gap_mobile&quot;:{&quot;unit&quot;:&quot;px&quot;,&quot;size&quot;:5,&quot;sizes&quot;:[]},&quot;ideal_row_height&quot;:{&quot;unit&quot;:&quot;px&quot;,&quot;size&quot;:200,&quot;sizes&quot;:[]},&quot;ideal_row_height_tablet&quot;:{&quot;unit&quot;:&quot;px&quot;,&quot;size&quot;:150,&quot;sizes&quot;:[]},&quot;gap&quot;:{&quot;unit&quot;:&quot;px&quot;,&quot;size&quot;:10,&quot;sizes&quot;:[]},&quot;gap_tablet&quot;:{&quot;unit&quot;:&quot;px&quot;,&quot;size&quot;:10,&quot;sizes&quot;:[]},&quot;link_to&quot;:&quot;file&quot;,&quot;overlay_background&quot;:&quot;yes&quot;,&quot;content_hover_animation&quot;:&quot;fade-in&quot;}\" data-widget_type=\"gallery.default\">\n\t\t\t\t<div class=\"elementor-widget-container\">\n\t\t\t\t\t\t\t<div class=\"elementor-gallery__container\">\n\t\t\t\t\t\t\t<a class=\"e-gallery-item elementor-gallery-item elementor-animated-content\" href=\"https:\/\/www.atelierhm.cz\/wp-content\/uploads\/2020\/11\/P1060471-scaled.jpg\" data-elementor-open-lightbox=\"yes\" data-elementor-lightbox-slideshow=\"22fff2b\" data-elementor-lightbox-title=\"P1060471\" data-e-action-hash=\"#elementor-action%3Aaction%3Dlightbox%26settings%3DeyJpZCI6MTMwOSwidXJsIjoiaHR0cHM6XC9cL3d3dy5hdGVsaWVyaG0uY3pcL3dwLWNvbnRlbnRcL3VwbG9hZHNcLzIwMjBcLzExXC9QMTA2MDQ3MS1zY2FsZWQuanBnIiwic2xpZGVzaG93IjoiMjJmZmYyYiJ9\">\n\t\t\t\t\t<div class=\"e-gallery-image elementor-gallery-item__image\" data-thumbnail=\"https:\/\/www.atelierhm.cz\/wp-content\/uploads\/2020\/11\/P1060471-300x225.jpg\" data-width=\"300\" data-height=\"225\" aria-label=\"\" role=\"img\" ><\/div>\n\t\t\t\t\t\t\t\t\t\t\t<div class=\"elementor-gallery-item__overlay\"><\/div>\n\t\t\t\t\t\t\t\t\t\t\t\t\t\t<\/a>\n\t\t\t\t\t\t\t<a class=\"e-gallery-item elementor-gallery-item elementor-animated-content\" href=\"https:\/\/www.atelierhm.cz\/wp-content\/uploads\/2020\/11\/P1060479-scaled.jpg\" data-elementor-open-lightbox=\"yes\" data-elementor-lightbox-slideshow=\"22fff2b\" data-elementor-lightbox-title=\"P1060479\" data-e-action-hash=\"#elementor-action%3Aaction%3Dlightbox%26settings%3DeyJpZCI6MTMxMCwidXJsIjoiaHR0cHM6XC9cL3d3dy5hdGVsaWVyaG0uY3pcL3dwLWNvbnRlbnRcL3VwbG9hZHNcLzIwMjBcLzExXC9QMTA2MDQ3OS1zY2FsZWQuanBnIiwic2xpZGVzaG93IjoiMjJmZmYyYiJ9\">\n\t\t\t\t\t<div class=\"e-gallery-image elementor-gallery-item__image\" data-thumbnail=\"https:\/\/www.atelierhm.cz\/wp-content\/uploads\/2020\/11\/P1060479-300x225.jpg\" data-width=\"300\" data-height=\"225\" aria-label=\"\" role=\"img\" ><\/div>\n\t\t\t\t\t\t\t\t\t\t\t<div class=\"elementor-gallery-item__overlay\"><\/div>\n\t\t\t\t\t\t\t\t\t\t\t\t\t\t<\/a>\n\t\t\t\t\t\t\t<a class=\"e-gallery-item elementor-gallery-item elementor-animated-content\" href=\"https:\/\/www.atelierhm.cz\/wp-content\/uploads\/2020\/11\/P1060493-scaled.jpg\" data-elementor-open-lightbox=\"yes\" data-elementor-lightbox-slideshow=\"22fff2b\" data-elementor-lightbox-title=\"P1060493\" data-e-action-hash=\"#elementor-action%3Aaction%3Dlightbox%26settings%3DeyJpZCI6MTMxMSwidXJsIjoiaHR0cHM6XC9cL3d3dy5hdGVsaWVyaG0uY3pcL3dwLWNvbnRlbnRcL3VwbG9hZHNcLzIwMjBcLzExXC9QMTA2MDQ5My1zY2FsZWQuanBnIiwic2xpZGVzaG93IjoiMjJmZmYyYiJ9\">\n\t\t\t\t\t<div class=\"e-gallery-image elementor-gallery-item__image\" data-thumbnail=\"https:\/\/www.atelierhm.cz\/wp-content\/uploads\/2020\/11\/P1060493-300x225.jpg\" data-width=\"300\" data-height=\"225\" aria-label=\"\" role=\"img\" ><\/div>\n\t\t\t\t\t\t\t\t\t\t\t<div class=\"elementor-gallery-item__overlay\"><\/div>\n\t\t\t\t\t\t\t\t\t\t\t\t\t\t<\/a>\n\t\t\t\t\t\t\t<a class=\"e-gallery-item elementor-gallery-item elementor-animated-content\" href=\"https:\/\/www.atelierhm.cz\/wp-content\/uploads\/2020\/11\/P1060511-scaled.jpg\" data-elementor-open-lightbox=\"yes\" data-elementor-lightbox-slideshow=\"22fff2b\" data-elementor-lightbox-title=\"P1060511\" data-e-action-hash=\"#elementor-action%3Aaction%3Dlightbox%26settings%3DeyJpZCI6MTMxMiwidXJsIjoiaHR0cHM6XC9cL3d3dy5hdGVsaWVyaG0uY3pcL3dwLWNvbnRlbnRcL3VwbG9hZHNcLzIwMjBcLzExXC9QMTA2MDUxMS1zY2FsZWQuanBnIiwic2xpZGVzaG93IjoiMjJmZmYyYiJ9\">\n\t\t\t\t\t<div class=\"e-gallery-image elementor-gallery-item__image\" data-thumbnail=\"https:\/\/www.atelierhm.cz\/wp-content\/uploads\/2020\/11\/P1060511-300x225.jpg\" data-width=\"300\" data-height=\"225\" aria-label=\"\" role=\"img\" ><\/div>\n\t\t\t\t\t\t\t\t\t\t\t<div class=\"elementor-gallery-item__overlay\"><\/div>\n\t\t\t\t\t\t\t\t\t\t\t\t\t\t<\/a>\n\t\t\t\t\t<\/div>\n\t\t\t\t\t<\/div>\n\t\t\t\t<\/div>\n\t\t\t\t\t<\/div>\n\t\t<\/div>\n\t\t\t\t\t<\/div>\n\t\t<\/section>\n\t\t\t\t<\/div>\n\t\t","protected":false},"excerpt":{"rendered":"<p>Prodlou\u017een\u00ed bas klarinetu Jedn\u00e1 se o korekci v lad\u011bn\u00ed pro Selmer low Eb bas klarinet. Spodn\u00ed Eb a E je u t\u011bchto n\u00e1stroj\u016f n\u00edzko ji\u017e p\u0159i norm\u00e1ln\u00ed intenzit\u011b hran\u00ed mf (cca -20cent\u016f), tento probl\u00e9m se zv\u011bt\u0161uje p\u0159i pot\u0159eb\u011b hr\u00e1t v\u00edce nahlas, p\u0159i forte. T\u00edmto neinvazivn\u00edm \u0159e\u0161en\u00edm je prodlou\u017een\u00ed n\u00e1stroje a relokace posledn\u00edho t\u00f3nov\u00e9ho otvoru. (Samoz\u0159ejm\u011b [&hellip;]<\/p>\n","protected":false},"author":1,"featured_media":0,"parent":589,"menu_order":0,"comment_status":"closed","ping_status":"closed","template":"","meta":{"footnotes":""},"class_list":["post-806","page","type-page","status-publish","hentry"],"_links":{"self":[{"href":"https:\/\/www.atelierhm.cz\/cz\/wp-json\/wp\/v2\/pages\/806","targetHints":{"allow":["GET"]}}],"collection":[{"href":"https:\/\/www.atelierhm.cz\/cz\/wp-json\/wp\/v2\/pages"}],"about":[{"href":"https:\/\/www.atelierhm.cz\/cz\/wp-json\/wp\/v2\/types\/page"}],"author":[{"embeddable":true,"href":"https:\/\/www.atelierhm.cz\/cz\/wp-json\/wp\/v2\/users\/1"}],"replies":[{"embeddable":true,"href":"https:\/\/www.atelierhm.cz\/cz\/wp-json\/wp\/v2\/comments?post=806"}],"version-history":[{"count":15,"href":"https:\/\/www.atelierhm.cz\/cz\/wp-json\/wp\/v2\/pages\/806\/revisions"}],"predecessor-version":[{"id":2182,"href":"https:\/\/www.atelierhm.cz\/cz\/wp-json\/wp\/v2\/pages\/806\/revisions\/2182"}],"up":[{"embeddable":true,"href":"https:\/\/www.atelierhm.cz\/cz\/wp-json\/wp\/v2\/pages\/589"}],"wp:attachment":[{"href":"https:\/\/www.atelierhm.cz\/cz\/wp-json\/wp\/v2\/media?parent=806"}],"curies":[{"name":"wp","href":"https:\/\/api.w.org\/{rel}","templated":true}]}}