{"id":793,"date":"2020-11-23T15:24:58","date_gmt":"2020-11-23T14:24:58","guid":{"rendered":"https:\/\/new.atelierhm.cz\/?page_id=793"},"modified":"2021-02-25T21:03:13","modified_gmt":"2021-02-25T20:03:13","slug":"saxofonove-eso","status":"publish","type":"page","link":"https:\/\/www.atelierhm.cz\/cz\/vyroba\/saxofonove-eso\/","title":{"rendered":"Saxofonov\u00e9 eso"},"content":{"rendered":"\t\t<div data-elementor-type=\"wp-page\" data-elementor-id=\"793\" class=\"elementor elementor-793\" data-elementor-post-type=\"page\">\n\t\t\t\t\t\t<section class=\"elementor-section elementor-top-section elementor-element elementor-element-b50a60c elementor-section-boxed elementor-section-height-default elementor-section-height-default\" data-id=\"b50a60c\" data-element_type=\"section\" data-e-type=\"section\">\n\t\t\t\t\t\t<div class=\"elementor-container elementor-column-gap-default\">\n\t\t\t\t\t<div class=\"elementor-column elementor-col-100 elementor-top-column elementor-element elementor-element-23d4e45\" data-id=\"23d4e45\" data-element_type=\"column\" data-e-type=\"column\">\n\t\t\t<div class=\"elementor-widget-wrap elementor-element-populated\">\n\t\t\t\t\t\t<div class=\"elementor-element elementor-element-e30f9a8 elementor-widget elementor-widget-breadcrumbs\" data-id=\"e30f9a8\" data-element_type=\"widget\" data-e-type=\"widget\" data-widget_type=\"breadcrumbs.default\">\n\t\t\t\t<div class=\"elementor-widget-container\">\n\t\t\t\t\t<p id=\"breadcrumbs\"><span><span><a href=\"https:\/\/www.atelierhm.cz\/cz\/\">Atelier H&amp;M<\/a><\/span><\/span><\/p>\t\t\t\t<\/div>\n\t\t\t\t<\/div>\n\t\t\t\t<div class=\"elementor-element elementor-element-3f799f5 elementor-widget elementor-widget-heading\" data-id=\"3f799f5\" data-element_type=\"widget\" data-e-type=\"widget\" data-widget_type=\"heading.default\">\n\t\t\t\t<div class=\"elementor-widget-container\">\n\t\t\t\t\t<h1 class=\"elementor-heading-title elementor-size-default\">V\u00fdroba saxofonov\u00e9ho esa<\/h1>\t\t\t\t<\/div>\n\t\t\t\t<\/div>\n\t\t\t\t<div class=\"elementor-element elementor-element-2fa590c elementor-widget elementor-widget-heading\" data-id=\"2fa590c\" data-element_type=\"widget\" data-e-type=\"widget\" data-widget_type=\"heading.default\">\n\t\t\t\t<div class=\"elementor-widget-container\">\n\t\t\t\t\t<h2 class=\"elementor-heading-title elementor-size-default\">Eso pro alt saxofon Selmer Type A<\/h2>\t\t\t\t<\/div>\n\t\t\t\t<\/div>\n\t\t\t\t<div class=\"elementor-element elementor-element-35fb920 elementor-widget elementor-widget-text-editor\" data-id=\"35fb920\" data-element_type=\"widget\" data-e-type=\"widget\" data-widget_type=\"text-editor.default\">\n\t\t\t\t<div class=\"elementor-widget-container\">\n\t\t\t\t\t\t\t\t\t<p>V tuto chv\u00edli je v\u00fdroba ve fin\u00e1ln\u00ed a experiment\u00e1ln\u00ed \u010d\u00e1sti v\u00fdvoje, kdy se sna\u017e\u00edm naj\u00edt ide\u00e1ln\u00ed postup s ohledem na intonaci a zvuk. Dokon\u010den\u00fd a funk\u010dn\u00ed prototyp m\u00e1me hotov\u00fd pro Henri Selmer Paris alt saxofon a z n\u011bj vych\u00e1zej\u00edc\u00ed n\u00e1stroje. Tohoto prototypu jsem doc\u00edlil \u00fapravou origin\u00e1ln\u00edho esa, z kter\u00e9ho bylo t\u0159eba vych\u00e1zet. (Lze upravit na origin\u00e1l esu individu\u00e1ln\u011b). V\u00fdsledkem je v\u00fdznamn\u011b sn\u00ed\u017een\u00e9 lad\u011bn\u00ed od a2 do f3 viz. graf. Kde modr\u00e1 k\u0159ivka je origin\u00e1ln\u00ed eso, oran\u017eov\u00e1 je do\u010dasn\u011b upraven\u00e9 a \u010derven\u00e1 k\u0159ivka zn\u00e1zor\u0148uje fin\u00e1ln\u00ed eso po sletov\u00e1n\u00ed. Zvukov\u00e1 charakteristika je: v\u00edce soust\u0159ed\u011bn\u00fd, koncentrovan\u00fd zvuk. Po Cryo \u00faprav\u011b pak s v\u00edce harmonick\u00fdmi frekvencemi. Je to zaj\u00edmav\u00e1 kombinace vhodn\u00e1 pro modern\u00ed styly R&amp;B, Pop, Funk. K vyzkou\u0161en\u00ed u n\u00e1s v d\u00edln\u011b.<\/p>\t\t\t\t\t\t\t\t<\/div>\n\t\t\t\t<\/div>\n\t\t\t\t<div class=\"elementor-element elementor-element-17420de elementor-widget elementor-widget-gallery\" data-id=\"17420de\" data-element_type=\"widget\" data-e-type=\"widget\" data-settings=\"{&quot;gallery_layout&quot;:&quot;justified&quot;,&quot;ideal_row_height&quot;:{&quot;unit&quot;:&quot;px&quot;,&quot;size&quot;:245,&quot;sizes&quot;:[]},&quot;gap&quot;:{&quot;unit&quot;:&quot;px&quot;,&quot;size&quot;:24,&quot;sizes&quot;:[]},&quot;ideal_row_height_tablet&quot;:{&quot;unit&quot;:&quot;px&quot;,&quot;size&quot;:150,&quot;sizes&quot;:[]},&quot;ideal_row_height_mobile&quot;:{&quot;unit&quot;:&quot;px&quot;,&quot;size&quot;:150,&quot;sizes&quot;:[]},&quot;gap_tablet&quot;:{&quot;unit&quot;:&quot;px&quot;,&quot;size&quot;:10,&quot;sizes&quot;:[]},&quot;gap_mobile&quot;:{&quot;unit&quot;:&quot;px&quot;,&quot;size&quot;:10,&quot;sizes&quot;:[]},&quot;link_to&quot;:&quot;file&quot;,&quot;overlay_background&quot;:&quot;yes&quot;,&quot;content_hover_animation&quot;:&quot;fade-in&quot;}\" data-widget_type=\"gallery.default\">\n\t\t\t\t<div class=\"elementor-widget-container\">\n\t\t\t\t\t\t\t<div class=\"elementor-gallery__container\">\n\t\t\t\t\t\t\t<a class=\"e-gallery-item elementor-gallery-item elementor-animated-content\" href=\"https:\/\/www.atelierhm.cz\/wp-content\/uploads\/2020\/11\/Graph2.png\" data-elementor-open-lightbox=\"yes\" data-elementor-lightbox-slideshow=\"17420de\" data-elementor-lightbox-title=\"Graph2\" data-e-action-hash=\"#elementor-action%3Aaction%3Dlightbox%26settings%3DeyJpZCI6MTMwMiwidXJsIjoiaHR0cHM6XC9cL3d3dy5hdGVsaWVyaG0uY3pcL3dwLWNvbnRlbnRcL3VwbG9hZHNcLzIwMjBcLzExXC9HcmFwaDIucG5nIiwic2xpZGVzaG93IjoiMTc0MjBkZSJ9\">\n\t\t\t\t\t<div class=\"e-gallery-image elementor-gallery-item__image\" data-thumbnail=\"https:\/\/www.atelierhm.cz\/wp-content\/uploads\/2020\/11\/Graph2-768x297.png\" data-width=\"768\" data-height=\"297\" aria-label=\"\" role=\"img\" ><\/div>\n\t\t\t\t\t\t\t\t\t\t\t<div class=\"elementor-gallery-item__overlay\"><\/div>\n\t\t\t\t\t\t\t\t\t\t\t\t\t\t<\/a>\n\t\t\t\t\t\t\t<a class=\"e-gallery-item elementor-gallery-item elementor-animated-content\" href=\"https:\/\/www.atelierhm.cz\/wp-content\/uploads\/2020\/11\/Alto.jpg\" data-elementor-open-lightbox=\"yes\" data-elementor-lightbox-slideshow=\"17420de\" data-elementor-lightbox-title=\"Alto\" data-e-action-hash=\"#elementor-action%3Aaction%3Dlightbox%26settings%3DeyJpZCI6MTMwMSwidXJsIjoiaHR0cHM6XC9cL3d3dy5hdGVsaWVyaG0uY3pcL3dwLWNvbnRlbnRcL3VwbG9hZHNcLzIwMjBcLzExXC9BbHRvLmpwZyIsInNsaWRlc2hvdyI6IjE3NDIwZGUifQ%3D%3D\">\n\t\t\t\t\t<div class=\"e-gallery-image elementor-gallery-item__image\" data-thumbnail=\"https:\/\/www.atelierhm.cz\/wp-content\/uploads\/2020\/11\/Alto-768x576.jpg\" data-width=\"768\" data-height=\"576\" aria-label=\"\" role=\"img\" ><\/div>\n\t\t\t\t\t\t\t\t\t\t\t<div class=\"elementor-gallery-item__overlay\"><\/div>\n\t\t\t\t\t\t\t\t\t\t\t\t\t\t<\/a>\n\t\t\t\t\t<\/div>\n\t\t\t\t\t<\/div>\n\t\t\t\t<\/div>\n\t\t\t\t<div class=\"elementor-element elementor-element-3501330 elementor-widget elementor-widget-heading\" data-id=\"3501330\" data-element_type=\"widget\" data-e-type=\"widget\" data-widget_type=\"heading.default\">\n\t\t\t\t<div class=\"elementor-widget-container\">\n\t\t\t\t\t<h2 class=\"elementor-heading-title elementor-size-default\">Eso pro tenor saxofon selmer Type A2 - Large bore<\/h2>\t\t\t\t<\/div>\n\t\t\t\t<\/div>\n\t\t\t\t<div class=\"elementor-element elementor-element-9331654 elementor-widget elementor-widget-text-editor\" data-id=\"9331654\" data-element_type=\"widget\" data-e-type=\"widget\" data-widget_type=\"text-editor.default\">\n\t\t\t\t<div class=\"elementor-widget-container\">\n\t\t\t\t\t\t\t\t\t<p>Druh\u00fdm prototypem je tenor saxofonov\u00e9 eso, kter\u00e9 je op\u011bt koncipov\u00e1no pro Selmer saxofony a c\u00edlem je nab\u00eddnout jinou paletu zvuk\u016f, ne\u017e zn\u00e1me od v\u00fdrobce. V tuto chv\u00edli m\u00e1me k dispozici eso, kter\u00e9 odstra\u0148uje n\u011bkter\u00e9 chyby a je pln\u011b funk\u010dn\u00ed. P\u0159edm\u011btem \u00faprav bude je\u0161t\u011b sklon esa. V nab\u00eddce budou 3 typy. Lze si p\u0159ij\u00edt vyzkou\u0161et s mo\u017enost\u00ed dolad\u011bn\u00ed na m\u00edru.<\/p><ol><li>Pouze ohl\u00e9<\/li><li>Ru\u010dn\u011b vyklepan\u00e9<\/li><li>Cryo (hloubkov\u011b zmra\u017een\u00e9 v tekut\u00e9m dus\u00edku)<\/li><\/ol>\t\t\t\t\t\t\t\t<\/div>\n\t\t\t\t<\/div>\n\t\t\t\t<div class=\"elementor-element elementor-element-7046372 elementor-widget elementor-widget-image\" data-id=\"7046372\" data-element_type=\"widget\" data-e-type=\"widget\" data-widget_type=\"image.default\">\n\t\t\t\t<div class=\"elementor-widget-container\">\n\t\t\t\t\t\t\t\t\t\t\t\t\t\t\t<img fetchpriority=\"high\" decoding=\"async\" width=\"800\" height=\"450\" src=\"https:\/\/www.atelierhm.cz\/wp-content\/uploads\/2021\/02\/DA30D677-4791-4705-B974-52FAA1EF7635-1024x576.jpg\" class=\"attachment-large size-large wp-image-2665\" alt=\"\" srcset=\"https:\/\/www.atelierhm.cz\/wp-content\/uploads\/2021\/02\/DA30D677-4791-4705-B974-52FAA1EF7635-1024x576.jpg 1024w, https:\/\/www.atelierhm.cz\/wp-content\/uploads\/2021\/02\/DA30D677-4791-4705-B974-52FAA1EF7635-300x169.jpg 300w, https:\/\/www.atelierhm.cz\/wp-content\/uploads\/2021\/02\/DA30D677-4791-4705-B974-52FAA1EF7635-768x432.jpg 768w, https:\/\/www.atelierhm.cz\/wp-content\/uploads\/2021\/02\/DA30D677-4791-4705-B974-52FAA1EF7635-1536x864.jpg 1536w, https:\/\/www.atelierhm.cz\/wp-content\/uploads\/2021\/02\/DA30D677-4791-4705-B974-52FAA1EF7635-16x9.jpg 16w, https:\/\/www.atelierhm.cz\/wp-content\/uploads\/2021\/02\/DA30D677-4791-4705-B974-52FAA1EF7635-600x338.jpg 600w, https:\/\/www.atelierhm.cz\/wp-content\/uploads\/2021\/02\/DA30D677-4791-4705-B974-52FAA1EF7635.jpg 1920w\" sizes=\"(max-width: 800px) 100vw, 800px\" \/>\t\t\t\t\t\t\t\t\t\t\t\t\t\t\t<\/div>\n\t\t\t\t<\/div>\n\t\t\t\t<div class=\"elementor-element elementor-element-94fcb00 elementor-widget elementor-widget-gallery\" data-id=\"94fcb00\" data-element_type=\"widget\" data-e-type=\"widget\" data-settings=\"{&quot;columns&quot;:3,&quot;gallery_layout&quot;:&quot;grid&quot;,&quot;columns_tablet&quot;:2,&quot;columns_mobile&quot;:1,&quot;gap&quot;:{&quot;unit&quot;:&quot;px&quot;,&quot;size&quot;:10,&quot;sizes&quot;:[]},&quot;gap_tablet&quot;:{&quot;unit&quot;:&quot;px&quot;,&quot;size&quot;:10,&quot;sizes&quot;:[]},&quot;gap_mobile&quot;:{&quot;unit&quot;:&quot;px&quot;,&quot;size&quot;:10,&quot;sizes&quot;:[]},&quot;link_to&quot;:&quot;file&quot;,&quot;aspect_ratio&quot;:&quot;3:2&quot;,&quot;overlay_background&quot;:&quot;yes&quot;,&quot;content_hover_animation&quot;:&quot;fade-in&quot;}\" data-widget_type=\"gallery.default\">\n\t\t\t\t<div class=\"elementor-widget-container\">\n\t\t\t\t\t\t\t<div class=\"elementor-gallery__container\">\n\t\t\t\t\t\t\t<a class=\"e-gallery-item elementor-gallery-item elementor-animated-content\" href=\"https:\/\/www.atelierhm.cz\/wp-content\/uploads\/2020\/11\/P1060835-scaled.jpg\" data-elementor-open-lightbox=\"yes\" data-elementor-lightbox-slideshow=\"94fcb00\" data-elementor-lightbox-title=\"P1060835\" data-e-action-hash=\"#elementor-action%3Aaction%3Dlightbox%26settings%3DeyJpZCI6MTI5MywidXJsIjoiaHR0cHM6XC9cL3d3dy5hdGVsaWVyaG0uY3pcL3dwLWNvbnRlbnRcL3VwbG9hZHNcLzIwMjBcLzExXC9QMTA2MDgzNS1zY2FsZWQuanBnIiwic2xpZGVzaG93IjoiOTRmY2IwMCJ9\">\n\t\t\t\t\t<div class=\"e-gallery-image elementor-gallery-item__image\" data-thumbnail=\"https:\/\/www.atelierhm.cz\/wp-content\/uploads\/2020\/11\/P1060835-300x225.jpg\" data-width=\"300\" data-height=\"225\" aria-label=\"\" role=\"img\" ><\/div>\n\t\t\t\t\t\t\t\t\t\t\t<div class=\"elementor-gallery-item__overlay\"><\/div>\n\t\t\t\t\t\t\t\t\t\t\t\t\t\t<\/a>\n\t\t\t\t\t\t\t<a class=\"e-gallery-item elementor-gallery-item elementor-animated-content\" href=\"https:\/\/www.atelierhm.cz\/wp-content\/uploads\/2020\/11\/IMG_1281-1.jpg\" data-elementor-open-lightbox=\"yes\" data-elementor-lightbox-slideshow=\"94fcb00\" data-elementor-lightbox-title=\"IMG_1281 (1)\" data-e-action-hash=\"#elementor-action%3Aaction%3Dlightbox%26settings%3DeyJpZCI6MTI5MCwidXJsIjoiaHR0cHM6XC9cL3d3dy5hdGVsaWVyaG0uY3pcL3dwLWNvbnRlbnRcL3VwbG9hZHNcLzIwMjBcLzExXC9JTUdfMTI4MS0xLmpwZyIsInNsaWRlc2hvdyI6Ijk0ZmNiMDAifQ%3D%3D\">\n\t\t\t\t\t<div class=\"e-gallery-image elementor-gallery-item__image\" data-thumbnail=\"https:\/\/www.atelierhm.cz\/wp-content\/uploads\/2020\/11\/IMG_1281-1-300x225.jpg\" data-width=\"300\" data-height=\"225\" aria-label=\"\" role=\"img\" ><\/div>\n\t\t\t\t\t\t\t\t\t\t\t<div class=\"elementor-gallery-item__overlay\"><\/div>\n\t\t\t\t\t\t\t\t\t\t\t\t\t\t<\/a>\n\t\t\t\t\t\t\t<a class=\"e-gallery-item elementor-gallery-item elementor-animated-content\" href=\"https:\/\/www.atelierhm.cz\/wp-content\/uploads\/2020\/11\/IMG_1398-scaled.jpg\" data-elementor-open-lightbox=\"yes\" data-elementor-lightbox-slideshow=\"94fcb00\" data-elementor-lightbox-title=\"IMG_1398\" data-e-action-hash=\"#elementor-action%3Aaction%3Dlightbox%26settings%3DeyJpZCI6MTI5MSwidXJsIjoiaHR0cHM6XC9cL3d3dy5hdGVsaWVyaG0uY3pcL3dwLWNvbnRlbnRcL3VwbG9hZHNcLzIwMjBcLzExXC9JTUdfMTM5OC1zY2FsZWQuanBnIiwic2xpZGVzaG93IjoiOTRmY2IwMCJ9\">\n\t\t\t\t\t<div class=\"e-gallery-image elementor-gallery-item__image\" data-thumbnail=\"https:\/\/www.atelierhm.cz\/wp-content\/uploads\/2020\/11\/IMG_1398-300x225.jpg\" data-width=\"300\" data-height=\"225\" aria-label=\"\" role=\"img\" ><\/div>\n\t\t\t\t\t\t\t\t\t\t\t<div class=\"elementor-gallery-item__overlay\"><\/div>\n\t\t\t\t\t\t\t\t\t\t\t\t\t\t<\/a>\n\t\t\t\t\t\t\t<a class=\"e-gallery-item elementor-gallery-item elementor-animated-content\" href=\"https:\/\/www.atelierhm.cz\/wp-content\/uploads\/2020\/11\/IMG_1741-scaled.jpg\" data-elementor-open-lightbox=\"yes\" data-elementor-lightbox-slideshow=\"94fcb00\" data-elementor-lightbox-title=\"IMG_1741\" data-e-action-hash=\"#elementor-action%3Aaction%3Dlightbox%26settings%3DeyJpZCI6MTI5MiwidXJsIjoiaHR0cHM6XC9cL3d3dy5hdGVsaWVyaG0uY3pcL3dwLWNvbnRlbnRcL3VwbG9hZHNcLzIwMjBcLzExXC9JTUdfMTc0MS1zY2FsZWQuanBnIiwic2xpZGVzaG93IjoiOTRmY2IwMCJ9\">\n\t\t\t\t\t<div class=\"e-gallery-image elementor-gallery-item__image\" data-thumbnail=\"https:\/\/www.atelierhm.cz\/wp-content\/uploads\/2020\/11\/IMG_1741-300x225.jpg\" data-width=\"300\" data-height=\"225\" aria-label=\"\" role=\"img\" ><\/div>\n\t\t\t\t\t\t\t\t\t\t\t<div class=\"elementor-gallery-item__overlay\"><\/div>\n\t\t\t\t\t\t\t\t\t\t\t\t\t\t<\/a>\n\t\t\t\t\t\t\t<a class=\"e-gallery-item elementor-gallery-item elementor-animated-content\" href=\"https:\/\/www.atelierhm.cz\/wp-content\/uploads\/2020\/11\/P1060859-scaled.jpg\" data-elementor-open-lightbox=\"yes\" data-elementor-lightbox-slideshow=\"94fcb00\" data-elementor-lightbox-title=\"P1060859\" data-e-action-hash=\"#elementor-action%3Aaction%3Dlightbox%26settings%3DeyJpZCI6MTI5NCwidXJsIjoiaHR0cHM6XC9cL3d3dy5hdGVsaWVyaG0uY3pcL3dwLWNvbnRlbnRcL3VwbG9hZHNcLzIwMjBcLzExXC9QMTA2MDg1OS1zY2FsZWQuanBnIiwic2xpZGVzaG93IjoiOTRmY2IwMCJ9\">\n\t\t\t\t\t<div class=\"e-gallery-image elementor-gallery-item__image\" data-thumbnail=\"https:\/\/www.atelierhm.cz\/wp-content\/uploads\/2020\/11\/P1060859-300x225.jpg\" data-width=\"300\" data-height=\"225\" aria-label=\"\" role=\"img\" ><\/div>\n\t\t\t\t\t\t\t\t\t\t\t<div class=\"elementor-gallery-item__overlay\"><\/div>\n\t\t\t\t\t\t\t\t\t\t\t\t\t\t<\/a>\n\t\t\t\t\t\t\t<a class=\"e-gallery-item elementor-gallery-item elementor-animated-content\" href=\"https:\/\/www.atelierhm.cz\/wp-content\/uploads\/2021\/01\/23632385_1318528544913461_7484717663204557459_o.jpg\" data-elementor-open-lightbox=\"yes\" data-elementor-lightbox-slideshow=\"94fcb00\" data-elementor-lightbox-title=\"23632385_1318528544913461_7484717663204557459_o\" data-e-action-hash=\"#elementor-action%3Aaction%3Dlightbox%26settings%3DeyJpZCI6MjIyOCwidXJsIjoiaHR0cHM6XC9cL3d3dy5hdGVsaWVyaG0uY3pcL3dwLWNvbnRlbnRcL3VwbG9hZHNcLzIwMjFcLzAxXC8yMzYzMjM4NV8xMzE4NTI4NTQ0OTEzNDYxXzc0ODQ3MTc2NjMyMDQ1NTc0NTlfby5qcGciLCJzbGlkZXNob3ciOiI5NGZjYjAwIn0%3D\">\n\t\t\t\t\t<div class=\"e-gallery-image elementor-gallery-item__image\" data-thumbnail=\"https:\/\/www.atelierhm.cz\/wp-content\/uploads\/2021\/01\/23632385_1318528544913461_7484717663204557459_o-300x119.jpg\" data-width=\"300\" data-height=\"119\" aria-label=\"\" role=\"img\" ><\/div>\n\t\t\t\t\t\t\t\t\t\t\t<div class=\"elementor-gallery-item__overlay\"><\/div>\n\t\t\t\t\t\t\t\t\t\t\t\t\t\t<\/a>\n\t\t\t\t\t<\/div>\n\t\t\t\t\t<\/div>\n\t\t\t\t<\/div>\n\t\t\t\t\t<\/div>\n\t\t<\/div>\n\t\t\t\t\t<\/div>\n\t\t<\/section>\n\t\t\t\t<\/div>\n\t\t","protected":false},"excerpt":{"rendered":"<p>V\u00fdroba saxofonov\u00e9ho esa Eso pro alt saxofon Selmer Type A V tuto chv\u00edli je v\u00fdroba ve fin\u00e1ln\u00ed a experiment\u00e1ln\u00ed \u010d\u00e1sti v\u00fdvoje, kdy se sna\u017e\u00edm naj\u00edt ide\u00e1ln\u00ed postup s ohledem na intonaci a zvuk. Dokon\u010den\u00fd a funk\u010dn\u00ed prototyp m\u00e1me hotov\u00fd pro Henri Selmer Paris alt saxofon a z n\u011bj vych\u00e1zej\u00edc\u00ed n\u00e1stroje. Tohoto prototypu jsem doc\u00edlil \u00fapravou [&hellip;]<\/p>\n","protected":false},"author":1,"featured_media":0,"parent":589,"menu_order":0,"comment_status":"closed","ping_status":"closed","template":"","meta":{"footnotes":""},"class_list":["post-793","page","type-page","status-publish","hentry"],"_links":{"self":[{"href":"https:\/\/www.atelierhm.cz\/cz\/wp-json\/wp\/v2\/pages\/793","targetHints":{"allow":["GET"]}}],"collection":[{"href":"https:\/\/www.atelierhm.cz\/cz\/wp-json\/wp\/v2\/pages"}],"about":[{"href":"https:\/\/www.atelierhm.cz\/cz\/wp-json\/wp\/v2\/types\/page"}],"author":[{"embeddable":true,"href":"https:\/\/www.atelierhm.cz\/cz\/wp-json\/wp\/v2\/users\/1"}],"replies":[{"embeddable":true,"href":"https:\/\/www.atelierhm.cz\/cz\/wp-json\/wp\/v2\/comments?post=793"}],"version-history":[{"count":27,"href":"https:\/\/www.atelierhm.cz\/cz\/wp-json\/wp\/v2\/pages\/793\/revisions"}],"predecessor-version":[{"id":2682,"href":"https:\/\/www.atelierhm.cz\/cz\/wp-json\/wp\/v2\/pages\/793\/revisions\/2682"}],"up":[{"embeddable":true,"href":"https:\/\/www.atelierhm.cz\/cz\/wp-json\/wp\/v2\/pages\/589"}],"wp:attachment":[{"href":"https:\/\/www.atelierhm.cz\/cz\/wp-json\/wp\/v2\/media?parent=793"}],"curies":[{"name":"wp","href":"https:\/\/api.w.org\/{rel}","templated":true}]}}