{"id":744,"date":"2020-11-23T11:20:14","date_gmt":"2020-11-23T10:20:14","guid":{"rendered":"https:\/\/new.atelierhm.cz\/?page_id=744"},"modified":"2021-06-22T23:09:52","modified_gmt":"2021-06-22T21:09:52","slug":"fletny","status":"publish","type":"page","link":"https:\/\/www.atelierhm.cz\/cz\/servis\/fletny\/","title":{"rendered":"Servis fl\u00e9ten"},"content":{"rendered":"\t\t<div data-elementor-type=\"wp-page\" data-elementor-id=\"744\" class=\"elementor elementor-744\" data-elementor-post-type=\"page\">\n\t\t\t\t\t\t<section class=\"elementor-section elementor-top-section elementor-element elementor-element-b50a60c elementor-section-boxed elementor-section-height-default elementor-section-height-default\" data-id=\"b50a60c\" data-element_type=\"section\" data-e-type=\"section\">\n\t\t\t\t\t\t<div class=\"elementor-container elementor-column-gap-default\">\n\t\t\t\t\t<div class=\"elementor-column elementor-col-100 elementor-top-column elementor-element elementor-element-23d4e45\" data-id=\"23d4e45\" data-element_type=\"column\" data-e-type=\"column\">\n\t\t\t<div class=\"elementor-widget-wrap elementor-element-populated\">\n\t\t\t\t\t\t<div class=\"elementor-element elementor-element-e30f9a8 elementor-widget elementor-widget-breadcrumbs\" data-id=\"e30f9a8\" data-element_type=\"widget\" data-e-type=\"widget\" data-widget_type=\"breadcrumbs.default\">\n\t\t\t\t<div class=\"elementor-widget-container\">\n\t\t\t\t\t<p id=\"breadcrumbs\"><span><span><a href=\"https:\/\/www.atelierhm.cz\/cz\/\">Atelier H&amp;M<\/a><\/span><\/span><\/p>\t\t\t\t<\/div>\n\t\t\t\t<\/div>\n\t\t\t\t<div class=\"elementor-element elementor-element-3f799f5 elementor-widget elementor-widget-heading\" data-id=\"3f799f5\" data-element_type=\"widget\" data-e-type=\"widget\" data-widget_type=\"heading.default\">\n\t\t\t\t<div class=\"elementor-widget-container\">\n\t\t\t\t\t<h1 class=\"elementor-heading-title elementor-size-default\">Servis fl\u00e9ten<\/h1>\t\t\t\t<\/div>\n\t\t\t\t<\/div>\n\t\t\t\t<div class=\"elementor-element elementor-element-699faad elementor-widget elementor-widget-image\" data-id=\"699faad\" data-element_type=\"widget\" data-e-type=\"widget\" data-widget_type=\"image.default\">\n\t\t\t\t<div class=\"elementor-widget-container\">\n\t\t\t\t\t\t\t\t\t\t\t\t\t\t\t<img fetchpriority=\"high\" decoding=\"async\" width=\"768\" height=\"101\" src=\"https:\/\/www.atelierhm.cz\/wp-content\/uploads\/2020\/11\/Flute-e1606250818745-768x101.png\" class=\"attachment-medium_large size-medium_large wp-image-1316\" alt=\"\" srcset=\"https:\/\/www.atelierhm.cz\/wp-content\/uploads\/2020\/11\/Flute-e1606250818745-768x101.png 768w, https:\/\/www.atelierhm.cz\/wp-content\/uploads\/2020\/11\/Flute-e1606250818745-300x40.png 300w, https:\/\/www.atelierhm.cz\/wp-content\/uploads\/2020\/11\/Flute-e1606250818745-1024x135.png 1024w, https:\/\/www.atelierhm.cz\/wp-content\/uploads\/2020\/11\/Flute-e1606250818745-1536x202.png 1536w, https:\/\/www.atelierhm.cz\/wp-content\/uploads\/2020\/11\/Flute-e1606250818745-2048x270.png 2048w, https:\/\/www.atelierhm.cz\/wp-content\/uploads\/2020\/11\/Flute-e1606250818745-16x2.png 16w, https:\/\/www.atelierhm.cz\/wp-content\/uploads\/2020\/11\/Flute-e1606250818745-600x79.png 600w\" sizes=\"(max-width: 768px) 100vw, 768px\" \/>\t\t\t\t\t\t\t\t\t\t\t\t\t\t\t<\/div>\n\t\t\t\t<\/div>\n\t\t\t\t<div class=\"elementor-element elementor-element-0db3a02 elementor-widget elementor-widget-heading\" data-id=\"0db3a02\" data-element_type=\"widget\" data-e-type=\"widget\" data-widget_type=\"heading.default\">\n\t\t\t\t<div class=\"elementor-widget-container\">\n\t\t\t\t\t<h2 class=\"elementor-heading-title elementor-size-default\">Gener\u00e1ln\u00ed oprava p\u0159\u00ed\u010dn\u00e9 fl\u00e9tny<\/h2>\t\t\t\t<\/div>\n\t\t\t\t<\/div>\n\t\t\t\t<div class=\"elementor-element elementor-element-35fb920 elementor-widget elementor-widget-text-editor\" data-id=\"35fb920\" data-element_type=\"widget\" data-e-type=\"widget\" data-widget_type=\"text-editor.default\">\n\t\t\t\t<div class=\"elementor-widget-container\">\n\t\t\t\t\t\t\t\t\t<ul><li>Prvn\u00ed revizi po gener\u00e1ln\u00ed oprav\u011b prov\u00e1d\u00edm v pr\u016fb\u011bhu 12 m\u011bs\u00edc\u016f zdarma<\/li><li>Z\u00e1ruka na provedenou pr\u00e1ci je 6 m\u011bs\u00edc\u016f na GO 12 m\u011bs\u00edc\u016f.<\/li><li>Z\u00e1ruka se nevztahuje na vn\u011bj\u0161\u00ed po\u0161kozen\u00ed n\u00e1stroje \u2013 (p\u00e1dem, \u017eivly, aj.)<\/li><li>N\u00e1stroj lze vyzvednout pouze osobn\u011b po vyzkou\u0161en\u00ed<\/li><\/ul><div>\u00a0<\/div><div>Ka\u017ed\u00e1 gener\u00e1ln\u00ed oprava je specificky zam\u011b\u0159en\u00e1 na pot\u0159eby va\u0161eho n\u00e1stroje.\u00a0N\u00ed\u017ee je uveden standardn\u00ed seznam \u00fakon\u016f p\u0159i gener\u00e1ln\u00ed oprav\u011b, kter\u00fd je aplikov\u00e1n na ka\u017ed\u00e9m opravovan\u00e9m n\u00e1stroji.<\/div>\t\t\t\t\t\t\t\t<\/div>\n\t\t\t\t<\/div>\n\t\t\t\t<div class=\"elementor-element elementor-element-0ddf3c6 elementor-widget elementor-widget-heading\" data-id=\"0ddf3c6\" data-element_type=\"widget\" data-e-type=\"widget\" data-widget_type=\"heading.default\">\n\t\t\t\t<div class=\"elementor-widget-container\">\n\t\t\t\t\t<h3 class=\"elementor-heading-title elementor-size-default\">Odstrojen\u00ed a vy\u010di\u0161t\u011bn\u00ed<\/h3>\t\t\t\t<\/div>\n\t\t\t\t<\/div>\n\t\t\t\t<div class=\"elementor-element elementor-element-736bee9 elementor-widget elementor-widget-text-editor\" data-id=\"736bee9\" data-element_type=\"widget\" data-e-type=\"widget\" data-widget_type=\"text-editor.default\">\n\t\t\t\t<div class=\"elementor-widget-container\">\n\t\t\t\t\t\t\t\t\t<p>Kompletn\u00ed rozebr\u00e1n\u00ed n\u00e1stroje, odstran\u011bn\u00ed star\u00fdch pol\u0161t\u00e1\u0159k\u016f a dorazov\u00fdch materi\u00e1l\u016f.<\/p>\t\t\t\t\t\t\t\t<\/div>\n\t\t\t\t<\/div>\n\t\t\t\t<div class=\"elementor-element elementor-element-6fb6302 elementor-widget elementor-widget-heading\" data-id=\"6fb6302\" data-element_type=\"widget\" data-e-type=\"widget\" data-widget_type=\"heading.default\">\n\t\t\t\t<div class=\"elementor-widget-container\">\n\t\t\t\t\t<h3 class=\"elementor-heading-title elementor-size-default\">Chemick\u00e9 \u010di\u0161t\u011bn\u00ed st\u0159\u00edbrn\u00e9ho povrchu<\/h3>\t\t\t\t<\/div>\n\t\t\t\t<\/div>\n\t\t\t\t<div class=\"elementor-element elementor-element-f01d27d elementor-widget elementor-widget-text-editor\" data-id=\"f01d27d\" data-element_type=\"widget\" data-e-type=\"widget\" data-widget_type=\"text-editor.default\">\n\t\t\t\t<div class=\"elementor-widget-container\">\n\t\t\t\t\t\t\t\t\t<p>N\u00e1stroj a mechanika se oplachuje v chemick\u00e9 l\u00e1zni pro zbaven\u00ed oxid\u016f st\u0159\u00edbra.<\/p>\t\t\t\t\t\t\t\t<\/div>\n\t\t\t\t<\/div>\n\t\t\t\t<div class=\"elementor-element elementor-element-ee4552e elementor-widget elementor-widget-heading\" data-id=\"ee4552e\" data-element_type=\"widget\" data-e-type=\"widget\" data-widget_type=\"heading.default\">\n\t\t\t\t<div class=\"elementor-widget-container\">\n\t\t\t\t\t<h3 class=\"elementor-heading-title elementor-size-default\">Ru\u010dn\u00ed le\u0161t\u011bn\u00ed<\/h3>\t\t\t\t<\/div>\n\t\t\t\t<\/div>\n\t\t\t\t<div class=\"elementor-element elementor-element-7757ebe elementor-widget elementor-widget-text-editor\" data-id=\"7757ebe\" data-element_type=\"widget\" data-e-type=\"widget\" data-widget_type=\"text-editor.default\">\n\t\t\t\t<div class=\"elementor-widget-container\">\n\t\t\t\t\t\t\t\t\t<p>T\u011blo n\u00e1stroje i mechanika se ru\u010dn\u011b le\u0161t\u00ed speci\u00e1ln\u00edm anti-oxida\u010dn\u00edm p\u0159\u00edpravkem.<\/p>\t\t\t\t\t\t\t\t<\/div>\n\t\t\t\t<\/div>\n\t\t\t\t<div class=\"elementor-element elementor-element-277a1a7 elementor-widget elementor-widget-heading\" data-id=\"277a1a7\" data-element_type=\"widget\" data-e-type=\"widget\" data-widget_type=\"heading.default\">\n\t\t\t\t<div class=\"elementor-widget-container\">\n\t\t\t\t\t<h3 class=\"elementor-heading-title elementor-size-default\">Vyrovn\u00e1n\u00ed t\u00f3nov\u00fdch otvor\u016f<\/h3>\t\t\t\t<\/div>\n\t\t\t\t<\/div>\n\t\t\t\t<div class=\"elementor-element elementor-element-92cf7d8 elementor-widget elementor-widget-text-editor\" data-id=\"92cf7d8\" data-element_type=\"widget\" data-e-type=\"widget\" data-widget_type=\"text-editor.default\">\n\t\t\t\t<div class=\"elementor-widget-container\">\n\t\t\t\t\t\t\t\t\t<p>Prov\u00e1d\u00ed se v p\u0159\u00edpad\u011b, \u017ee jsou t\u00f3nov\u00e9 otvory po\u0161kozeny nebo je podez\u0159en\u00ed na men\u0161\u00ed t\u011bsnost. Toto rovn\u00e1n\u00ed je prov\u00e1d\u011bno s\u00a0maxim\u00e1ln\u00ed opatrnost\u00ed, aby m\u011blo, pokud mo\u017eno minim\u00e1ln\u00ed dopad na intonaci.<\/p>\t\t\t\t\t\t\t\t<\/div>\n\t\t\t\t<\/div>\n\t\t\t\t<div class=\"elementor-element elementor-element-fe7dec9 elementor-widget elementor-widget-heading\" data-id=\"fe7dec9\" data-element_type=\"widget\" data-e-type=\"widget\" data-widget_type=\"heading.default\">\n\t\t\t\t<div class=\"elementor-widget-container\">\n\t\t\t\t\t<h3 class=\"elementor-heading-title elementor-size-default\">Vyrovn\u00e1n\u00ed osi\u010dek<\/h3>\t\t\t\t<\/div>\n\t\t\t\t<\/div>\n\t\t\t\t<div class=\"elementor-element elementor-element-428b325 elementor-widget elementor-widget-text-editor\" data-id=\"428b325\" data-element_type=\"widget\" data-e-type=\"widget\" data-widget_type=\"text-editor.default\">\n\t\t\t\t<div class=\"elementor-widget-container\">\n\t\t\t\t\t\t\t\t\tKa\u017ed\u00e1 osi\u010dka je \u010di\u0161t\u011bna spolu s mechanikou v ultrazvukov\u00e9 l\u00e1zni, vyrovn\u00e1na a vyle\u0161t\u011bna do hladka. V p\u0159\u00edpad\u011b pot\u0159eby je nahrazena.\t\t\t\t\t\t\t\t<\/div>\n\t\t\t\t<\/div>\n\t\t\t\t<div class=\"elementor-element elementor-element-28318ff elementor-widget elementor-widget-heading\" data-id=\"28318ff\" data-element_type=\"widget\" data-e-type=\"widget\" data-widget_type=\"heading.default\">\n\t\t\t\t<div class=\"elementor-widget-container\">\n\t\t\t\t\t<h3 class=\"elementor-heading-title elementor-size-default\">\u0160pi\u010dat\u00e9 \u0161rouby<\/h3>\t\t\t\t<\/div>\n\t\t\t\t<\/div>\n\t\t\t\t<div class=\"elementor-element elementor-element-88d1d39 elementor-widget elementor-widget-text-editor\" data-id=\"88d1d39\" data-element_type=\"widget\" data-e-type=\"widget\" data-widget_type=\"text-editor.default\">\n\t\t\t\t<div class=\"elementor-widget-container\">\n\t\t\t\t\t\t\t\t\t<p>\u0160pi\u010dat\u00e9 \u0161rouby jsou jeden po druh\u00e9m vyjmuty a vy\u010di\u0161t\u011bny spolu se sloupky od usazen\u00fdch lubrika\u010dn\u00edch p\u0159\u00edpravk\u016f a op\u011bt zasazeny na sv\u00e9 p\u016fvodn\u00ed m\u00edsto. Je tak\u00e9 pot\u0159eba p\u0159esn\u011b sesadit a odstranit axi\u00e1ln\u00ed a radi\u00e1ln\u00ed v\u016fli klapek mezi sloupky. Toto m\u016f\u017ee vy\u017eadovat v\u00fdm\u011bnu \u0161roubu nebo jejich zhotoven\u00ed na m\u00edru, p\u0159evrt\u00e1n\u00ed z\u00e1vitu ve sloupc\u00edch nebo n\u00e1hradou za vlo\u017eku.<\/p>\t\t\t\t\t\t\t\t<\/div>\n\t\t\t\t<\/div>\n\t\t\t\t<div class=\"elementor-element elementor-element-db881c2 elementor-widget elementor-widget-heading\" data-id=\"db881c2\" data-element_type=\"widget\" data-e-type=\"widget\" data-widget_type=\"heading.default\">\n\t\t\t\t<div class=\"elementor-widget-container\">\n\t\t\t\t\t<h3 class=\"elementor-heading-title elementor-size-default\">Srovnan\u00ed klapek<\/h3>\t\t\t\t<\/div>\n\t\t\t\t<\/div>\n\t\t\t\t<div class=\"elementor-element elementor-element-87defc5 elementor-widget elementor-widget-text-editor\" data-id=\"87defc5\" data-element_type=\"widget\" data-e-type=\"widget\" data-widget_type=\"text-editor.default\">\n\t\t\t\t<div class=\"elementor-widget-container\">\n\t\t\t\t\t\t\t\t\t<p>Misky jsou vyrovn\u00e1ny do roviny a vycentrov\u00e1ny k n\u00e1le\u017eit\u00fdm t\u00f3nov\u00fdm otvor\u016fm, co\u017e je nezbytn\u011b nutn\u00e9 pro funk\u010dn\u00ed t\u011bsn\u011bn\u00ed pol\u0161t\u00e1\u0159ku po dlouhou dobu.<\/p>\t\t\t\t\t\t\t\t<\/div>\n\t\t\t\t<\/div>\n\t\t\t\t<div class=\"elementor-element elementor-element-e7a2e01 elementor-widget elementor-widget-heading\" data-id=\"e7a2e01\" data-element_type=\"widget\" data-e-type=\"widget\" data-widget_type=\"heading.default\">\n\t\t\t\t<div class=\"elementor-widget-container\">\n\t\t\t\t\t<h3 class=\"elementor-heading-title elementor-size-default\">Nata\u017een\u00ed a zkontrolov\u00e1n\u00ed p\u00e9rek<\/h3>\t\t\t\t<\/div>\n\t\t\t\t<\/div>\n\t\t\t\t<div class=\"elementor-element elementor-element-b743ab1 elementor-widget elementor-widget-text-editor\" data-id=\"b743ab1\" data-element_type=\"widget\" data-e-type=\"widget\" data-widget_type=\"text-editor.default\">\n\t\t\t\t<div class=\"elementor-widget-container\">\n\t\t\t\t\t\t\t\t\t<p>P\u00e9rka jsou optim\u00e1ln\u011b nata\u017eena pro hladk\u00fd chod mechaniky, po\u0161kozen\u00e1, zoxidovan\u00e1 a jinak deformovan\u00e1 p\u00e9rka jsou vym\u011bn\u011bna.<\/p>\t\t\t\t\t\t\t\t<\/div>\n\t\t\t\t<\/div>\n\t\t\t\t<div class=\"elementor-element elementor-element-43fec8f elementor-widget elementor-widget-heading\" data-id=\"43fec8f\" data-element_type=\"widget\" data-e-type=\"widget\" data-widget_type=\"heading.default\">\n\t\t\t\t<div class=\"elementor-widget-container\">\n\t\t\t\t\t<h3 class=\"elementor-heading-title elementor-size-default\">V\u00fdm\u011bna v\u0161ech pol\u0161t\u00e1\u0159k\u016f<\/h3>\t\t\t\t<\/div>\n\t\t\t\t<\/div>\n\t\t\t\t<div class=\"elementor-element elementor-element-7528079 elementor-widget elementor-widget-text-editor\" data-id=\"7528079\" data-element_type=\"widget\" data-e-type=\"widget\" data-widget_type=\"text-editor.default\">\n\t\t\t\t<div class=\"elementor-widget-container\">\n\t\t\t\t\t\t\t\t\t<p>V\u00fdm\u011bna v\u0161ech pol\u0161t\u00e1\u0159k\u016f dle volby z\u00e1kazn\u00edka. Pol\u0161t\u00e1\u0159ky jsou zasazeny do misek a srovn\u00e1ny do roviny, d\u00e1le pak usazeny do odpov\u00eddaj\u00edc\u00ed polohy pomoc\u00ed pap\u00edrov\u00fdch krou\u017ek\u016f, aby absolutn\u011b kryly t\u00f3nov\u00fd otvor. Testov\u00e1no pap\u00edrkem a zkou\u0161ka tlakem (Magnehelic gage).\u00a0<span style=\"background-color: var( --e-global-color-a0d5f45 ); color: var( --e-global-color-d8a881f );\">\u00a0Jako vhodn\u00e9 pol\u0161t\u00e1\u0159ky doporu\u010duji pol\u0161t\u00e1\u0159ky Pissoni DFL 140J nebo DFL 40HT.<\/span><\/p>\t\t\t\t\t\t\t\t<\/div>\n\t\t\t\t<\/div>\n\t\t\t\t<div class=\"elementor-element elementor-element-972bd7a elementor-widget elementor-widget-heading\" data-id=\"972bd7a\" data-element_type=\"widget\" data-e-type=\"widget\" data-widget_type=\"heading.default\">\n\t\t\t\t<div class=\"elementor-widget-container\">\n\t\t\t\t\t<h3 class=\"elementor-heading-title elementor-size-default\">V\u00fdm\u011bna v\u0161ech filc\u016f, kork\u016f atd \u2026<\/h3>\t\t\t\t<\/div>\n\t\t\t\t<\/div>\n\t\t\t\t<div class=\"elementor-element elementor-element-7e6cf19 elementor-widget elementor-widget-text-editor\" data-id=\"7e6cf19\" data-element_type=\"widget\" data-e-type=\"widget\" data-widget_type=\"text-editor.default\">\n\t\t\t\t<div class=\"elementor-widget-container\">\n\t\t\t\t\t\t\t\t\t<p>Vym\u011b\u0148uji v\u0161echny dorazov\u00e9 a t\u011bsn\u00edc\u00ed materi\u00e1ly na cel\u00e9m n\u00e1stroji. Pou\u017e\u00edv\u00e1m pak kombinaci r\u016fzn\u00fdch materi\u00e1l\u016f pro tich\u00fd chod mechaniky.<\/p>\t\t\t\t\t\t\t\t<\/div>\n\t\t\t\t<\/div>\n\t\t\t\t<div class=\"elementor-element elementor-element-61ad6f1 elementor-widget elementor-widget-heading\" data-id=\"61ad6f1\" data-element_type=\"widget\" data-e-type=\"widget\" data-widget_type=\"heading.default\">\n\t\t\t\t<div class=\"elementor-widget-container\">\n\t\t\t\t\t<h3 class=\"elementor-heading-title elementor-size-default\">Test n\u00e1stroje<\/h3>\t\t\t\t<\/div>\n\t\t\t\t<\/div>\n\t\t\t\t<div class=\"elementor-element elementor-element-a63bced elementor-widget elementor-widget-text-editor\" data-id=\"a63bced\" data-element_type=\"widget\" data-e-type=\"widget\" data-widget_type=\"text-editor.default\">\n\t\t\t\t<div class=\"elementor-widget-container\">\n\t\t\t\t\t\t\t\t\t<p>Ka\u017ed\u00fd n\u00e1stroj proch\u00e1z\u00ed prvn\u00edm testem u n\u00e1s, aby se p\u0159ipravil co mo\u017en\u00e1 nejl\u00e9pe pro z\u00e1kazn\u00edka. P\u0159i p\u0159evzet\u00ed n\u00e1stroje se sna\u017e\u00edme vyladit intona\u010dn\u00ed, zvukov\u00e9 a mechanick\u00e9 detaily, aby byl hr\u00e1\u010d, pokud mo\u017eno maxim\u00e1ln\u011b spokojen.<\/p>\t\t\t\t\t\t\t\t<\/div>\n\t\t\t\t<\/div>\n\t\t\t\t\t<\/div>\n\t\t<\/div>\n\t\t\t\t\t<\/div>\n\t\t<\/section>\n\t\t\t\t<\/div>\n\t\t","protected":false},"excerpt":{"rendered":"<p>Servis fl\u00e9ten Gener\u00e1ln\u00ed oprava p\u0159\u00ed\u010dn\u00e9 fl\u00e9tny Prvn\u00ed revizi po gener\u00e1ln\u00ed oprav\u011b prov\u00e1d\u00edm v pr\u016fb\u011bhu 12 m\u011bs\u00edc\u016f zdarma Z\u00e1ruka na provedenou pr\u00e1ci je 6 m\u011bs\u00edc\u016f na GO 12 m\u011bs\u00edc\u016f. Z\u00e1ruka se nevztahuje na vn\u011bj\u0161\u00ed po\u0161kozen\u00ed n\u00e1stroje \u2013 (p\u00e1dem, \u017eivly, aj.) N\u00e1stroj lze vyzvednout pouze osobn\u011b po vyzkou\u0161en\u00ed \u00a0Ka\u017ed\u00e1 gener\u00e1ln\u00ed oprava je specificky zam\u011b\u0159en\u00e1 na pot\u0159eby va\u0161eho [&hellip;]<\/p>\n","protected":false},"author":1,"featured_media":0,"parent":579,"menu_order":0,"comment_status":"closed","ping_status":"closed","template":"","meta":{"footnotes":""},"class_list":["post-744","page","type-page","status-publish","hentry"],"_links":{"self":[{"href":"https:\/\/www.atelierhm.cz\/cz\/wp-json\/wp\/v2\/pages\/744","targetHints":{"allow":["GET"]}}],"collection":[{"href":"https:\/\/www.atelierhm.cz\/cz\/wp-json\/wp\/v2\/pages"}],"about":[{"href":"https:\/\/www.atelierhm.cz\/cz\/wp-json\/wp\/v2\/types\/page"}],"author":[{"embeddable":true,"href":"https:\/\/www.atelierhm.cz\/cz\/wp-json\/wp\/v2\/users\/1"}],"replies":[{"embeddable":true,"href":"https:\/\/www.atelierhm.cz\/cz\/wp-json\/wp\/v2\/comments?post=744"}],"version-history":[{"count":48,"href":"https:\/\/www.atelierhm.cz\/cz\/wp-json\/wp\/v2\/pages\/744\/revisions"}],"predecessor-version":[{"id":2883,"href":"https:\/\/www.atelierhm.cz\/cz\/wp-json\/wp\/v2\/pages\/744\/revisions\/2883"}],"up":[{"embeddable":true,"href":"https:\/\/www.atelierhm.cz\/cz\/wp-json\/wp\/v2\/pages\/579"}],"wp:attachment":[{"href":"https:\/\/www.atelierhm.cz\/cz\/wp-json\/wp\/v2\/media?parent=744"}],"curies":[{"name":"wp","href":"https:\/\/api.w.org\/{rel}","templated":true}]}}