{"id":1663,"date":"2020-11-30T15:03:00","date_gmt":"2020-11-30T14:03:00","guid":{"rendered":"https:\/\/new.atelierhm.cz\/?page_id=1663"},"modified":"2020-12-08T23:43:05","modified_gmt":"2020-12-08T22:43:05","slug":"povrchove-upravy","status":"publish","type":"page","link":"https:\/\/www.atelierhm.cz\/cz\/upravy\/povrchove-upravy\/","title":{"rendered":"Povrchov\u00e9 \u00fapravy"},"content":{"rendered":"\t\t<div data-elementor-type=\"wp-page\" data-elementor-id=\"1663\" class=\"elementor elementor-1663\" data-elementor-post-type=\"page\">\n\t\t\t\t\t\t<section class=\"elementor-section elementor-top-section elementor-element elementor-element-b50a60c elementor-section-boxed elementor-section-height-default elementor-section-height-default\" data-id=\"b50a60c\" data-element_type=\"section\" data-e-type=\"section\">\n\t\t\t\t\t\t<div class=\"elementor-container elementor-column-gap-default\">\n\t\t\t\t\t<div class=\"elementor-column elementor-col-100 elementor-top-column elementor-element elementor-element-23d4e45\" data-id=\"23d4e45\" data-element_type=\"column\" data-e-type=\"column\">\n\t\t\t<div class=\"elementor-widget-wrap elementor-element-populated\">\n\t\t\t\t\t\t<div class=\"elementor-element elementor-element-e30f9a8 elementor-widget elementor-widget-breadcrumbs\" data-id=\"e30f9a8\" data-element_type=\"widget\" data-e-type=\"widget\" data-widget_type=\"breadcrumbs.default\">\n\t\t\t\t<div class=\"elementor-widget-container\">\n\t\t\t\t\t<p id=\"breadcrumbs\"><span><span><a href=\"https:\/\/www.atelierhm.cz\/cz\/\">Atelier H&amp;M<\/a><\/span><\/span><\/p>\t\t\t\t<\/div>\n\t\t\t\t<\/div>\n\t\t\t\t<div class=\"elementor-element elementor-element-3f799f5 elementor-widget elementor-widget-heading\" data-id=\"3f799f5\" data-element_type=\"widget\" data-e-type=\"widget\" data-widget_type=\"heading.default\">\n\t\t\t\t<div class=\"elementor-widget-container\">\n\t\t\t\t\t<h1 class=\"elementor-heading-title elementor-size-default\">Povrchov\u00e9 \u00fapravy<\/h1>\t\t\t\t<\/div>\n\t\t\t\t<\/div>\n\t\t\t\t<div class=\"elementor-element elementor-element-35fb920 elementor-widget elementor-widget-text-editor\" data-id=\"35fb920\" data-element_type=\"widget\" data-e-type=\"widget\" data-widget_type=\"text-editor.default\">\n\t\t\t\t<div class=\"elementor-widget-container\">\n\t\t\t\t\t\t\t\t\t<p>Prov\u00e1d\u00edme patinov\u00e1n\u00ed saxofon\u016f. Operaci p\u0159edch\u00e1z\u00ed \u010d\u00e1ste\u010dn\u00e9 odstran\u011bn\u00ed laku \u0161etrn\u00fdm zp\u016fsobem, ru\u010dn\u00edm p\u0159ebrou\u0161en\u00edm a aplikace patinovac\u00ed l\u00e1zn\u011b. D\u00e1le lze mechaniku \u010di cel\u00fd n\u00e1stroj galvanicky upravit. Nej\u010dast\u011bji, st\u0159\u00edb\u0159en\u00ed, zlacen\u00ed a niklov\u00e1n\u00ed. Posledn\u00edm po\u010dinem, kter\u00fdm se zab\u00fdv\u00e1me je povlakov\u00e1n\u00ed.<\/p>\t\t\t\t\t\t\t\t<\/div>\n\t\t\t\t<\/div>\n\t\t\t\t<div class=\"elementor-element elementor-element-b911a14 elementor-widget elementor-widget-gallery\" data-id=\"b911a14\" data-element_type=\"widget\" data-e-type=\"widget\" data-settings=\"{&quot;columns&quot;:5,&quot;gap&quot;:{&quot;unit&quot;:&quot;px&quot;,&quot;size&quot;:0,&quot;sizes&quot;:[]},&quot;gallery_layout&quot;:&quot;grid&quot;,&quot;columns_tablet&quot;:2,&quot;columns_mobile&quot;:1,&quot;gap_tablet&quot;:{&quot;unit&quot;:&quot;px&quot;,&quot;size&quot;:10,&quot;sizes&quot;:[]},&quot;gap_mobile&quot;:{&quot;unit&quot;:&quot;px&quot;,&quot;size&quot;:10,&quot;sizes&quot;:[]},&quot;link_to&quot;:&quot;file&quot;,&quot;aspect_ratio&quot;:&quot;3:2&quot;,&quot;overlay_background&quot;:&quot;yes&quot;,&quot;content_hover_animation&quot;:&quot;fade-in&quot;}\" data-widget_type=\"gallery.default\">\n\t\t\t\t<div class=\"elementor-widget-container\">\n\t\t\t\t\t\t\t<div class=\"elementor-gallery__container\">\n\t\t\t\t\t\t\t<a class=\"e-gallery-item elementor-gallery-item elementor-animated-content\" href=\"https:\/\/www.atelierhm.cz\/wp-content\/uploads\/2020\/12\/IMG_1623.jpg\" data-elementor-open-lightbox=\"yes\" data-elementor-lightbox-slideshow=\"b911a14\" data-elementor-lightbox-title=\"IMG_1623\" data-e-action-hash=\"#elementor-action%3Aaction%3Dlightbox%26settings%3DeyJpZCI6MTg3MCwidXJsIjoiaHR0cHM6XC9cL3d3dy5hdGVsaWVyaG0uY3pcL3dwLWNvbnRlbnRcL3VwbG9hZHNcLzIwMjBcLzEyXC9JTUdfMTYyMy5qcGciLCJzbGlkZXNob3ciOiJiOTExYTE0In0%3D\">\n\t\t\t\t\t<div class=\"e-gallery-image elementor-gallery-item__image\" data-thumbnail=\"https:\/\/www.atelierhm.cz\/wp-content\/uploads\/2020\/12\/IMG_1623-204x300.jpg\" data-width=\"204\" data-height=\"300\" aria-label=\"\" role=\"img\" ><\/div>\n\t\t\t\t\t\t\t\t\t\t\t<div class=\"elementor-gallery-item__overlay\"><\/div>\n\t\t\t\t\t\t\t\t\t\t\t\t\t\t<\/a>\n\t\t\t\t\t\t\t<a class=\"e-gallery-item elementor-gallery-item elementor-animated-content\" href=\"https:\/\/www.atelierhm.cz\/wp-content\/uploads\/2020\/12\/Pic4-scaled-e1607357964919.jpg\" data-elementor-open-lightbox=\"yes\" data-elementor-lightbox-slideshow=\"b911a14\" data-elementor-lightbox-title=\"Pic4\" data-e-action-hash=\"#elementor-action%3Aaction%3Dlightbox%26settings%3DeyJpZCI6MTg3NCwidXJsIjoiaHR0cHM6XC9cL3d3dy5hdGVsaWVyaG0uY3pcL3dwLWNvbnRlbnRcL3VwbG9hZHNcLzIwMjBcLzEyXC9QaWM0LXNjYWxlZC1lMTYwNzM1Nzk2NDkxOS5qcGciLCJzbGlkZXNob3ciOiJiOTExYTE0In0%3D\">\n\t\t\t\t\t<div class=\"e-gallery-image elementor-gallery-item__image\" data-thumbnail=\"https:\/\/www.atelierhm.cz\/wp-content\/uploads\/2020\/12\/Pic4-225x300.jpg\" data-width=\"225\" data-height=\"300\" aria-label=\"\" role=\"img\" ><\/div>\n\t\t\t\t\t\t\t\t\t\t\t<div class=\"elementor-gallery-item__overlay\"><\/div>\n\t\t\t\t\t\t\t\t\t\t\t\t\t\t<\/a>\n\t\t\t\t\t\t\t<a class=\"e-gallery-item elementor-gallery-item elementor-animated-content\" href=\"https:\/\/www.atelierhm.cz\/wp-content\/uploads\/2020\/12\/IMG_1814-scaled-e1607357984504.jpg\" data-elementor-open-lightbox=\"yes\" data-elementor-lightbox-slideshow=\"b911a14\" data-elementor-lightbox-title=\"IMG_1814\" data-e-action-hash=\"#elementor-action%3Aaction%3Dlightbox%26settings%3DeyJpZCI6MTg3MywidXJsIjoiaHR0cHM6XC9cL3d3dy5hdGVsaWVyaG0uY3pcL3dwLWNvbnRlbnRcL3VwbG9hZHNcLzIwMjBcLzEyXC9JTUdfMTgxNC1zY2FsZWQtZTE2MDczNTc5ODQ1MDQuanBnIiwic2xpZGVzaG93IjoiYjkxMWExNCJ9\">\n\t\t\t\t\t<div class=\"e-gallery-image elementor-gallery-item__image\" data-thumbnail=\"https:\/\/www.atelierhm.cz\/wp-content\/uploads\/2020\/12\/IMG_1814-225x300.jpg\" data-width=\"225\" data-height=\"300\" aria-label=\"\" role=\"img\" ><\/div>\n\t\t\t\t\t\t\t\t\t\t\t<div class=\"elementor-gallery-item__overlay\"><\/div>\n\t\t\t\t\t\t\t\t\t\t\t\t\t\t<\/a>\n\t\t\t\t\t\t\t<a class=\"e-gallery-item elementor-gallery-item elementor-animated-content\" href=\"https:\/\/www.atelierhm.cz\/wp-content\/uploads\/2020\/12\/Elleder1-e1607358132531.jpg\" data-elementor-open-lightbox=\"yes\" data-elementor-lightbox-slideshow=\"b911a14\" data-elementor-lightbox-title=\"Elleder1\" data-e-action-hash=\"#elementor-action%3Aaction%3Dlightbox%26settings%3DeyJpZCI6MTg3MiwidXJsIjoiaHR0cHM6XC9cL3d3dy5hdGVsaWVyaG0uY3pcL3dwLWNvbnRlbnRcL3VwbG9hZHNcLzIwMjBcLzEyXC9FbGxlZGVyMS1lMTYwNzM1ODEzMjUzMS5qcGciLCJzbGlkZXNob3ciOiJiOTExYTE0In0%3D\">\n\t\t\t\t\t<div class=\"e-gallery-image elementor-gallery-item__image\" data-thumbnail=\"https:\/\/www.atelierhm.cz\/wp-content\/uploads\/2020\/12\/Elleder1-225x300.jpg\" data-width=\"225\" data-height=\"300\" aria-label=\"\" role=\"img\" ><\/div>\n\t\t\t\t\t\t\t\t\t\t\t<div class=\"elementor-gallery-item__overlay\"><\/div>\n\t\t\t\t\t\t\t\t\t\t\t\t\t\t<\/a>\n\t\t\t\t\t\t\t<a class=\"e-gallery-item elementor-gallery-item elementor-animated-content\" href=\"https:\/\/www.atelierhm.cz\/wp-content\/uploads\/2020\/12\/E325A3A7-2AC8-497F-B0AF-9A6E38AB9FE0-rotated.jpg\" data-elementor-open-lightbox=\"yes\" data-elementor-lightbox-slideshow=\"b911a14\" data-elementor-lightbox-title=\"E325A3A7-2AC8-497F-B0AF-9A6E38AB9FE0\" data-e-action-hash=\"#elementor-action%3Aaction%3Dlightbox%26settings%3DeyJpZCI6MTk2NCwidXJsIjoiaHR0cHM6XC9cL3d3dy5hdGVsaWVyaG0uY3pcL3dwLWNvbnRlbnRcL3VwbG9hZHNcLzIwMjBcLzEyXC9FMzI1QTNBNy0yQUM4LTQ5N0YtQjBBRi05QTZFMzhBQjlGRTAtcm90YXRlZC5qcGciLCJzbGlkZXNob3ciOiJiOTExYTE0In0%3D\">\n\t\t\t\t\t<div class=\"e-gallery-image elementor-gallery-item__image\" data-thumbnail=\"https:\/\/www.atelierhm.cz\/wp-content\/uploads\/2020\/12\/E325A3A7-2AC8-497F-B0AF-9A6E38AB9FE0-169x300.jpg\" data-width=\"169\" data-height=\"300\" aria-label=\"\" role=\"img\" ><\/div>\n\t\t\t\t\t\t\t\t\t\t\t<div class=\"elementor-gallery-item__overlay\"><\/div>\n\t\t\t\t\t\t\t\t\t\t\t\t\t\t<\/a>\n\t\t\t\t\t<\/div>\n\t\t\t\t\t<\/div>\n\t\t\t\t<\/div>\n\t\t\t\t\t<\/div>\n\t\t<\/div>\n\t\t\t\t\t<\/div>\n\t\t<\/section>\n\t\t\t\t<\/div>\n\t\t","protected":false},"excerpt":{"rendered":"<p>Povrchov\u00e9 \u00fapravy Prov\u00e1d\u00edme patinov\u00e1n\u00ed saxofon\u016f. Operaci p\u0159edch\u00e1z\u00ed \u010d\u00e1ste\u010dn\u00e9 odstran\u011bn\u00ed laku \u0161etrn\u00fdm zp\u016fsobem, ru\u010dn\u00edm p\u0159ebrou\u0161en\u00edm a aplikace patinovac\u00ed l\u00e1zn\u011b. D\u00e1le lze mechaniku \u010di cel\u00fd n\u00e1stroj galvanicky upravit. Nej\u010dast\u011bji, st\u0159\u00edb\u0159en\u00ed, zlacen\u00ed a niklov\u00e1n\u00ed. Posledn\u00edm po\u010dinem, kter\u00fdm se zab\u00fdv\u00e1me je povlakov\u00e1n\u00ed.<\/p>\n","protected":false},"author":1,"featured_media":0,"parent":596,"menu_order":0,"comment_status":"closed","ping_status":"closed","template":"","meta":{"footnotes":""},"class_list":["post-1663","page","type-page","status-publish","hentry"],"_links":{"self":[{"href":"https:\/\/www.atelierhm.cz\/cz\/wp-json\/wp\/v2\/pages\/1663","targetHints":{"allow":["GET"]}}],"collection":[{"href":"https:\/\/www.atelierhm.cz\/cz\/wp-json\/wp\/v2\/pages"}],"about":[{"href":"https:\/\/www.atelierhm.cz\/cz\/wp-json\/wp\/v2\/types\/page"}],"author":[{"embeddable":true,"href":"https:\/\/www.atelierhm.cz\/cz\/wp-json\/wp\/v2\/users\/1"}],"replies":[{"embeddable":true,"href":"https:\/\/www.atelierhm.cz\/cz\/wp-json\/wp\/v2\/comments?post=1663"}],"version-history":[{"count":13,"href":"https:\/\/www.atelierhm.cz\/cz\/wp-json\/wp\/v2\/pages\/1663\/revisions"}],"predecessor-version":[{"id":1984,"href":"https:\/\/www.atelierhm.cz\/cz\/wp-json\/wp\/v2\/pages\/1663\/revisions\/1984"}],"up":[{"embeddable":true,"href":"https:\/\/www.atelierhm.cz\/cz\/wp-json\/wp\/v2\/pages\/596"}],"wp:attachment":[{"href":"https:\/\/www.atelierhm.cz\/cz\/wp-json\/wp\/v2\/media?parent=1663"}],"curies":[{"name":"wp","href":"https:\/\/api.w.org\/{rel}","templated":true}]}}