{"id":1658,"date":"2020-11-30T15:01:43","date_gmt":"2020-11-30T14:01:43","guid":{"rendered":"https:\/\/new.atelierhm.cz\/?page_id=1658"},"modified":"2023-04-01T10:21:09","modified_gmt":"2023-04-01T08:21:09","slug":"cryo","status":"publish","type":"page","link":"https:\/\/www.atelierhm.cz\/cz\/upravy\/cryo\/","title":{"rendered":"Cryo"},"content":{"rendered":"\t\t<div data-elementor-type=\"wp-page\" data-elementor-id=\"1658\" class=\"elementor elementor-1658\" data-elementor-post-type=\"page\">\n\t\t\t\t\t\t<section class=\"elementor-section elementor-top-section elementor-element elementor-element-b50a60c elementor-section-boxed elementor-section-height-default elementor-section-height-default\" data-id=\"b50a60c\" data-element_type=\"section\" data-e-type=\"section\" data-settings=\"{&quot;background_background&quot;:&quot;classic&quot;}\">\n\t\t\t\t\t\t\t<div class=\"elementor-background-overlay\"><\/div>\n\t\t\t\t\t\t\t<div class=\"elementor-container elementor-column-gap-default\">\n\t\t\t\t\t<div class=\"elementor-column elementor-col-100 elementor-top-column elementor-element elementor-element-23d4e45\" data-id=\"23d4e45\" data-element_type=\"column\" data-e-type=\"column\" data-settings=\"{&quot;background_background&quot;:&quot;slideshow&quot;,&quot;background_slideshow_gallery&quot;:[],&quot;background_slideshow_loop&quot;:&quot;yes&quot;,&quot;background_slideshow_slide_duration&quot;:5000,&quot;background_slideshow_slide_transition&quot;:&quot;fade&quot;,&quot;background_slideshow_transition_duration&quot;:500}\">\n\t\t\t<div class=\"elementor-widget-wrap elementor-element-populated\">\n\t\t\t\t\t\t<div class=\"elementor-element elementor-element-e30f9a8 elementor-widget elementor-widget-breadcrumbs\" data-id=\"e30f9a8\" data-element_type=\"widget\" data-e-type=\"widget\" data-widget_type=\"breadcrumbs.default\">\n\t\t\t\t<div class=\"elementor-widget-container\">\n\t\t\t\t\t<p id=\"breadcrumbs\"><span><span><a href=\"https:\/\/www.atelierhm.cz\/cz\/\">Atelier H&amp;M<\/a><\/span><\/span><\/p>\t\t\t\t<\/div>\n\t\t\t\t<\/div>\n\t\t\t\t<div class=\"elementor-element elementor-element-3f799f5 elementor-widget elementor-widget-heading\" data-id=\"3f799f5\" data-element_type=\"widget\" data-e-type=\"widget\" data-widget_type=\"heading.default\">\n\t\t\t\t<div class=\"elementor-widget-container\">\n\t\t\t\t\t<h1 class=\"elementor-heading-title elementor-size-default\">Cryo \n\n\n<\/h1>\t\t\t\t<\/div>\n\t\t\t\t<\/div>\n\t\t\t\t<div class=\"elementor-element elementor-element-5febc6c elementor-widget elementor-widget-heading\" data-id=\"5febc6c\" data-element_type=\"widget\" data-e-type=\"widget\" data-widget_type=\"heading.default\">\n\t\t\t\t<div class=\"elementor-widget-container\">\n\t\t\t\t\t<h2 class=\"elementor-heading-title elementor-size-default\">Kryogenika hudebn\u00edch n\u00e1stroj\u016f<\/h2>\t\t\t\t<\/div>\n\t\t\t\t<\/div>\n\t\t\t\t<div class=\"elementor-element elementor-element-35fb920 elementor-widget elementor-widget-text-editor\" data-id=\"35fb920\" data-element_type=\"widget\" data-e-type=\"widget\" data-widget_type=\"text-editor.default\">\n\t\t\t\t<div class=\"elementor-widget-container\">\n\t\t\t\t\t\t\t\t\t<p>Proces hlubok\u00e9ho zmra\u017een\u00ed m\u00e9n\u011b ne\u017e -180\u00b0C nab\u00edz\u00ed signifikantn\u00ed zlep\u0161en\u00ed kvality resonance u dechov\u00fdch n\u00e1stroj\u016f za n\u011bkolik posledn\u00edch desetilet\u00ed. Zbytkov\u00e9 nap\u011bt\u00ed, kter\u00e9 je uvnit\u0159 n\u00e1stroje vytvo\u0159en\u00e9 v\u00fdrobou, se kryogenn\u00edm o\u0161et\u0159en\u00edm uvoln\u00ed. Dechov\u00e9 n\u00e1stroje pak reaguj\u00ed na tento proces t\u00edm, \u017ee zvy\u0161uj\u00ed kvalitu t\u00f3nu, hlasitost a zvy\u0161uj\u00ed \u010di sni\u017euj\u00ed rozsah. Toto umo\u017e\u0148uje Va\u0161emu n\u00e1stroji hr\u00e1t tak, jak byl p\u016fvodn\u011b navr\u017een. Druhotn\u00fd efekt je, \u017ee se n\u00e1stroje sn\u00e1ze \u010dist\u00ed.<\/p><p>Piana, kytary, cimb\u00e1ly, saxofony, trumpety, trombony a cel\u00e1 \u0159ada dal\u0161\u00edch dechov\u00fdch, ale i kovov\u00fdch strunn\u00fdch n\u00e1stroj\u016f m\u016f\u017ee tak\u00e9 t\u011b\u017eit z kryogeniky. Nejen, \u017ee struny budou zn\u00edt d\u00e9le, ale budou m\u00edt i del\u0161\u00ed \u017eivotnost. To je hlavn\u00ed benefit pro koncertn\u00ed haly, auditoria a jak\u00e1koliv jin\u00e1 m\u00edsta, kde jsou n\u00e1stroje \u010dasto pou\u017e\u00edv\u00e1ny. Bez ohledu, zda jste utratili stovky nebo stovky tis\u00edc korun za V\u00e1\u0161 n\u00e1stroj, pom\u016f\u017eeme V\u00e1m maximalizovat Va\u0161\u00ed investici a zajistit kvalitn\u00ed zvuk na roky dop\u0159edu.<\/p><p>Prodlu\u017ete dobu t\u00f3nu, zkra\u0165te \u010das \u010di\u0161t\u011bn\u00ed n\u00e1stroje, hrajte zvu\u010dn\u011b ka\u017ed\u00fd den.<\/p>\t\t\t\t\t\t\t\t<\/div>\n\t\t\t\t<\/div>\n\t\t\t\t<div class=\"elementor-element elementor-element-f9b46b6 elementor-widget elementor-widget-text-editor\" data-id=\"f9b46b6\" data-element_type=\"widget\" data-e-type=\"widget\" data-widget_type=\"text-editor.default\">\n\t\t\t\t<div class=\"elementor-widget-container\">\n\t\t\t\t\t\t\t\t\t<p><span style=\"color: #000000;\"><em>\u201eHonzovi jsem na zmra\u017een\u00ed dal svoji nejobl\u00edben\u011bj\u0161\u00ed hubici &#8211; kovov\u00e9ho Zinnera 7. Hlavn\u00ed rozd\u00edl po &#8222;kryoterapii&#8220; sly\u0161\u00edm v tom, \u017ee ve spodn\u00edm rejst\u0159\u00edku (\u0159ekn\u011bme do e nebo g1) je sly\u0161et v\u00edc alikvotn\u00edch t\u00f3n\u016f. Hubice zn\u00ed daleko l\u00e9pe, kdy\u017e hraju forte, nen\u00ed to jen ostr\u00e9 a nahlas.<\/em><\/span><\/p><p><span style=\"color: #000000;\"><em>Co je nejd\u016fle\u017eit\u011bj\u0161\u00ed, hubice neztratila sv\u016fj zvukov\u00fd charakter. Nezm\u011bnila se ani v Dukoffa, ani v Larsena.\u201c<\/em><\/span><\/p><p><span style=\"color: #000000;\"><em>Jakub Dole\u017eal 7.4.2020 FB \u2013 Atelierhm.cz<\/em><\/span><\/p>\t\t\t\t\t\t\t\t<\/div>\n\t\t\t\t<\/div>\n\t\t\t\t<div class=\"elementor-element elementor-element-22fff2b elementor-widget elementor-widget-gallery\" data-id=\"22fff2b\" data-element_type=\"widget\" data-e-type=\"widget\" data-settings=\"{&quot;gap_mobile&quot;:{&quot;unit&quot;:&quot;px&quot;,&quot;size&quot;:5,&quot;sizes&quot;:[]},&quot;columns&quot;:3,&quot;gap&quot;:{&quot;unit&quot;:&quot;px&quot;,&quot;size&quot;:5,&quot;sizes&quot;:[]},&quot;gallery_layout&quot;:&quot;grid&quot;,&quot;columns_tablet&quot;:2,&quot;columns_mobile&quot;:1,&quot;gap_tablet&quot;:{&quot;unit&quot;:&quot;px&quot;,&quot;size&quot;:10,&quot;sizes&quot;:[]},&quot;link_to&quot;:&quot;file&quot;,&quot;aspect_ratio&quot;:&quot;3:2&quot;,&quot;overlay_background&quot;:&quot;yes&quot;,&quot;content_hover_animation&quot;:&quot;fade-in&quot;}\" data-widget_type=\"gallery.default\">\n\t\t\t\t<div class=\"elementor-widget-container\">\n\t\t\t\t\t\t\t<div class=\"elementor-gallery__container\">\n\t\t\t\t\t\t\t<a class=\"e-gallery-item elementor-gallery-item elementor-animated-content\" href=\"https:\/\/www.atelierhm.cz\/wp-content\/uploads\/2020\/12\/IMG_0236-rotated-e1607121960246.jpg\" data-elementor-open-lightbox=\"yes\" data-elementor-lightbox-slideshow=\"22fff2b\" data-elementor-lightbox-title=\"IMG_0236\" data-e-action-hash=\"#elementor-action%3Aaction%3Dlightbox%26settings%3DeyJpZCI6MTc3OCwidXJsIjoiaHR0cHM6XC9cL3d3dy5hdGVsaWVyaG0uY3pcL3dwLWNvbnRlbnRcL3VwbG9hZHNcLzIwMjBcLzEyXC9JTUdfMDIzNi1yb3RhdGVkLWUxNjA3MTIxOTYwMjQ2LmpwZyIsInNsaWRlc2hvdyI6IjIyZmZmMmIifQ%3D%3D\">\n\t\t\t\t\t<div class=\"e-gallery-image elementor-gallery-item__image\" data-thumbnail=\"https:\/\/www.atelierhm.cz\/wp-content\/uploads\/2020\/12\/IMG_0236-rotated-e1607121960246-300x225.jpg\" data-width=\"300\" data-height=\"225\" aria-label=\"\" role=\"img\" ><\/div>\n\t\t\t\t\t\t\t\t\t\t\t<div class=\"elementor-gallery-item__overlay\"><\/div>\n\t\t\t\t\t\t\t\t\t\t\t\t\t\t<\/a>\n\t\t\t\t\t\t\t<a class=\"e-gallery-item elementor-gallery-item elementor-animated-content\" href=\"https:\/\/www.atelierhm.cz\/wp-content\/uploads\/2020\/12\/IMG_0764-rotated-e1607122930588.jpg\" data-elementor-open-lightbox=\"yes\" data-elementor-lightbox-slideshow=\"22fff2b\" data-elementor-lightbox-title=\"IMG_0764\" data-e-action-hash=\"#elementor-action%3Aaction%3Dlightbox%26settings%3DeyJpZCI6MTc3OSwidXJsIjoiaHR0cHM6XC9cL3d3dy5hdGVsaWVyaG0uY3pcL3dwLWNvbnRlbnRcL3VwbG9hZHNcLzIwMjBcLzEyXC9JTUdfMDc2NC1yb3RhdGVkLWUxNjA3MTIyOTMwNTg4LmpwZyIsInNsaWRlc2hvdyI6IjIyZmZmMmIifQ%3D%3D\">\n\t\t\t\t\t<div class=\"e-gallery-image elementor-gallery-item__image\" data-thumbnail=\"https:\/\/www.atelierhm.cz\/wp-content\/uploads\/2020\/12\/IMG_0764-rotated-e1607122930588-300x205.jpg\" data-width=\"300\" data-height=\"205\" aria-label=\"\" role=\"img\" ><\/div>\n\t\t\t\t\t\t\t\t\t\t\t<div class=\"elementor-gallery-item__overlay\"><\/div>\n\t\t\t\t\t\t\t\t\t\t\t\t\t\t<\/a>\n\t\t\t\t\t\t\t<a class=\"e-gallery-item elementor-gallery-item elementor-animated-content\" href=\"https:\/\/www.atelierhm.cz\/wp-content\/uploads\/2020\/12\/IMG_4084.jpg\" data-elementor-open-lightbox=\"yes\" data-elementor-lightbox-slideshow=\"22fff2b\" data-elementor-lightbox-title=\"IMG_4084\" data-e-action-hash=\"#elementor-action%3Aaction%3Dlightbox%26settings%3DeyJpZCI6MTc4MCwidXJsIjoiaHR0cHM6XC9cL3d3dy5hdGVsaWVyaG0uY3pcL3dwLWNvbnRlbnRcL3VwbG9hZHNcLzIwMjBcLzEyXC9JTUdfNDA4NC5qcGciLCJzbGlkZXNob3ciOiIyMmZmZjJiIn0%3D\">\n\t\t\t\t\t<div class=\"e-gallery-image elementor-gallery-item__image\" data-thumbnail=\"https:\/\/www.atelierhm.cz\/wp-content\/uploads\/2020\/12\/IMG_4084-225x300.jpg\" data-width=\"225\" data-height=\"300\" aria-label=\"\" role=\"img\" ><\/div>\n\t\t\t\t\t\t\t\t\t\t\t<div class=\"elementor-gallery-item__overlay\"><\/div>\n\t\t\t\t\t\t\t\t\t\t\t\t\t\t<\/a>\n\t\t\t\t\t\t\t<a class=\"e-gallery-item elementor-gallery-item elementor-animated-content\" href=\"https:\/\/www.atelierhm.cz\/wp-content\/uploads\/2022\/10\/IMG_3621.jpg\" data-elementor-open-lightbox=\"yes\" data-elementor-lightbox-slideshow=\"22fff2b\" data-elementor-lightbox-title=\"IMG_3621\" data-e-action-hash=\"#elementor-action%3Aaction%3Dlightbox%26settings%3DeyJpZCI6MzEzMiwidXJsIjoiaHR0cHM6XC9cL3d3dy5hdGVsaWVyaG0uY3pcL3dwLWNvbnRlbnRcL3VwbG9hZHNcLzIwMjJcLzEwXC9JTUdfMzYyMS5qcGciLCJzbGlkZXNob3ciOiIyMmZmZjJiIn0%3D\">\n\t\t\t\t\t<div class=\"e-gallery-image elementor-gallery-item__image\" data-thumbnail=\"https:\/\/www.atelierhm.cz\/wp-content\/uploads\/2022\/10\/IMG_3621-225x300.jpg\" data-width=\"225\" data-height=\"300\" aria-label=\"\" role=\"img\" ><\/div>\n\t\t\t\t\t\t\t\t\t\t\t<div class=\"elementor-gallery-item__overlay\"><\/div>\n\t\t\t\t\t\t\t\t\t\t\t\t\t\t<\/a>\n\t\t\t\t\t\t\t<a class=\"e-gallery-item elementor-gallery-item elementor-animated-content\" href=\"https:\/\/www.atelierhm.cz\/wp-content\/uploads\/2022\/10\/IMG_3592.jpg\" data-elementor-open-lightbox=\"yes\" data-elementor-lightbox-slideshow=\"22fff2b\" data-elementor-lightbox-title=\"IMG_3592\" data-e-action-hash=\"#elementor-action%3Aaction%3Dlightbox%26settings%3DeyJpZCI6MzEzMSwidXJsIjoiaHR0cHM6XC9cL3d3dy5hdGVsaWVyaG0uY3pcL3dwLWNvbnRlbnRcL3VwbG9hZHNcLzIwMjJcLzEwXC9JTUdfMzU5Mi5qcGciLCJzbGlkZXNob3ciOiIyMmZmZjJiIn0%3D\">\n\t\t\t\t\t<div class=\"e-gallery-image elementor-gallery-item__image\" data-thumbnail=\"https:\/\/www.atelierhm.cz\/wp-content\/uploads\/2022\/10\/IMG_3592-225x300.jpg\" data-width=\"225\" data-height=\"300\" aria-label=\"\" role=\"img\" ><\/div>\n\t\t\t\t\t\t\t\t\t\t\t<div class=\"elementor-gallery-item__overlay\"><\/div>\n\t\t\t\t\t\t\t\t\t\t\t\t\t\t<\/a>\n\t\t\t\t\t\t\t<a class=\"e-gallery-item elementor-gallery-item elementor-animated-content\" href=\"https:\/\/www.atelierhm.cz\/wp-content\/uploads\/2022\/10\/IMG_3585.jpg\" data-elementor-open-lightbox=\"yes\" data-elementor-lightbox-slideshow=\"22fff2b\" data-elementor-lightbox-title=\"IMG_3585\" data-e-action-hash=\"#elementor-action%3Aaction%3Dlightbox%26settings%3DeyJpZCI6MzEzMCwidXJsIjoiaHR0cHM6XC9cL3d3dy5hdGVsaWVyaG0uY3pcL3dwLWNvbnRlbnRcL3VwbG9hZHNcLzIwMjJcLzEwXC9JTUdfMzU4NS5qcGciLCJzbGlkZXNob3ciOiIyMmZmZjJiIn0%3D\">\n\t\t\t\t\t<div class=\"e-gallery-image elementor-gallery-item__image\" data-thumbnail=\"https:\/\/www.atelierhm.cz\/wp-content\/uploads\/2022\/10\/IMG_3585-225x300.jpg\" data-width=\"225\" data-height=\"300\" aria-label=\"\" role=\"img\" ><\/div>\n\t\t\t\t\t\t\t\t\t\t\t<div class=\"elementor-gallery-item__overlay\"><\/div>\n\t\t\t\t\t\t\t\t\t\t\t\t\t\t<\/a>\n\t\t\t\t\t<\/div>\n\t\t\t\t\t<\/div>\n\t\t\t\t<\/div>\n\t\t\t\t<div class=\"elementor-element elementor-element-94b3758 elementor-widget elementor-widget-wp-widget-media_video\" data-id=\"94b3758\" data-element_type=\"widget\" data-e-type=\"widget\" data-widget_type=\"wp-widget-media_video.default\">\n\t\t\t\t<div class=\"elementor-widget-container\">\n\t\t\t\t\t<div style=\"width:100%;\" class=\"wp-video\"><video class=\"wp-video-shortcode\" id=\"video-1658-1\" preload=\"metadata\" controls=\"controls\"><source type=\"video\/mp4\" src=\"https:\/\/www.atelierhm.cz\/wp-content\/uploads\/2020\/12\/Cryo.mp4?_=1\" \/><source type=\"video\/mp4\" src=\"https:\/\/new.atelierhm.cz\/wp-content\/uploads\/2020\/12\/Cryo.mp4?_=1\" \/><a href=\"https:\/\/www.atelierhm.cz\/wp-content\/uploads\/2020\/12\/Cryo.mp4\">https:\/\/www.atelierhm.cz\/wp-content\/uploads\/2020\/12\/Cryo.mp4<\/a><\/video><\/div>\t\t\t\t<\/div>\n\t\t\t\t<\/div>\n\t\t\t\t\t<\/div>\n\t\t<\/div>\n\t\t\t\t\t<\/div>\n\t\t<\/section>\n\t\t\t\t<\/div>\n\t\t","protected":false},"excerpt":{"rendered":"<p>Cryo Kryogenika hudebn\u00edch n\u00e1stroj\u016f Proces hlubok\u00e9ho zmra\u017een\u00ed m\u00e9n\u011b ne\u017e -180\u00b0C nab\u00edz\u00ed signifikantn\u00ed zlep\u0161en\u00ed kvality resonance u dechov\u00fdch n\u00e1stroj\u016f za n\u011bkolik posledn\u00edch desetilet\u00ed. Zbytkov\u00e9 nap\u011bt\u00ed, kter\u00e9 je uvnit\u0159 n\u00e1stroje vytvo\u0159en\u00e9 v\u00fdrobou, se kryogenn\u00edm o\u0161et\u0159en\u00edm uvoln\u00ed. Dechov\u00e9 n\u00e1stroje pak reaguj\u00ed na tento proces t\u00edm, \u017ee zvy\u0161uj\u00ed kvalitu t\u00f3nu, hlasitost a zvy\u0161uj\u00ed \u010di sni\u017euj\u00ed rozsah. Toto umo\u017e\u0148uje Va\u0161emu [&hellip;]<\/p>\n","protected":false},"author":1,"featured_media":0,"parent":596,"menu_order":0,"comment_status":"closed","ping_status":"closed","template":"","meta":{"footnotes":""},"class_list":["post-1658","page","type-page","status-publish","hentry"],"_links":{"self":[{"href":"https:\/\/www.atelierhm.cz\/cz\/wp-json\/wp\/v2\/pages\/1658","targetHints":{"allow":["GET"]}}],"collection":[{"href":"https:\/\/www.atelierhm.cz\/cz\/wp-json\/wp\/v2\/pages"}],"about":[{"href":"https:\/\/www.atelierhm.cz\/cz\/wp-json\/wp\/v2\/types\/page"}],"author":[{"embeddable":true,"href":"https:\/\/www.atelierhm.cz\/cz\/wp-json\/wp\/v2\/users\/1"}],"replies":[{"embeddable":true,"href":"https:\/\/www.atelierhm.cz\/cz\/wp-json\/wp\/v2\/comments?post=1658"}],"version-history":[{"count":31,"href":"https:\/\/www.atelierhm.cz\/cz\/wp-json\/wp\/v2\/pages\/1658\/revisions"}],"predecessor-version":[{"id":3269,"href":"https:\/\/www.atelierhm.cz\/cz\/wp-json\/wp\/v2\/pages\/1658\/revisions\/3269"}],"up":[{"embeddable":true,"href":"https:\/\/www.atelierhm.cz\/cz\/wp-json\/wp\/v2\/pages\/596"}],"wp:attachment":[{"href":"https:\/\/www.atelierhm.cz\/cz\/wp-json\/wp\/v2\/media?parent=1658"}],"curies":[{"name":"wp","href":"https:\/\/api.w.org\/{rel}","templated":true}]}}